{"id":13511,"date":"2023-05-31T18:44:34","date_gmt":"2023-05-31T16:44:34","guid":{"rendered":"https:\/\/lt-laborhandel.de\/produkt\/heidolph-instruments-inkubator-1000-heizmodul-eu-kabel-549-90010-00\/"},"modified":"2026-01-09T21:23:13","modified_gmt":"2026-01-09T20:23:13","slug":"heidolph-instruments-inkubator-1000-heizmodul-eu-kabel-549-90010-00","status":"publish","type":"product","link":"https:\/\/lt-laborhandel.de\/en\/produkt\/heidolph-instruments-inkubator-1000-heizmodul-eu-kabel-549-90010-00\/","title":{"rendered":"Heidolph Instruments, Inkubator 1000 Heizmodul &#8212; EU-Kabel #549-90010-00"},"content":{"rendered":"<p>Inkubator 1000 Heizmodul &#8212; EU-Kabel<\/p>\n<p>Eine gleichm\u00e4\u00dfige und schnelle W\u00e4rmeverteilung ist f\u00fcr herausragende Ergebnisse unumg\u00e4nglich. Mit einer Leistung von 300 Watt sorgt das Heizmodul f\u00fcr schnelle Aufheizzeiten innerhalb des Inkubationssystems. Mit einer Temperatur von 65 \u00b0C k\u00f6nnen auch thermophile Organismen inkubiert werden.<\/p>\n<p>&nbsp;<\/p>\n","protected":false},"excerpt":{"rendered":"<p><b>Zubeh\u00f6r- und Ersatzteile erhalten Sie gerne auf Anfrage!<\/b><\/p>\n","protected":false},"featured_media":13509,"template":"","meta":[],"product_brand":[],"product_cat":[109],"product_tag":[],"class_list":{"0":"post-13511","1":"product","2":"type-product","3":"status-publish","4":"has-post-thumbnail","6":"product_cat-mischerruehrer-und-schuettler","7":"product_shipping_class-standard","9":"first","10":"instock","11":"taxable","12":"shipping-taxable","13":"purchasable","14":"product-type-simple"},"tiered_pricing_type":"fixed","tiered_pricing_fixed_rules":[],"tiered_pricing_product_settings":{"layout":"default","base_unit_name":{"singular":null,"plural":null},"default_variation":null},"tiered_pricing_minimum_quantity":null,"tiered_pricing_roles_data":[],"tiered_pricing_percentage_rules":[],"_links":{"self":[{"href":"https:\/\/lt-laborhandel.de\/en\/wp-json\/wp\/v2\/product\/13511","targetHints":{"allow":["GET"]}}],"collection":[{"href":"https:\/\/lt-laborhandel.de\/en\/wp-json\/wp\/v2\/product"}],"about":[{"href":"https:\/\/lt-laborhandel.de\/en\/wp-json\/wp\/v2\/types\/product"}],"wp:featuredmedia":[{"embeddable":true,"href":"https:\/\/lt-laborhandel.de\/en\/wp-json\/wp\/v2\/media\/13509"}],"wp:attachment":[{"href":"https:\/\/lt-laborhandel.de\/en\/wp-json\/wp\/v2\/media?parent=13511"}],"wp:term":[{"taxonomy":"product_brand","embeddable":true,"href":"https:\/\/lt-laborhandel.de\/en\/wp-json\/wp\/v2\/product_brand?post=13511"},{"taxonomy":"product_cat","embeddable":true,"href":"https:\/\/lt-laborhandel.de\/en\/wp-json\/wp\/v2\/product_cat?post=13511"},{"taxonomy":"product_tag","embeddable":true,"href":"https:\/\/lt-laborhandel.de\/en\/wp-json\/wp\/v2\/product_tag?post=13511"}],"curies":[{"name":"wp","href":"https:\/\/api.w.org\/{rel}","templated":true}]}}