{"id":13508,"date":"2023-05-31T18:44:33","date_gmt":"2023-05-31T16:44:33","guid":{"rendered":"https:\/\/lt-laborhandel.de\/produkt\/heidolph-instruments-multi-reax-eu-kabel-545-10000-00\/"},"modified":"2026-01-09T21:23:13","modified_gmt":"2026-01-09T20:23:13","slug":"heidolph-instruments-multi-reax-eu-kabel-545-10000-00","status":"publish","type":"product","link":"https:\/\/lt-laborhandel.de\/en\/produkt\/heidolph-instruments-multi-reax-eu-kabel-545-10000-00\/","title":{"rendered":"Heidolph Instruments, Multi Reax &#8212; EU-Kabel #545-10000-00"},"content":{"rendered":"<p>Multi Reax &#8212; EU-Kabel<\/p>\n<p><strong>Der Vielf\u00e4ltige mit 3 mm Sch\u00fcttelorbit<\/strong><\/p>\n<p>Ein hoher Probendurchsatz geh\u00f6rt zu den allt\u00e4glichen Herausforderungen, die analytische Labore zu bew\u00e4ltigen haben. Oftmals m\u00fcssen mehrere Analysen gleichzeitig vorbereitet werden. F\u00fcr eine Vereinfachung dieser Prozesse und des allgemeinen Arbeitsablaufs wurde ein Multi-Vortexer entwickelt.<\/p>\n<p>Dieser kann zwischen 12 (\u00d8 = 16\u201332 mm) und 26 (\u00d8 = 10\u201316 mm) Tubes (Falcon Tubes oder Greiner R\u00f6hrchen) aufnehmen. Auch Reaktionsgef\u00e4\u00dfe mit Schnappdeckel (\u201eEppis\u201c oder Eppendorff Cups) finden sicheren Halt. Der 3 mm Sch\u00fcttelorbit sowie eine Drehzahlregelung von 150\u20132.000 U\/min garantieren ausgezeichnete Mischergebnisse.<\/p>\n<p>Der integrierte Timer (bis zu 999 Minuten) erm\u00f6glicht die automatische Beendigung der Sch\u00fcttelfunktion. Nach Ablauf der Zeit wird ein Signalton ausgesendet. So kann man auch bei der gleichzeitigen Erledigung mehrerer Aufgaben sicher sein, Arbeitsabl\u00e4ufe kontinuierlich fortzuf\u00fchren.<\/p>\n","protected":false},"excerpt":{"rendered":"<p><b>Zubeh\u00f6r- und Ersatzteile erhalten Sie gerne auf Anfrage!<\/b><\/p>\n","protected":false},"featured_media":13506,"template":"","meta":[],"product_brand":[],"product_cat":[109],"product_tag":[],"class_list":{"0":"post-13508","1":"product","2":"type-product","3":"status-publish","4":"has-post-thumbnail","6":"product_cat-mischerruehrer-und-schuettler","7":"product_shipping_class-standard","9":"first","10":"instock","11":"taxable","12":"shipping-taxable","13":"purchasable","14":"product-type-simple"},"tiered_pricing_type":"fixed","tiered_pricing_fixed_rules":[],"tiered_pricing_product_settings":{"layout":"default","base_unit_name":{"singular":null,"plural":null},"default_variation":null},"tiered_pricing_minimum_quantity":null,"tiered_pricing_roles_data":[],"tiered_pricing_percentage_rules":[],"_links":{"self":[{"href":"https:\/\/lt-laborhandel.de\/en\/wp-json\/wp\/v2\/product\/13508","targetHints":{"allow":["GET"]}}],"collection":[{"href":"https:\/\/lt-laborhandel.de\/en\/wp-json\/wp\/v2\/product"}],"about":[{"href":"https:\/\/lt-laborhandel.de\/en\/wp-json\/wp\/v2\/types\/product"}],"wp:featuredmedia":[{"embeddable":true,"href":"https:\/\/lt-laborhandel.de\/en\/wp-json\/wp\/v2\/media\/13506"}],"wp:attachment":[{"href":"https:\/\/lt-laborhandel.de\/en\/wp-json\/wp\/v2\/media?parent=13508"}],"wp:term":[{"taxonomy":"product_brand","embeddable":true,"href":"https:\/\/lt-laborhandel.de\/en\/wp-json\/wp\/v2\/product_brand?post=13508"},{"taxonomy":"product_cat","embeddable":true,"href":"https:\/\/lt-laborhandel.de\/en\/wp-json\/wp\/v2\/product_cat?post=13508"},{"taxonomy":"product_tag","embeddable":true,"href":"https:\/\/lt-laborhandel.de\/en\/wp-json\/wp\/v2\/product_tag?post=13508"}],"curies":[{"name":"wp","href":"https:\/\/api.w.org\/{rel}","templated":true}]}}