{"id":13502,"date":"2023-05-31T18:44:30","date_gmt":"2023-05-31T16:44:30","guid":{"rendered":"https:\/\/lt-laborhandel.de\/produkt\/heidolph-instruments-vibramax-100-eu-kabel-544-21200-00\/"},"modified":"2026-01-09T21:23:12","modified_gmt":"2026-01-09T20:23:12","slug":"heidolph-instruments-vibramax-100-eu-kabel-544-21200-00","status":"publish","type":"product","link":"https:\/\/lt-laborhandel.de\/en\/produkt\/heidolph-instruments-vibramax-100-eu-kabel-544-21200-00\/","title":{"rendered":"Heidolph Instruments, Vibramax 100 &#8212; EU-Kabel #544-21200-00"},"content":{"rendered":"<p>Vibramax 100 &#8212; EU-Kabel<\/p>\n<p><strong>Der Kompakte mit einem Belastungsgewicht von 2 kg<\/strong><\/p>\n<p>Durch den 3 mm Orbit und der Drehzahl von 150 \u2013 1.350 U\/min eignet sich dieser kreisf\u00f6rmig vibrierende Sch\u00fcttler hervorragend zum Suspendieren, f\u00fcr L\u00f6slichkeitsstudien und Untersuchungen zum Auslaugen von Materialien.<\/p>\n<p>Der optionale <a href=\"\/de\/produkte\/Zubehor-fur-Vibramax-100-Rotamax-120\/Aufsatz-mit-Spannwalzen~p1893\" target=\"_blank\" rel=\"noopener\">Spannwalzenaufsatz<\/a> bietet die M\u00f6glichkeit zur Verwendung verschiedener Gebindegr\u00f6\u00dfen. In Kombination mit der rutschfesten Gummimatte werden die Gef\u00e4\u00dfe auch bei hohen Umdrehungszahlen sicher gesch\u00fcttelt. Zus\u00e4tzlich ist eine Zeitschaltuhr mit bis zu 120 Minuten integriert, welche nach Ablauf ein akustisches Signal ausl\u00f6st.<\/p>\n<p>&nbsp;<\/p>\n","protected":false},"excerpt":{"rendered":"<p><b>Zubeh\u00f6r- und Ersatzteile erhalten Sie gerne auf Anfrage!<\/b><\/p>\n","protected":false},"featured_media":13500,"template":"","meta":[],"product_brand":[],"product_cat":[109],"product_tag":[],"class_list":{"0":"post-13502","1":"product","2":"type-product","3":"status-publish","4":"has-post-thumbnail","6":"product_cat-mischerruehrer-und-schuettler","7":"product_shipping_class-standard","9":"first","10":"instock","11":"taxable","12":"shipping-taxable","13":"purchasable","14":"product-type-simple"},"tiered_pricing_type":"fixed","tiered_pricing_fixed_rules":[],"tiered_pricing_product_settings":{"layout":"default","base_unit_name":{"singular":null,"plural":null},"default_variation":null},"tiered_pricing_minimum_quantity":null,"tiered_pricing_roles_data":[],"tiered_pricing_percentage_rules":[],"_links":{"self":[{"href":"https:\/\/lt-laborhandel.de\/en\/wp-json\/wp\/v2\/product\/13502","targetHints":{"allow":["GET"]}}],"collection":[{"href":"https:\/\/lt-laborhandel.de\/en\/wp-json\/wp\/v2\/product"}],"about":[{"href":"https:\/\/lt-laborhandel.de\/en\/wp-json\/wp\/v2\/types\/product"}],"wp:featuredmedia":[{"embeddable":true,"href":"https:\/\/lt-laborhandel.de\/en\/wp-json\/wp\/v2\/media\/13500"}],"wp:attachment":[{"href":"https:\/\/lt-laborhandel.de\/en\/wp-json\/wp\/v2\/media?parent=13502"}],"wp:term":[{"taxonomy":"product_brand","embeddable":true,"href":"https:\/\/lt-laborhandel.de\/en\/wp-json\/wp\/v2\/product_brand?post=13502"},{"taxonomy":"product_cat","embeddable":true,"href":"https:\/\/lt-laborhandel.de\/en\/wp-json\/wp\/v2\/product_cat?post=13502"},{"taxonomy":"product_tag","embeddable":true,"href":"https:\/\/lt-laborhandel.de\/en\/wp-json\/wp\/v2\/product_tag?post=13502"}],"curies":[{"name":"wp","href":"https:\/\/api.w.org\/{rel}","templated":true}]}}