{"id":13496,"date":"2023-05-31T18:44:24","date_gmt":"2023-05-31T16:44:24","guid":{"rendered":"https:\/\/lt-laborhandel.de\/produkt\/heidolph-instruments-titramax-1000-eu-kabel-544-12200-00\/"},"modified":"2026-01-09T21:23:12","modified_gmt":"2026-01-09T20:23:12","slug":"heidolph-instruments-titramax-1000-eu-kabel-544-12200-00","status":"publish","type":"product","link":"https:\/\/lt-laborhandel.de\/en\/produkt\/heidolph-instruments-titramax-1000-eu-kabel-544-12200-00\/","title":{"rendered":"Heidolph Instruments, Titramax 1000 &#8212; EU-Kabel #544-12200-00"},"content":{"rendered":"<p>Titramax 1000 &#8212; EU-Kabel<\/p>\n<p><strong>Der Temperierbare<\/strong><\/p>\n<p>Das gr\u00f6\u00dfte Modell der Titramax-Reihe enth\u00e4lt s\u00e4mtliche Eigenschaften des Titramax 100: einen Sch\u00fcttelorbit von 1,5 mm, eine Drehzahl von bis zu<br \/>\n1.350 U\/min sowie eine Timer-Funktion.<\/p>\n<p>Mit einer Aufnahmekapazit\u00e4t von sechs Mikrotiterplatten ist die Bearbeitung einer h\u00f6heren Probenanzahl m\u00f6glich. Durch die M\u00f6glichkeit, den Titramax 1000 in das modulare Inkubationssystem zu integrieren, k\u00f6nnen auch temperierte Prozesse problemlos ausgef\u00fchrt werden.<\/p>\n<p>Auch bei diesem Modell ist die einfache Beladung und Entnahme der Platten durch die Aussparung und Abst\u00e4nde in der Gummimatte bequem durchf\u00fchrbar.<\/p>\n","protected":false},"excerpt":{"rendered":"<p><b>Zubeh\u00f6r- und Ersatzteile erhalten Sie gerne auf Anfrage!<\/b><\/p>\n","protected":false},"featured_media":13494,"template":"","meta":[],"product_brand":[],"product_cat":[109],"product_tag":[],"class_list":{"0":"post-13496","1":"product","2":"type-product","3":"status-publish","4":"has-post-thumbnail","6":"product_cat-mischerruehrer-und-schuettler","7":"product_shipping_class-standard","9":"first","10":"instock","11":"taxable","12":"shipping-taxable","13":"purchasable","14":"product-type-simple"},"tiered_pricing_type":"fixed","tiered_pricing_fixed_rules":[],"tiered_pricing_product_settings":{"layout":"default","base_unit_name":{"singular":null,"plural":null},"default_variation":null},"tiered_pricing_minimum_quantity":null,"tiered_pricing_roles_data":[],"tiered_pricing_percentage_rules":[],"_links":{"self":[{"href":"https:\/\/lt-laborhandel.de\/en\/wp-json\/wp\/v2\/product\/13496","targetHints":{"allow":["GET"]}}],"collection":[{"href":"https:\/\/lt-laborhandel.de\/en\/wp-json\/wp\/v2\/product"}],"about":[{"href":"https:\/\/lt-laborhandel.de\/en\/wp-json\/wp\/v2\/types\/product"}],"wp:featuredmedia":[{"embeddable":true,"href":"https:\/\/lt-laborhandel.de\/en\/wp-json\/wp\/v2\/media\/13494"}],"wp:attachment":[{"href":"https:\/\/lt-laborhandel.de\/en\/wp-json\/wp\/v2\/media?parent=13496"}],"wp:term":[{"taxonomy":"product_brand","embeddable":true,"href":"https:\/\/lt-laborhandel.de\/en\/wp-json\/wp\/v2\/product_brand?post=13496"},{"taxonomy":"product_cat","embeddable":true,"href":"https:\/\/lt-laborhandel.de\/en\/wp-json\/wp\/v2\/product_cat?post=13496"},{"taxonomy":"product_tag","embeddable":true,"href":"https:\/\/lt-laborhandel.de\/en\/wp-json\/wp\/v2\/product_tag?post=13496"}],"curies":[{"name":"wp","href":"https:\/\/api.w.org\/{rel}","templated":true}]}}