{"id":13493,"date":"2023-05-31T18:44:23","date_gmt":"2023-05-31T16:44:23","guid":{"rendered":"https:\/\/lt-laborhandel.de\/produkt\/heidolph-instruments-titramax-101-eu-kabel-544-11300-00\/"},"modified":"2026-01-09T21:23:12","modified_gmt":"2026-01-09T20:23:12","slug":"heidolph-instruments-titramax-101-eu-kabel-544-11300-00","status":"publish","type":"product","link":"https:\/\/lt-laborhandel.de\/en\/produkt\/heidolph-instruments-titramax-101-eu-kabel-544-11300-00\/","title":{"rendered":"Heidolph Instruments, Titramax 101 &#8212; EU-Kabel #544-11300-00"},"content":{"rendered":"<p>Titramax 101 &#8212; EU-Kabel<\/p>\n<p><strong>Der Kraftvolle mit 3 mm Sch\u00fcttelorbit<\/strong><\/p>\n<p>Mit einer Aufnahmef\u00e4higkeit von vier Mikrotiterplatten stellt der Titramax 101 intensive Mischergebnisse sicher. Mit einem 3 mm Orbit eignet sich dieses Modell besonders f\u00fcr Verfahren, in denen Feststoffanteile in den Kavit\u00e4ten verteilt oder gel\u00f6st werden m\u00fcssen.<\/p>\n<p>Die Drehzahleinstellung von 150\u20131.350 U\/min garantiert eine stufenlose Einstellung. Nutzen Sie den eingebundenen Timer mit einer Laufzeit von bis zu 120 Minuten f\u00fcr definierte Prozesse. Der Sch\u00fcttler kann selbstverst\u00e4ndlich auch im Dauerbetrieb verwendet werden.<\/p>\n","protected":false},"excerpt":{"rendered":"<p><b>Zubeh\u00f6r- und Ersatzteile erhalten Sie gerne auf Anfrage!<\/b><\/p>\n","protected":false},"featured_media":13491,"template":"","meta":[],"product_brand":[],"product_cat":[109],"product_tag":[],"class_list":{"0":"post-13493","1":"product","2":"type-product","3":"status-publish","4":"has-post-thumbnail","6":"product_cat-mischerruehrer-und-schuettler","7":"product_shipping_class-standard","9":"first","10":"instock","11":"taxable","12":"shipping-taxable","13":"purchasable","14":"product-type-simple"},"tiered_pricing_type":"fixed","tiered_pricing_fixed_rules":[],"tiered_pricing_product_settings":{"layout":"default","base_unit_name":{"singular":null,"plural":null},"default_variation":null},"tiered_pricing_minimum_quantity":null,"tiered_pricing_roles_data":[],"tiered_pricing_percentage_rules":[],"_links":{"self":[{"href":"https:\/\/lt-laborhandel.de\/en\/wp-json\/wp\/v2\/product\/13493","targetHints":{"allow":["GET"]}}],"collection":[{"href":"https:\/\/lt-laborhandel.de\/en\/wp-json\/wp\/v2\/product"}],"about":[{"href":"https:\/\/lt-laborhandel.de\/en\/wp-json\/wp\/v2\/types\/product"}],"wp:featuredmedia":[{"embeddable":true,"href":"https:\/\/lt-laborhandel.de\/en\/wp-json\/wp\/v2\/media\/13491"}],"wp:attachment":[{"href":"https:\/\/lt-laborhandel.de\/en\/wp-json\/wp\/v2\/media?parent=13493"}],"wp:term":[{"taxonomy":"product_brand","embeddable":true,"href":"https:\/\/lt-laborhandel.de\/en\/wp-json\/wp\/v2\/product_brand?post=13493"},{"taxonomy":"product_cat","embeddable":true,"href":"https:\/\/lt-laborhandel.de\/en\/wp-json\/wp\/v2\/product_cat?post=13493"},{"taxonomy":"product_tag","embeddable":true,"href":"https:\/\/lt-laborhandel.de\/en\/wp-json\/wp\/v2\/product_tag?post=13493"}],"curies":[{"name":"wp","href":"https:\/\/api.w.org\/{rel}","templated":true}]}}