{"id":13487,"date":"2023-05-31T18:44:21","date_gmt":"2023-05-31T16:44:21","guid":{"rendered":"https:\/\/lt-laborhandel.de\/produkt\/heidolph-instruments-polymax-1040-5-neigungswinkel-eu-k-543-42205-00\/"},"modified":"2026-01-09T21:23:11","modified_gmt":"2026-01-09T20:23:11","slug":"heidolph-instruments-polymax-1040-5-neigungswinkel-eu-k-543-42205-00","status":"publish","type":"product","link":"https:\/\/lt-laborhandel.de\/en\/produkt\/heidolph-instruments-polymax-1040-5-neigungswinkel-eu-k-543-42205-00\/","title":{"rendered":"Heidolph Instruments, Polymax 1040 (5\u00b0 Neigungswinkel) &#8212; EU-K #543-42205-00"},"content":{"rendered":"<p>Polymax 1040 (5\u00b0 Neigungswinkel) &#8212; EU-K<\/p>\n<p><strong>Der Temperierbare<\/strong><\/p>\n<p>Das Ger\u00e4t der 1000er-Reihe kann in das Inkubatorsystem integriert werden. Dadurch ist es m\u00f6glich, temperierte Applikationen mit dem Polymax 1040 durchzuf\u00fchren.<\/p>\n<p>Bis zu einem Belastungsgewicht von 5 kg k\u00f6nnen alle erforderlichen Proben auf dem Taumler bewegt werden. Die Geschwindigkeit des Taumlers l\u00e4sst sich von 2\u201350 U\/min einstellen. Das Ger\u00e4t kann per Dauerbetrieb oder mit Timer (max. 120 Minuten) betrieben werden.<\/p>\n","protected":false},"excerpt":{"rendered":"<p><b>Zubeh\u00f6r- und Ersatzteile erhalten Sie gerne auf Anfrage!<\/b><\/p>\n","protected":false},"featured_media":13485,"template":"","meta":[],"product_brand":[],"product_cat":[109],"product_tag":[],"class_list":{"0":"post-13487","1":"product","2":"type-product","3":"status-publish","4":"has-post-thumbnail","6":"product_cat-mischerruehrer-und-schuettler","7":"product_shipping_class-standard","9":"first","10":"instock","11":"taxable","12":"shipping-taxable","13":"purchasable","14":"product-type-simple"},"tiered_pricing_type":"fixed","tiered_pricing_fixed_rules":[],"tiered_pricing_product_settings":{"layout":"default","base_unit_name":{"singular":null,"plural":null},"default_variation":null},"tiered_pricing_minimum_quantity":null,"tiered_pricing_roles_data":[],"tiered_pricing_percentage_rules":[],"_links":{"self":[{"href":"https:\/\/lt-laborhandel.de\/en\/wp-json\/wp\/v2\/product\/13487","targetHints":{"allow":["GET"]}}],"collection":[{"href":"https:\/\/lt-laborhandel.de\/en\/wp-json\/wp\/v2\/product"}],"about":[{"href":"https:\/\/lt-laborhandel.de\/en\/wp-json\/wp\/v2\/types\/product"}],"wp:featuredmedia":[{"embeddable":true,"href":"https:\/\/lt-laborhandel.de\/en\/wp-json\/wp\/v2\/media\/13485"}],"wp:attachment":[{"href":"https:\/\/lt-laborhandel.de\/en\/wp-json\/wp\/v2\/media?parent=13487"}],"wp:term":[{"taxonomy":"product_brand","embeddable":true,"href":"https:\/\/lt-laborhandel.de\/en\/wp-json\/wp\/v2\/product_brand?post=13487"},{"taxonomy":"product_cat","embeddable":true,"href":"https:\/\/lt-laborhandel.de\/en\/wp-json\/wp\/v2\/product_cat?post=13487"},{"taxonomy":"product_tag","embeddable":true,"href":"https:\/\/lt-laborhandel.de\/en\/wp-json\/wp\/v2\/product_tag?post=13487"}],"curies":[{"name":"wp","href":"https:\/\/api.w.org\/{rel}","templated":true}]}}