{"id":13481,"date":"2023-05-31T18:44:18","date_gmt":"2023-05-31T16:44:18","guid":{"rendered":"https:\/\/lt-laborhandel.de\/produkt\/heidolph-instruments-promax-1020-eu-kabel-543-22332-00\/"},"modified":"2026-01-09T21:23:11","modified_gmt":"2026-01-09T20:23:11","slug":"heidolph-instruments-promax-1020-eu-kabel-543-22332-00","status":"publish","type":"product","link":"https:\/\/lt-laborhandel.de\/en\/produkt\/heidolph-instruments-promax-1020-eu-kabel-543-22332-00\/","title":{"rendered":"Heidolph Instruments, Promax 1020 &#8212; EU-Kabel #543-22332-00"},"content":{"rendered":"<p>Promax 1020 &#8212; EU-Kabel<\/p>\n<p><strong>Der Temperierbare mit einem Belastungsgewicht von 5 kg<\/strong><\/p>\n<p>Der Reziproksch\u00fcttler der 1000er Reihe l\u00e4sst sich problemlos in das modulare <a href=\"https:\/\/heidolph-instruments.com\/de\/produkte\/Inkubator-1000~c1307\" target=\"_blank\" rel=\"noopener nofollow\">Inkubatorsystem<\/a> integrieren. Dadurch ist es m\u00f6glich, temperierte Anwendungen erfolgreich durchzuf\u00fchren. Auch die Reinigung von Proteinen bei 4 \u00b0C ist mit dem Promax 1020 durchf\u00fchrbar. Mit einer Nutzfl\u00e4che von 290 x 258 mm finden die verwendeten Gef\u00e4\u00dfe gen\u00fcgend Platz.<\/p>\n<p>Mit einem Hubweg von 32 mm und bei einer Drehzahl von 30 \u2013 250 U\/min ist eine ordentliche Separation der Proben garantiert. Die integrierte Timerfunktion erm\u00f6glicht den unbeaufsichtigten Betrieb, sodass Sie sich unbesorgt anderen Aufgaben widmen k\u00f6nnen. Das akustische Signal nach Ablaufen der eingestellten Zeit signalisiert das Beenden des Sch\u00fcttelvorgangs.<\/p>\n<p>Erg\u00e4nzt mit der passenden <a href=\"https:\/\/heidolph-instruments.com\/de\/produkte\/Zubehor-fur-Unimax-1010-Duomax-1030-Polymax-1040-Promax-1020\/Halterung-fur-Scheidetrichter~p1907\" target=\"_blank\" rel=\"noopener nofollow\">Halterung f\u00fcr Scheidetrichter<\/a> k\u00f6nnen auf dem Promax 1020 maximal vier St\u00fcck zwischen 50 und 100 ml sicher fixiert werden.<\/p>\n<p>&nbsp;<\/p>\n","protected":false},"excerpt":{"rendered":"<p><b>Zubeh\u00f6r- und Ersatzteile erhalten Sie gerne auf Anfrage!<\/b><\/p>\n","protected":false},"featured_media":13479,"template":"","meta":[],"product_brand":[],"product_cat":[109],"product_tag":[],"class_list":{"0":"post-13481","1":"product","2":"type-product","3":"status-publish","4":"has-post-thumbnail","6":"product_cat-mischerruehrer-und-schuettler","7":"product_shipping_class-standard","9":"first","10":"instock","11":"taxable","12":"shipping-taxable","13":"purchasable","14":"product-type-simple"},"tiered_pricing_type":"fixed","tiered_pricing_fixed_rules":[],"tiered_pricing_product_settings":{"layout":"default","base_unit_name":{"singular":null,"plural":null},"default_variation":null},"tiered_pricing_minimum_quantity":null,"tiered_pricing_roles_data":[],"tiered_pricing_percentage_rules":[],"_links":{"self":[{"href":"https:\/\/lt-laborhandel.de\/en\/wp-json\/wp\/v2\/product\/13481","targetHints":{"allow":["GET"]}}],"collection":[{"href":"https:\/\/lt-laborhandel.de\/en\/wp-json\/wp\/v2\/product"}],"about":[{"href":"https:\/\/lt-laborhandel.de\/en\/wp-json\/wp\/v2\/types\/product"}],"wp:featuredmedia":[{"embeddable":true,"href":"https:\/\/lt-laborhandel.de\/en\/wp-json\/wp\/v2\/media\/13479"}],"wp:attachment":[{"href":"https:\/\/lt-laborhandel.de\/en\/wp-json\/wp\/v2\/media?parent=13481"}],"wp:term":[{"taxonomy":"product_brand","embeddable":true,"href":"https:\/\/lt-laborhandel.de\/en\/wp-json\/wp\/v2\/product_brand?post=13481"},{"taxonomy":"product_cat","embeddable":true,"href":"https:\/\/lt-laborhandel.de\/en\/wp-json\/wp\/v2\/product_cat?post=13481"},{"taxonomy":"product_tag","embeddable":true,"href":"https:\/\/lt-laborhandel.de\/en\/wp-json\/wp\/v2\/product_tag?post=13481"}],"curies":[{"name":"wp","href":"https:\/\/api.w.org\/{rel}","templated":true}]}}