{"id":13469,"date":"2023-05-31T18:44:13","date_gmt":"2023-05-31T16:44:13","guid":{"rendered":"https:\/\/lt-laborhandel.de\/produkt\/heidolph-instruments-reax-2-inkl-universaladapter-eu-kabe-541-21009-00\/"},"modified":"2026-01-09T21:23:11","modified_gmt":"2026-01-09T20:23:11","slug":"heidolph-instruments-reax-2-inkl-universaladapter-eu-kabe-541-21009-00","status":"publish","type":"product","link":"https:\/\/lt-laborhandel.de\/en\/produkt\/heidolph-instruments-reax-2-inkl-universaladapter-eu-kabe-541-21009-00\/","title":{"rendered":"Heidolph Instruments, Reax 2 inkl. Universaladapter &#8212; EU-Kabe #541-21009-00"},"content":{"rendered":"<p>Reax 2 inkl. Universaladapter &#8212; EU-Kabe<\/p>\n<ul>\n<li>\u00dcberkopfsch\u00fcttler mit Schnellspanntechnik f\u00fcr 2 Gef\u00e4\u00dfe f\u00fcr unterschiedliche Anwendungen und ein Belastungsgewicht von 1 kg<\/li>\n<li>Die Geschwindigkeit l\u00e4sst sich von 20 bis 100 U\/min individuell und stufenlos einstellen<\/li>\n<li>Ein Universaladapter f\u00fcr die Verwendung verschlossener Gef\u00e4\u00dfe mit 50 \u2013 160 mm H\u00f6he ist f\u00fcr Sie im Lieferumfang enthalten<\/li>\n<li>W\u00e4hlen Sie den optionalen Adapter zum Mischen von bis zu 20 Reagenzgl\u00e4sern gleichzeitig als Zubeh\u00f6r<\/li>\n<\/ul>\n","protected":false},"excerpt":{"rendered":"<p><b>Zubeh\u00f6r- und Ersatzteile erhalten Sie gerne auf Anfrage!<\/b><\/p>\n","protected":false},"featured_media":13467,"template":"","meta":[],"product_brand":[],"product_cat":[109],"product_tag":[],"class_list":{"0":"post-13469","1":"product","2":"type-product","3":"status-publish","4":"has-post-thumbnail","6":"product_cat-mischerruehrer-und-schuettler","7":"product_shipping_class-standard","9":"first","10":"instock","11":"taxable","12":"shipping-taxable","13":"purchasable","14":"product-type-simple"},"tiered_pricing_type":"fixed","tiered_pricing_fixed_rules":[],"tiered_pricing_product_settings":{"layout":"default","base_unit_name":{"singular":null,"plural":null},"default_variation":null},"tiered_pricing_minimum_quantity":null,"tiered_pricing_roles_data":[],"tiered_pricing_percentage_rules":[],"_links":{"self":[{"href":"https:\/\/lt-laborhandel.de\/en\/wp-json\/wp\/v2\/product\/13469","targetHints":{"allow":["GET"]}}],"collection":[{"href":"https:\/\/lt-laborhandel.de\/en\/wp-json\/wp\/v2\/product"}],"about":[{"href":"https:\/\/lt-laborhandel.de\/en\/wp-json\/wp\/v2\/types\/product"}],"wp:featuredmedia":[{"embeddable":true,"href":"https:\/\/lt-laborhandel.de\/en\/wp-json\/wp\/v2\/media\/13467"}],"wp:attachment":[{"href":"https:\/\/lt-laborhandel.de\/en\/wp-json\/wp\/v2\/media?parent=13469"}],"wp:term":[{"taxonomy":"product_brand","embeddable":true,"href":"https:\/\/lt-laborhandel.de\/en\/wp-json\/wp\/v2\/product_brand?post=13469"},{"taxonomy":"product_cat","embeddable":true,"href":"https:\/\/lt-laborhandel.de\/en\/wp-json\/wp\/v2\/product_cat?post=13469"},{"taxonomy":"product_tag","embeddable":true,"href":"https:\/\/lt-laborhandel.de\/en\/wp-json\/wp\/v2\/product_tag?post=13469"}],"curies":[{"name":"wp","href":"https:\/\/api.w.org\/{rel}","templated":true}]}}