{"id":13466,"date":"2023-05-31T18:44:12","date_gmt":"2023-05-31T16:44:12","guid":{"rendered":"https:\/\/lt-laborhandel.de\/produkt\/heidolph-instruments-reax-2-eu-kabel-541-21001-00\/"},"modified":"2026-01-09T21:23:11","modified_gmt":"2026-01-09T20:23:11","slug":"heidolph-instruments-reax-2-eu-kabel-541-21001-00","status":"publish","type":"product","link":"https:\/\/lt-laborhandel.de\/en\/produkt\/heidolph-instruments-reax-2-eu-kabel-541-21001-00\/","title":{"rendered":"Heidolph Instruments, Reax 2 &#8212; EU-Kabel #541-21001-00"},"content":{"rendered":"<p>Reax 2 &#8212; EU-Kabel<\/p>\n<p><strong>Der Kompakte f\u00fcr kleine Volumina<\/strong><\/p>\n<p>Der Reax 2 mit dem optionalen Adapter f\u00fcr Reagenzgl\u00e4ser ist zum gleichzeitigen Mischen von bis zu 20 Gef\u00e4\u00dfen mit Durchmessern von 10\u201318 mm ausgelegt. Dies entspricht dem Umfang von klassischen Reagenzgl\u00e4sern oder 15-ml-Falcon-Tubes. Alternativ k\u00f6nnen Sie Ihr komplettes Rack in den Universaladapter (Breite: 230 mm, H\u00f6he min.\/max.: 45 mm\/160 mm) des \u00dcberkopfsch\u00fcttlers einspannen.<\/p>\n<p>Mit einem soliden Metallrahmen versehen, steht seine Konstruktion f\u00fcr \u00e4u\u00dferste Belastbar- und Zuverl\u00e4ssigkeit. Sie garantiert Sicherheit auch bei unbeaufsichtigtem Dauerbetrieb.<\/p>\n","protected":false},"excerpt":{"rendered":"<p><b>Zubeh\u00f6r- und Ersatzteile erhalten Sie gerne auf Anfrage!<\/b><\/p>\n","protected":false},"featured_media":13464,"template":"","meta":[],"product_brand":[],"product_cat":[109],"product_tag":[],"class_list":{"0":"post-13466","1":"product","2":"type-product","3":"status-publish","4":"has-post-thumbnail","6":"product_cat-mischerruehrer-und-schuettler","7":"product_shipping_class-standard","9":"first","10":"instock","11":"taxable","12":"shipping-taxable","13":"purchasable","14":"product-type-simple"},"tiered_pricing_type":"fixed","tiered_pricing_fixed_rules":[],"tiered_pricing_product_settings":{"layout":"default","base_unit_name":{"singular":null,"plural":null},"default_variation":null},"tiered_pricing_minimum_quantity":null,"tiered_pricing_roles_data":[],"tiered_pricing_percentage_rules":[],"_links":{"self":[{"href":"https:\/\/lt-laborhandel.de\/en\/wp-json\/wp\/v2\/product\/13466","targetHints":{"allow":["GET"]}}],"collection":[{"href":"https:\/\/lt-laborhandel.de\/en\/wp-json\/wp\/v2\/product"}],"about":[{"href":"https:\/\/lt-laborhandel.de\/en\/wp-json\/wp\/v2\/types\/product"}],"wp:featuredmedia":[{"embeddable":true,"href":"https:\/\/lt-laborhandel.de\/en\/wp-json\/wp\/v2\/media\/13464"}],"wp:attachment":[{"href":"https:\/\/lt-laborhandel.de\/en\/wp-json\/wp\/v2\/media?parent=13466"}],"wp:term":[{"taxonomy":"product_brand","embeddable":true,"href":"https:\/\/lt-laborhandel.de\/en\/wp-json\/wp\/v2\/product_brand?post=13466"},{"taxonomy":"product_cat","embeddable":true,"href":"https:\/\/lt-laborhandel.de\/en\/wp-json\/wp\/v2\/product_cat?post=13466"},{"taxonomy":"product_tag","embeddable":true,"href":"https:\/\/lt-laborhandel.de\/en\/wp-json\/wp\/v2\/product_tag?post=13466"}],"curies":[{"name":"wp","href":"https:\/\/api.w.org\/{rel}","templated":true}]}}