{"id":13461,"date":"2023-05-31T18:44:10","date_gmt":"2023-05-31T16:44:10","guid":{"rendered":"https:\/\/lt-laborhandel.de\/produkt\/heidolph-instruments-reax-20-8-eu-kabel-541-20008-00\/"},"modified":"2026-01-09T21:23:09","modified_gmt":"2026-01-09T20:23:09","slug":"heidolph-instruments-reax-20-8-eu-kabel-541-20008-00","status":"publish","type":"product","link":"https:\/\/lt-laborhandel.de\/en\/produkt\/heidolph-instruments-reax-20-8-eu-kabel-541-20008-00\/","title":{"rendered":"Heidolph Instruments, Reax 20 \/ 8 &#8212; EU-Kabel #541-20008-00"},"content":{"rendered":"<p>Reax 20 \/ 8 &#8212; EU-Kabel<\/p>\n<p><strong>Der Belastbare mit einer Aufnahmekapazit\u00e4t von bis zu 8 Flaschen <\/strong>(Abbildung \u00e4hnlich)<\/p>\n<p>Der Reax 20 ist ein optimaler Sch\u00fcttler f\u00fcr die Verarbeitung und Lagerung von Proben, die zur Sedimentation neigen. Die Anwendungsgebiete reichen von der Umwelttechnik, \u00fcber die Lackverarbeitung bis zur Qualit\u00e4tssicherung in der Werkstoffindustrie.<\/p>\n<p>Das maximal zul\u00e4ssige Aufnahmegewicht ist 30 kg, sodass auch Proben mit einem hohen Feststoffanteil ordentlich durchmischt werden. Da sich bei diesem Ger\u00e4t gro\u00dfe Kr\u00e4fte in Bewegung setzen, ist es zur Ihrer Sicherheit mit einem Not-Aus-Schalter versehen.<\/p>\n<p>Dieser \u00dcberkopfsch\u00fcttler kann entweder mit einer Aufnahmekapazit\u00e4t f\u00fcr <a href=\"\/de\/produkte\/Schuttel-Mischgerate\/Reax-20-fur-4-Flaschen-1-16-U\/min~p1867\">4<\/a>, <a href=\"\/de\/produkte\/Schuttel-Mischgerate\/Reax-20-fur-4-Flaschen-1-16-U\/Reax 20 - f\u00fcr 8 Flaschen (1-16 U\/min)~p1871\">8<\/a> oder <a href=\"\/de\/produkte\/Schuttel-Mischgerate\/Reax-20-fur-4-Flaschen-1-16-U\/Reax 20 - f\u00fcr 8 Flaschen (1-16 U\/Reax 20 - f\u00fcr 12 Flaschen (1-16 U\/min)~p1872\">12<\/a> Flaschen bestellt werden. Auch f\u00fcr Mischzylinder oder Weithalsflaschen geeignet.<\/p>\n<p>&nbsp;<\/p>\n","protected":false},"excerpt":{"rendered":"<p><b>Zubeh\u00f6r- und Ersatzteile erhalten Sie gerne auf Anfrage!<\/b><\/p>\n","protected":false},"featured_media":13458,"template":"","meta":[],"product_brand":[],"product_cat":[109],"product_tag":[],"class_list":{"0":"post-13461","1":"product","2":"type-product","3":"status-publish","4":"has-post-thumbnail","6":"product_cat-mischerruehrer-und-schuettler","7":"product_shipping_class-standard","9":"first","10":"instock","11":"taxable","12":"shipping-taxable","13":"purchasable","14":"product-type-simple"},"tiered_pricing_type":"fixed","tiered_pricing_fixed_rules":[],"tiered_pricing_product_settings":{"layout":"default","base_unit_name":{"singular":null,"plural":null},"default_variation":null},"tiered_pricing_minimum_quantity":null,"tiered_pricing_roles_data":[],"tiered_pricing_percentage_rules":[],"_links":{"self":[{"href":"https:\/\/lt-laborhandel.de\/en\/wp-json\/wp\/v2\/product\/13461","targetHints":{"allow":["GET"]}}],"collection":[{"href":"https:\/\/lt-laborhandel.de\/en\/wp-json\/wp\/v2\/product"}],"about":[{"href":"https:\/\/lt-laborhandel.de\/en\/wp-json\/wp\/v2\/types\/product"}],"wp:featuredmedia":[{"embeddable":true,"href":"https:\/\/lt-laborhandel.de\/en\/wp-json\/wp\/v2\/media\/13458"}],"wp:attachment":[{"href":"https:\/\/lt-laborhandel.de\/en\/wp-json\/wp\/v2\/media?parent=13461"}],"wp:term":[{"taxonomy":"product_brand","embeddable":true,"href":"https:\/\/lt-laborhandel.de\/en\/wp-json\/wp\/v2\/product_brand?post=13461"},{"taxonomy":"product_cat","embeddable":true,"href":"https:\/\/lt-laborhandel.de\/en\/wp-json\/wp\/v2\/product_cat?post=13461"},{"taxonomy":"product_tag","embeddable":true,"href":"https:\/\/lt-laborhandel.de\/en\/wp-json\/wp\/v2\/product_tag?post=13461"}],"curies":[{"name":"wp","href":"https:\/\/api.w.org\/{rel}","templated":true}]}}