{"id":13457,"date":"2023-05-31T18:44:08","date_gmt":"2023-05-31T16:44:08","guid":{"rendered":"https:\/\/lt-laborhandel.de\/produkt\/heidolph-instruments-reax-control-mit-kleinem-aufnahmeteller-541-11000-00\/"},"modified":"2026-01-09T21:23:09","modified_gmt":"2026-01-09T20:23:09","slug":"heidolph-instruments-reax-control-mit-kleinem-aufnahmeteller-541-11000-00","status":"publish","type":"product","link":"https:\/\/lt-laborhandel.de\/en\/produkt\/heidolph-instruments-reax-control-mit-kleinem-aufnahmeteller-541-11000-00\/","title":{"rendered":"Heidolph Instruments, Reax control mit kleinem Aufnahmeteller #541-11000-00"},"content":{"rendered":"<p>Reax control mit kleinem Aufnahmeteller <\/p>\n<p><strong>Der Pr\u00e4zise mit Drehzahlskalierung<\/strong><\/p>\n<p>Alle herausragenden Merkmale des \u201ekleinen Bruders\u201c des Reax Top findet man in diesem Modell wieder: eine Drehzahlgeschwindigkeit von bis zu 2.500 U\/min und ein Sch\u00fcttelorbit von 5 mm.<\/p>\n<p>Durch die elektronische Drehzahlregelung und Skalierung der Geschwindigkeitsanzeige sind pr\u00e4zise Einstellungen m\u00f6glich. Anwendungen, die eine bestimmte Drehzahl erfordern, werden somit sanfter gesch\u00fcttelt. Scherkraft-sensible Organismen bleiben durch die im niedrigen Bereich konstante Geschwindigkeit besonders gesch\u00fctzt.<\/p>\n","protected":false},"excerpt":{"rendered":"<p><b>Zubeh\u00f6r- und Ersatzteile erhalten Sie gerne auf Anfrage!<\/b><\/p>\n","protected":false},"featured_media":13455,"template":"","meta":[],"product_brand":[],"product_cat":[109],"product_tag":[],"class_list":{"0":"post-13457","1":"product","2":"type-product","3":"status-publish","4":"has-post-thumbnail","6":"product_cat-mischerruehrer-und-schuettler","7":"product_shipping_class-standard","9":"first","10":"instock","11":"taxable","12":"shipping-taxable","13":"purchasable","14":"product-type-simple"},"tiered_pricing_type":"fixed","tiered_pricing_fixed_rules":[],"tiered_pricing_product_settings":{"layout":"default","base_unit_name":{"singular":null,"plural":null},"default_variation":null},"tiered_pricing_minimum_quantity":null,"tiered_pricing_roles_data":[],"tiered_pricing_percentage_rules":[],"_links":{"self":[{"href":"https:\/\/lt-laborhandel.de\/en\/wp-json\/wp\/v2\/product\/13457","targetHints":{"allow":["GET"]}}],"collection":[{"href":"https:\/\/lt-laborhandel.de\/en\/wp-json\/wp\/v2\/product"}],"about":[{"href":"https:\/\/lt-laborhandel.de\/en\/wp-json\/wp\/v2\/types\/product"}],"wp:featuredmedia":[{"embeddable":true,"href":"https:\/\/lt-laborhandel.de\/en\/wp-json\/wp\/v2\/media\/13455"}],"wp:attachment":[{"href":"https:\/\/lt-laborhandel.de\/en\/wp-json\/wp\/v2\/media?parent=13457"}],"wp:term":[{"taxonomy":"product_brand","embeddable":true,"href":"https:\/\/lt-laborhandel.de\/en\/wp-json\/wp\/v2\/product_brand?post=13457"},{"taxonomy":"product_cat","embeddable":true,"href":"https:\/\/lt-laborhandel.de\/en\/wp-json\/wp\/v2\/product_cat?post=13457"},{"taxonomy":"product_tag","embeddable":true,"href":"https:\/\/lt-laborhandel.de\/en\/wp-json\/wp\/v2\/product_tag?post=13457"}],"curies":[{"name":"wp","href":"https:\/\/api.w.org\/{rel}","templated":true}]}}