{"id":13454,"date":"2023-05-31T18:44:07","date_gmt":"2023-05-31T16:44:07","guid":{"rendered":"https:\/\/lt-laborhandel.de\/produkt\/heidolph-instruments-reax-top-mit-kleinem-aufnahmeteller-5-541-10000-00\/"},"modified":"2026-01-09T21:23:09","modified_gmt":"2026-01-09T20:23:09","slug":"heidolph-instruments-reax-top-mit-kleinem-aufnahmeteller-5-541-10000-00","status":"publish","type":"product","link":"https:\/\/lt-laborhandel.de\/en\/produkt\/heidolph-instruments-reax-top-mit-kleinem-aufnahmeteller-5-541-10000-00\/","title":{"rendered":"Heidolph Instruments, Reax top mit kleinem Aufnahmeteller, 50Hz, 541-10000-00"},"content":{"rendered":"<div id=\"artbes\">\n<div id=\"short_artbes\">\n<p class=\"\" data-start=\"154\" data-end=\"202\"><strong data-start=\"154\" data-end=\"202\">Der bew\u00e4hrte Allrounder mit 5 mm Sch\u00fcttelorbit<\/strong><\/p>\n<p class=\"\" data-start=\"204\" data-end=\"417\">Ideal f\u00fcr grundlegende Mischprozesse: Bei kurzen Anwendungen l\u00e4sst sich die Sch\u00fcttelfunktion durch leichten Druck auf die Auflagefl\u00e4che aktivieren \u2013 perfekt zum schnellen Vermengen von Fl\u00fcssigkeiten oder L\u00f6sungen.<\/p>\n<p class=\"\" data-start=\"419\" data-end=\"753\">Im Dauerbetrieb entfaltet das Ger\u00e4t seine St\u00e4rke beim schonenden, aber effektiven Aufl\u00f6sen fester Bestandteile wie Zellpellets. Mit einer maximalen Drehzahl von 3.200 U\/min und einem Orbit von 5 mm sorgt es f\u00fcr eine gleichm\u00e4\u00dfige Verteilung fester Stoffe und erm\u00f6glicht eine effiziente Homogenisierung auch bei z\u00e4hfl\u00fcssigen Substanzen.<\/p>\n<p>Technische Daten:<\/p>\n<ul>\n<li>Produkttyp: Reax top<\/li>\n<li>Minimale Drehzahl: 0 min-1<\/li>\n<li>Maximale Drehzahl: 2500 min-1<\/li>\n<li>Nettogewicht: 3,02 kg<\/li>\n<\/ul>\n<\/div>\n<\/div>\n","protected":false},"excerpt":{"rendered":"<p><b>Zubeh\u00f6r- und Ersatzteile erhalten Sie gerne auf Anfrage!<\/b><\/p>\n","protected":false},"featured_media":13452,"template":"","meta":[],"product_brand":[],"product_cat":[109],"product_tag":[],"class_list":{"0":"post-13454","1":"product","2":"type-product","3":"status-publish","4":"has-post-thumbnail","6":"product_cat-mischerruehrer-und-schuettler","7":"product_shipping_class-standard","9":"first","10":"instock","11":"taxable","12":"shipping-taxable","13":"purchasable","14":"product-type-simple"},"tiered_pricing_type":"fixed","tiered_pricing_fixed_rules":[],"tiered_pricing_product_settings":{"layout":"default","base_unit_name":{"singular":null,"plural":null},"default_variation":null},"tiered_pricing_minimum_quantity":null,"tiered_pricing_roles_data":[],"tiered_pricing_percentage_rules":[],"_links":{"self":[{"href":"https:\/\/lt-laborhandel.de\/en\/wp-json\/wp\/v2\/product\/13454","targetHints":{"allow":["GET"]}}],"collection":[{"href":"https:\/\/lt-laborhandel.de\/en\/wp-json\/wp\/v2\/product"}],"about":[{"href":"https:\/\/lt-laborhandel.de\/en\/wp-json\/wp\/v2\/types\/product"}],"wp:featuredmedia":[{"embeddable":true,"href":"https:\/\/lt-laborhandel.de\/en\/wp-json\/wp\/v2\/media\/13452"}],"wp:attachment":[{"href":"https:\/\/lt-laborhandel.de\/en\/wp-json\/wp\/v2\/media?parent=13454"}],"wp:term":[{"taxonomy":"product_brand","embeddable":true,"href":"https:\/\/lt-laborhandel.de\/en\/wp-json\/wp\/v2\/product_brand?post=13454"},{"taxonomy":"product_cat","embeddable":true,"href":"https:\/\/lt-laborhandel.de\/en\/wp-json\/wp\/v2\/product_cat?post=13454"},{"taxonomy":"product_tag","embeddable":true,"href":"https:\/\/lt-laborhandel.de\/en\/wp-json\/wp\/v2\/product_tag?post=13454"}],"curies":[{"name":"wp","href":"https:\/\/api.w.org\/{rel}","templated":true}]}}