{"id":13339,"date":"2023-05-31T18:43:16","date_gmt":"2023-05-31T16:43:16","guid":{"rendered":"https:\/\/lt-laborhandel.de\/produkt\/heidolph-instruments-hei-plate-mix-20lo145-eu-kabel-506-54100-00\/"},"modified":"2026-01-12T11:34:15","modified_gmt":"2026-01-12T10:34:15","slug":"heidolph-instruments-hei-plate-mix-20lo145-eu-kabel-506-54100-00","status":"publish","type":"product","link":"https:\/\/lt-laborhandel.de\/en\/produkt\/heidolph-instruments-hei-plate-mix-20lo145-eu-kabel-506-54100-00\/","title":{"rendered":"Heidolph Instruments, Hei-PLATE Mix 20l\u00d8145 &#8212; EU-Kabel #506-54100-00"},"content":{"rendered":"<p>Hei-PLATE Mix 20l\u00d8145 &#8212; EU-Kabel<\/p>\n<p><strong>R\u00fchren bis 20 Liter ohne Heizen<\/strong><\/p>\n<p>Basierend auf unserer bew\u00e4hrten Magnetr\u00fchrer-Serie mit Heizfunktion wurde der Hei-PLATE Mix 20 l speziell f\u00fcr Applikationen mit thermolabilen Substanzen entwickelt. Denn dieses Modell besitzt keine Heizung, und auch die W\u00e4rme des Motors wird nicht auf die Aufstellfl\u00e4che \u00fcbertragen.<\/p>\n<p>Der Hei-PLATE Mix 20 l Magnetr\u00fchrer ohne Heizfunktion ist ideal f\u00fcr Anwendungen bis 20 Liter geeignet und kann Ihre L\u00f6sung in einem Drehzahlbereich von 100 \u2013 1.400 U\/min schonend r\u00fchren. Zus\u00e4tzlich wird die Drehzahl durch einen Sanftanlauf behutsam an den gew\u00fcnschten Wert herangef\u00fchrt. So werden Spritzer, ein ungleichm\u00e4\u00dfiger Anlauf oder gar das Springen des R\u00fchrst\u00e4bchens vermieden.<\/p>\n<p>Die patentierte Kera-Disk\u00ae Aufstellfl\u00e4che aus Aluminium mit Keramikbeschichtung ist chemikalienbest\u00e4ndig, kratzfest und besitzt einen Durchmesser von 145 mm. Mit dieser einzigartigen Gr\u00f6\u00dfe eignet sie sich f\u00fcr den Einsatz von vielen Zubeh\u00f6rteilen und Proben auf einem kleinen Footprint.<\/p>\n","protected":false},"excerpt":{"rendered":"<p><b>Zubeh\u00f6r- und Ersatzteile erhalten Sie gerne auf Anfrage!<\/b><\/p>\n","protected":false},"featured_media":13337,"template":"","meta":[],"product_brand":[],"product_cat":[109],"product_tag":[],"class_list":{"0":"post-13339","1":"product","2":"type-product","3":"status-publish","4":"has-post-thumbnail","6":"product_cat-mischerruehrer-und-schuettler","7":"product_shipping_class-standard","9":"first","10":"instock","11":"taxable","12":"shipping-taxable","13":"purchasable","14":"product-type-simple"},"tiered_pricing_type":"fixed","tiered_pricing_fixed_rules":[],"tiered_pricing_product_settings":{"layout":"default","base_unit_name":{"singular":null,"plural":null},"default_variation":null},"tiered_pricing_minimum_quantity":null,"tiered_pricing_roles_data":[],"tiered_pricing_percentage_rules":[],"_links":{"self":[{"href":"https:\/\/lt-laborhandel.de\/en\/wp-json\/wp\/v2\/product\/13339","targetHints":{"allow":["GET"]}}],"collection":[{"href":"https:\/\/lt-laborhandel.de\/en\/wp-json\/wp\/v2\/product"}],"about":[{"href":"https:\/\/lt-laborhandel.de\/en\/wp-json\/wp\/v2\/types\/product"}],"wp:featuredmedia":[{"embeddable":true,"href":"https:\/\/lt-laborhandel.de\/en\/wp-json\/wp\/v2\/media\/13337"}],"wp:attachment":[{"href":"https:\/\/lt-laborhandel.de\/en\/wp-json\/wp\/v2\/media?parent=13339"}],"wp:term":[{"taxonomy":"product_brand","embeddable":true,"href":"https:\/\/lt-laborhandel.de\/en\/wp-json\/wp\/v2\/product_brand?post=13339"},{"taxonomy":"product_cat","embeddable":true,"href":"https:\/\/lt-laborhandel.de\/en\/wp-json\/wp\/v2\/product_cat?post=13339"},{"taxonomy":"product_tag","embeddable":true,"href":"https:\/\/lt-laborhandel.de\/en\/wp-json\/wp\/v2\/product_tag?post=13339"}],"curies":[{"name":"wp","href":"https:\/\/api.w.org\/{rel}","templated":true}]}}