{"id":13336,"date":"2023-05-31T18:43:15","date_gmt":"2023-05-31T16:43:15","guid":{"rendered":"https:\/\/lt-laborhandel.de\/produkt\/heidolph-instruments-hei-plate-mixnheat-coreo135-eu-kab-506-22100-00\/"},"modified":"2026-01-09T21:23:06","modified_gmt":"2026-01-09T20:23:06","slug":"heidolph-instruments-hei-plate-mixnheat-coreo135-eu-kab-506-22100-00","status":"publish","type":"product","link":"https:\/\/lt-laborhandel.de\/en\/produkt\/heidolph-instruments-hei-plate-mixnheat-coreo135-eu-kab-506-22100-00\/","title":{"rendered":"Heidolph Instruments, Hei-PLATE Mix&#8217;n&#8217;Heat Core+\u00d8135 &#8212; EU-Kab #506-22100-00"},"content":{"rendered":"<p>Hei-PLATE Mix&#8217;n&#8217;Heat Core+\u00d8135 &#8212; EU-Kab<\/p>\n<p><strong>R\u00fchren und Heizen mit Pt1000 &#8211; Simpel und pr\u00e4zise<\/strong><\/p>\n<p>Hei-PLATE Mix &#8216;n&#8217; Heat Core+ ist der Klassiker unter den Magnetr\u00fchrern. Er versetzt Anwender in die Lage, schonend bis 1.400 U\/min zu r\u00fchren und auch \u2013 mit hohem Pr\u00e4zisionsgrad \u2013 bis zu einer Temperatur von 300 \u00b0C zu heizen. Zus\u00e4tzlich \u00fcberzeugt er mit seiner robusten Konstruktion und seinen ausgereiften Funktionalit\u00e4ten wie z. B. seiner Tasten- und Knopfbeleuchtung, die jederzeit Auskunft \u00fcber aktive Funktionen gibt. Die dynamischen Drehregler reagieren auf die Drehgeschwindigkeit &#8211; langsam f\u00fcr pr\u00e4zises Einstellen, oder schnell f\u00fcr gr\u00f6\u00dfere Spr\u00fcnge. Die Sperrfunktion sch\u00fctzt vor versehentlichem Verstellen der Werte. Eben das bedeutet: \u201eResearch made easy!\u201c<\/p>\n<p>Dieser Magnetr\u00fchrer ist mit den wichtigsten Sicherheitsfeatures ausgestattet. Der gro\u00dfe Sicherheitsabstand zwischen Heizplatte und Bedienpanel, sowie die optische Restw\u00e4rmewarnung bei Temperaturen &gt; 50 \u00b0C sch\u00fctzen vor Verbrennungen. Eine Tragehilfe an der Unterseite sorgt f\u00fcr sicheres Transportieren.<\/p>\n<p>Die patentierte Kera-Disk<sup>\u00ae<\/sup> Aufstellfl\u00e4che aus eloxiertem Aluminium ist chemikalienbest\u00e4ndig, kratzfest und besitzt einen Durchmesser von 135 mm (auf Anfrage auch mit 145 mm verf\u00fcgbar). Somit Mit dieser einzigartigen Gr\u00f6\u00dfe eignet sie sich f\u00fcr den Einsatz von vielen Zubeh\u00f6rteilen und Proben auf einem kleinen Footprint. Das verwendete Material erm\u00f6glicht au\u00dferdem schnellste Aufheizzeiten.<\/p>\n<p>F\u00fcr das gradgenaue Einstellen Ihrer Wunschtemperatur bietet der Magnetr\u00fchrer Hei-PLATE Mix &#8216;n&#8217; Heat Core+ Ihnen eine digitale Anzeige. Die pr\u00e4zise Temperaturregelung ohne \u00dcberschwinger erfolgt \u00fcber zwei ausw\u00e4hlbare Heizmodi (FAST\/PRECISE) und den optionalen externen Temperaturf\u00fchler Pt1000.<\/p>\n","protected":false},"excerpt":{"rendered":"<p><b>Zubeh\u00f6r- und Ersatzteile erhalten Sie gerne auf Anfrage!<\/b><\/p>\n","protected":false},"featured_media":13321,"template":"","meta":[],"product_brand":[],"product_cat":[109],"product_tag":[],"class_list":{"0":"post-13336","1":"product","2":"type-product","3":"status-publish","4":"has-post-thumbnail","6":"product_cat-mischerruehrer-und-schuettler","7":"product_shipping_class-standard","9":"first","10":"instock","11":"taxable","12":"shipping-taxable","13":"purchasable","14":"product-type-simple"},"tiered_pricing_type":"fixed","tiered_pricing_fixed_rules":[],"tiered_pricing_product_settings":{"layout":"default","base_unit_name":{"singular":null,"plural":null},"default_variation":null},"tiered_pricing_minimum_quantity":null,"tiered_pricing_roles_data":[],"tiered_pricing_percentage_rules":[],"_links":{"self":[{"href":"https:\/\/lt-laborhandel.de\/en\/wp-json\/wp\/v2\/product\/13336","targetHints":{"allow":["GET"]}}],"collection":[{"href":"https:\/\/lt-laborhandel.de\/en\/wp-json\/wp\/v2\/product"}],"about":[{"href":"https:\/\/lt-laborhandel.de\/en\/wp-json\/wp\/v2\/types\/product"}],"wp:featuredmedia":[{"embeddable":true,"href":"https:\/\/lt-laborhandel.de\/en\/wp-json\/wp\/v2\/media\/13321"}],"wp:attachment":[{"href":"https:\/\/lt-laborhandel.de\/en\/wp-json\/wp\/v2\/media?parent=13336"}],"wp:term":[{"taxonomy":"product_brand","embeddable":true,"href":"https:\/\/lt-laborhandel.de\/en\/wp-json\/wp\/v2\/product_brand?post=13336"},{"taxonomy":"product_cat","embeddable":true,"href":"https:\/\/lt-laborhandel.de\/en\/wp-json\/wp\/v2\/product_cat?post=13336"},{"taxonomy":"product_tag","embeddable":true,"href":"https:\/\/lt-laborhandel.de\/en\/wp-json\/wp\/v2\/product_tag?post=13336"}],"curies":[{"name":"wp","href":"https:\/\/api.w.org\/{rel}","templated":true}]}}