{"id":13332,"date":"2023-05-31T18:43:13","date_gmt":"2023-05-31T16:43:13","guid":{"rendered":"https:\/\/lt-laborhandel.de\/produkt\/heidolph-instruments-hei-plate-reflux-paket-core-mini-eu-506-21155-00\/"},"modified":"2026-01-09T21:23:06","modified_gmt":"2026-01-09T20:23:06","slug":"heidolph-instruments-hei-plate-reflux-paket-core-mini-eu-506-21155-00","status":"publish","type":"product","link":"https:\/\/lt-laborhandel.de\/en\/produkt\/heidolph-instruments-hei-plate-reflux-paket-core-mini-eu-506-21155-00\/","title":{"rendered":"Heidolph Instruments, Hei-PLATE Reflux Paket Core+ Mini &#8212; EU- #506-21155-00"},"content":{"rendered":"<p>Hei-PLATE Reflux Paket Core+ Mini &#8212; EU-<\/p>\n<p>Paket beinhaltet:<\/p>\n<p>den Magnetr\u00fchrer Hei-PLATE Mix &#8216;n&#8217; Heat Core+. Heizt schnell und pr\u00e4zise \u2013 ohne \u00dcberschwinger &#8211; schonend f\u00fcr die Probe.<\/p>\n<p>den Pt1000 &#8211; erm\u00f6glicht eine genaue Temperaturregulierung.<\/p>\n<p>den 250 ml gro\u00dfen Heat-On Aufsatz &#8211; sorgt f\u00fcr eine optimale W\u00e4rme\u00fcbertragung ohne Einsatz von Wasser oder \u00d6l.<br \/>\nAnwendungstipp: F\u00fcllen Sie den Kolben (nicht im Lieferumfang enthalten) nur bis zur H\u00e4lfte, um L\u00f6sungsmittel-Verlust zu vermeiden.<\/p>\n<p>den Findenser\u2122 Mini &#8211; komplettiert das System als Hochleistungsk\u00fchler, der ohne die Verwendung von Wasser zum Einsatz kommt. Die Leistung ist optimal f\u00fcr L\u00f6sungsmittel-Volumina bis zu 125 ml.<\/p>\n","protected":false},"excerpt":{"rendered":"<p><b>Zubeh\u00f6r- und Ersatzteile erhalten Sie gerne auf Anfrage!<\/b><\/p>\n","protected":false},"featured_media":13330,"template":"","meta":[],"product_brand":[],"product_cat":[109],"product_tag":[],"class_list":{"0":"post-13332","1":"product","2":"type-product","3":"status-publish","4":"has-post-thumbnail","6":"product_cat-mischerruehrer-und-schuettler","7":"product_shipping_class-standard","9":"first","10":"instock","11":"taxable","12":"shipping-taxable","13":"purchasable","14":"product-type-simple"},"tiered_pricing_type":"fixed","tiered_pricing_fixed_rules":[],"tiered_pricing_product_settings":{"layout":"default","base_unit_name":{"singular":null,"plural":null},"default_variation":null},"tiered_pricing_minimum_quantity":null,"tiered_pricing_roles_data":[],"tiered_pricing_percentage_rules":[],"_links":{"self":[{"href":"https:\/\/lt-laborhandel.de\/en\/wp-json\/wp\/v2\/product\/13332","targetHints":{"allow":["GET"]}}],"collection":[{"href":"https:\/\/lt-laborhandel.de\/en\/wp-json\/wp\/v2\/product"}],"about":[{"href":"https:\/\/lt-laborhandel.de\/en\/wp-json\/wp\/v2\/types\/product"}],"wp:featuredmedia":[{"embeddable":true,"href":"https:\/\/lt-laborhandel.de\/en\/wp-json\/wp\/v2\/media\/13330"}],"wp:attachment":[{"href":"https:\/\/lt-laborhandel.de\/en\/wp-json\/wp\/v2\/media?parent=13332"}],"wp:term":[{"taxonomy":"product_brand","embeddable":true,"href":"https:\/\/lt-laborhandel.de\/en\/wp-json\/wp\/v2\/product_brand?post=13332"},{"taxonomy":"product_cat","embeddable":true,"href":"https:\/\/lt-laborhandel.de\/en\/wp-json\/wp\/v2\/product_cat?post=13332"},{"taxonomy":"product_tag","embeddable":true,"href":"https:\/\/lt-laborhandel.de\/en\/wp-json\/wp\/v2\/product_tag?post=13332"}],"curies":[{"name":"wp","href":"https:\/\/api.w.org\/{rel}","templated":true}]}}