{"id":13326,"date":"2023-05-31T18:43:11","date_gmt":"2023-05-31T16:43:11","guid":{"rendered":"https:\/\/lt-laborhandel.de\/produkt\/heidolph-instruments-hei-plate-sensor-basic-paket-core-o145-506-21150-00\/"},"modified":"2026-01-09T21:23:05","modified_gmt":"2026-01-09T20:23:05","slug":"heidolph-instruments-hei-plate-sensor-basic-paket-core-o145-506-21150-00","status":"publish","type":"product","link":"https:\/\/lt-laborhandel.de\/en\/produkt\/heidolph-instruments-hei-plate-sensor-basic-paket-core-o145-506-21150-00\/","title":{"rendered":"Heidolph Instruments, Hei-PLATE Sensor Basic Paket Core+ \u00d8145 #506-21150-00"},"content":{"rendered":"<p>Hei-PLATE Sensor Basic Paket Core+ \u00d8145 <\/p>\n<p>Paket beinhaltet:<\/p>\n<ul>\n<li>den Magnetr\u00fchrer Hei-PLATE Mix &#8216;n&#8217; Heat Core+ (145 mm Durchmesser) &#8211; Schnell und pr\u00e4zise heizen &#8211; ohne \u00dcberschwinger &#8211; f\u00fcr probenschonendes Arbeiten<\/li>\n<li>den Temperaturf\u00fchler Pt1000 f\u00fcr eine genaue Temperaturregulierung<\/li>\n<\/ul>\n<p>Auf Anfrage auch mit 135 mm Aufstellfl\u00e4che erh\u00e4ltlich<\/p>\n","protected":false},"excerpt":{"rendered":"<p><b>Zubeh\u00f6r- und Ersatzteile erhalten Sie gerne auf Anfrage!<\/b><\/p>\n","protected":false},"featured_media":13324,"template":"","meta":[],"product_brand":[],"product_cat":[109],"product_tag":[],"class_list":{"0":"post-13326","1":"product","2":"type-product","3":"status-publish","4":"has-post-thumbnail","6":"product_cat-mischerruehrer-und-schuettler","7":"product_shipping_class-standard","9":"first","10":"instock","11":"taxable","12":"shipping-taxable","13":"purchasable","14":"product-type-simple"},"tiered_pricing_type":"fixed","tiered_pricing_fixed_rules":[],"tiered_pricing_product_settings":{"layout":"default","base_unit_name":{"singular":null,"plural":null},"default_variation":null},"tiered_pricing_minimum_quantity":null,"tiered_pricing_roles_data":[],"tiered_pricing_percentage_rules":[],"_links":{"self":[{"href":"https:\/\/lt-laborhandel.de\/en\/wp-json\/wp\/v2\/product\/13326","targetHints":{"allow":["GET"]}}],"collection":[{"href":"https:\/\/lt-laborhandel.de\/en\/wp-json\/wp\/v2\/product"}],"about":[{"href":"https:\/\/lt-laborhandel.de\/en\/wp-json\/wp\/v2\/types\/product"}],"wp:featuredmedia":[{"embeddable":true,"href":"https:\/\/lt-laborhandel.de\/en\/wp-json\/wp\/v2\/media\/13324"}],"wp:attachment":[{"href":"https:\/\/lt-laborhandel.de\/en\/wp-json\/wp\/v2\/media?parent=13326"}],"wp:term":[{"taxonomy":"product_brand","embeddable":true,"href":"https:\/\/lt-laborhandel.de\/en\/wp-json\/wp\/v2\/product_brand?post=13326"},{"taxonomy":"product_cat","embeddable":true,"href":"https:\/\/lt-laborhandel.de\/en\/wp-json\/wp\/v2\/product_cat?post=13326"},{"taxonomy":"product_tag","embeddable":true,"href":"https:\/\/lt-laborhandel.de\/en\/wp-json\/wp\/v2\/product_tag?post=13326"}],"curies":[{"name":"wp","href":"https:\/\/api.w.org\/{rel}","templated":true}]}}