{"id":13317,"date":"2023-05-31T18:43:08","date_gmt":"2023-05-31T16:43:08","guid":{"rendered":"https:\/\/lt-laborhandel.de\/produkt\/heidolph-instruments-hei-plate-mixnheat-coreo145-eu-kabe-506-11100-00\/"},"modified":"2026-01-09T21:23:05","modified_gmt":"2026-01-09T20:23:05","slug":"heidolph-instruments-hei-plate-mixnheat-coreo145-eu-kabe-506-11100-00","status":"publish","type":"product","link":"https:\/\/lt-laborhandel.de\/en\/produkt\/heidolph-instruments-hei-plate-mixnheat-coreo145-eu-kabe-506-11100-00\/","title":{"rendered":"Heidolph Instruments, Hei-PLATE Mix&#8217;n&#8217;Heat Core\u00d8145 &#8212; EU-Kabe #506-11100-00"},"content":{"rendered":"<p>Hei-PLATE Mix&#8217;n&#8217;Heat Core\u00d8145 &#8212; EU-Kabe<\/p>\n<p>Nach dem Motto &#8220;einfach r\u00fchren und heizen&#8221; wurde unser Einstiegsmodell&nbsp; der Hei-PLATE Mix &#8216;n&#8217; Heat Core mit zwei Drehkn\u00f6pfen konstruiert, um den direkten Zugriff auf die beiden Hauptfunktionen zu erm\u00f6glichen. Das Einstellen der Drehzahl und der Temperatur erfolgt anhand einer Skala. Die maximalen Werte sind 1.400 U\/min und 300 \u00b0C.<\/p>\n<p>Dieser Magnetr\u00fchrer l\u00e4sst sich sehr einfach bedienen und ist mit den wichtigsten Sicherheitsfeatures ausgestattet. Der gro\u00dfe Sicherheitsabstand zwischen Heizplatte und Bedienpanel, sowie die optische Restw\u00e4rmewarnung bei Temperaturen &gt; 50 \u00b0C sch\u00fctzen vor Verbrennungen. Eine Tragehilfe an der Unterseite sorgt f\u00fcr sicheres Transportieren.<\/p>\n<p>Die Heizfunktion kann separat aktiviert werden und wird durch Leuchten des LED Knopfs angezeigt.<\/p>\n<p>Die patentierte Kera-Disk<sup>\u00ae<\/sup> Aufstellfl\u00e4che aus eloxiertem Aluminium ist chemikalienbest\u00e4ndig, kratzfest und besitzt einen Durchmesser von 145 mm. Mit dieser einzigartigen Gr\u00f6\u00dfe eignet sie sich f\u00fcr den Einsatz mit vielen Zubeh\u00f6rteilen und Proben auf einem kleinen Footprint. Das verwendete Material erm\u00f6glicht au\u00dferdem schnellste Aufheizzeiten.<\/p>\n","protected":false},"excerpt":{"rendered":"<p><b>Zubeh\u00f6r- und Ersatzteile erhalten Sie gerne auf Anfrage!<\/b><\/p>\n","protected":false},"featured_media":13315,"template":"","meta":[],"product_brand":[],"product_cat":[109],"product_tag":[],"class_list":{"0":"post-13317","1":"product","2":"type-product","3":"status-publish","4":"has-post-thumbnail","6":"product_cat-mischerruehrer-und-schuettler","7":"product_shipping_class-standard","9":"first","10":"instock","11":"taxable","12":"shipping-taxable","13":"purchasable","14":"product-type-simple"},"tiered_pricing_type":"fixed","tiered_pricing_fixed_rules":[],"tiered_pricing_product_settings":{"layout":"default","base_unit_name":{"singular":null,"plural":null},"default_variation":null},"tiered_pricing_minimum_quantity":null,"tiered_pricing_roles_data":[],"tiered_pricing_percentage_rules":[],"_links":{"self":[{"href":"https:\/\/lt-laborhandel.de\/en\/wp-json\/wp\/v2\/product\/13317","targetHints":{"allow":["GET"]}}],"collection":[{"href":"https:\/\/lt-laborhandel.de\/en\/wp-json\/wp\/v2\/product"}],"about":[{"href":"https:\/\/lt-laborhandel.de\/en\/wp-json\/wp\/v2\/types\/product"}],"wp:featuredmedia":[{"embeddable":true,"href":"https:\/\/lt-laborhandel.de\/en\/wp-json\/wp\/v2\/media\/13315"}],"wp:attachment":[{"href":"https:\/\/lt-laborhandel.de\/en\/wp-json\/wp\/v2\/media?parent=13317"}],"wp:term":[{"taxonomy":"product_brand","embeddable":true,"href":"https:\/\/lt-laborhandel.de\/en\/wp-json\/wp\/v2\/product_brand?post=13317"},{"taxonomy":"product_cat","embeddable":true,"href":"https:\/\/lt-laborhandel.de\/en\/wp-json\/wp\/v2\/product_cat?post=13317"},{"taxonomy":"product_tag","embeddable":true,"href":"https:\/\/lt-laborhandel.de\/en\/wp-json\/wp\/v2\/product_tag?post=13317"}],"curies":[{"name":"wp","href":"https:\/\/api.w.org\/{rel}","templated":true}]}}