{"id":13314,"date":"2023-05-31T18:43:04","date_gmt":"2023-05-31T16:43:04","guid":{"rendered":"https:\/\/lt-laborhandel.de\/produkt\/heidolph-instruments-hei-mix-s-eu-kabel-503-02000-00\/"},"modified":"2026-01-09T21:23:05","modified_gmt":"2026-01-09T20:23:05","slug":"heidolph-instruments-hei-mix-s-eu-kabel-503-02000-00","status":"publish","type":"product","link":"https:\/\/lt-laborhandel.de\/en\/produkt\/heidolph-instruments-hei-mix-s-eu-kabel-503-02000-00\/","title":{"rendered":"Heidolph Instruments, Hei-Mix S &#8212; EU-Kabel #503-02000-00"},"content":{"rendered":"<p>Hei-Mix S &#8212; EU-Kabel<\/p>\n<p><strong>R\u00fchren bis 5 Liter ohne Heizen<\/strong><\/p>\n<p>Der Hei-Mix S ist die erste Wahl f\u00fcr Titrationen und biochemische Anwendungen, wie sie z. B. mit dem Betreiben eines kleinen Fermenters einhergehen. Die Aufstellfl\u00e4che aus PVDF (thermoplastischem Kunststoff) ist in wei\u00dfer Farbe gehalten: So k\u00f6nnen farbliche Ver\u00e4nderungen im Zuge der Anwendung pr\u00e4zise verfolgt werden.<\/p>\n<p>Der Hei-Mix S verf\u00fcgt au\u00dferdem \u00fcber ein robustes Geh\u00e4use aus Polyamid und ist f\u00fcr den Dauereinsatz f\u00fcr R\u00fchrvolumina bis 5 Liter geeignet. Dank eines gro\u00dfen Drehzahlbereichs bis zu 2.200 U\/min k\u00f6nnen Sie Ihre Probe schnell, aber schonend mischen. Effizientes Arbeiten ist somit garantiert.<\/p>\n<p>Dar\u00fcber hinaus sparen Sie Platz in Ihrem Labor, denn der Fl\u00e4chenbedarf des Hei-Mix S betr\u00e4gt nur 126 x 80 x 140 mm bei einer Aufstellfl\u00e4che von 104 mm Durchmesser.<\/p>\n","protected":false},"excerpt":{"rendered":"<p><b>Zubeh\u00f6r- und Ersatzteile erhalten Sie gerne auf Anfrage!<\/b><\/p>\n","protected":false},"featured_media":13312,"template":"","meta":[],"product_brand":[],"product_cat":[109],"product_tag":[],"class_list":{"0":"post-13314","1":"product","2":"type-product","3":"status-publish","4":"has-post-thumbnail","6":"product_cat-mischerruehrer-und-schuettler","7":"product_shipping_class-standard","9":"first","10":"instock","11":"taxable","12":"shipping-taxable","13":"purchasable","14":"product-type-simple"},"tiered_pricing_type":"fixed","tiered_pricing_fixed_rules":[],"tiered_pricing_product_settings":{"layout":"default","base_unit_name":{"singular":null,"plural":null},"default_variation":null},"tiered_pricing_minimum_quantity":null,"tiered_pricing_roles_data":[],"tiered_pricing_percentage_rules":[],"_links":{"self":[{"href":"https:\/\/lt-laborhandel.de\/en\/wp-json\/wp\/v2\/product\/13314","targetHints":{"allow":["GET"]}}],"collection":[{"href":"https:\/\/lt-laborhandel.de\/en\/wp-json\/wp\/v2\/product"}],"about":[{"href":"https:\/\/lt-laborhandel.de\/en\/wp-json\/wp\/v2\/types\/product"}],"wp:featuredmedia":[{"embeddable":true,"href":"https:\/\/lt-laborhandel.de\/en\/wp-json\/wp\/v2\/media\/13312"}],"wp:attachment":[{"href":"https:\/\/lt-laborhandel.de\/en\/wp-json\/wp\/v2\/media?parent=13314"}],"wp:term":[{"taxonomy":"product_brand","embeddable":true,"href":"https:\/\/lt-laborhandel.de\/en\/wp-json\/wp\/v2\/product_brand?post=13314"},{"taxonomy":"product_cat","embeddable":true,"href":"https:\/\/lt-laborhandel.de\/en\/wp-json\/wp\/v2\/product_cat?post=13314"},{"taxonomy":"product_tag","embeddable":true,"href":"https:\/\/lt-laborhandel.de\/en\/wp-json\/wp\/v2\/product_tag?post=13314"}],"curies":[{"name":"wp","href":"https:\/\/api.w.org\/{rel}","templated":true}]}}