{"id":13311,"date":"2023-05-31T18:43:03","date_gmt":"2023-05-31T16:43:03","guid":{"rendered":"https:\/\/lt-laborhandel.de\/produkt\/heidolph-instruments-hei-torque-platinum-paket-eu-kabel-501-64029-00\/"},"modified":"2026-01-09T21:23:04","modified_gmt":"2026-01-09T20:23:04","slug":"heidolph-instruments-hei-torque-platinum-paket-eu-kabel-501-64029-00","status":"publish","type":"product","link":"https:\/\/lt-laborhandel.de\/en\/produkt\/heidolph-instruments-hei-torque-platinum-paket-eu-kabel-501-64029-00\/","title":{"rendered":"Heidolph Instruments, Hei-TORQUE Platinum Paket &#8212; EU-Kabel #501-64029-00"},"content":{"rendered":"<p>Hei-TORQUE Platinum Paket &#8212; EU-Kabel<\/p>\n<p>Um Ihnen die perfekte Komplettl\u00f6sung f\u00fcr kraftvolles R\u00fchren und einfachste Bedienung im Labor zu bieten, haben wir die Hei-TORQUE Produktgruppe um Pakete erweitert. F\u00fcr die ideale Anwendung auf Labortischen ist jeweils ein Teleskopstativ und eine dazugeh\u00f6rige Klemme enthalten.<\/p>\n<ul>\n<li>Hei-TORQUE Ultimate 400<\/li>\n<li>Teleskopstativ<\/li>\n<li>Klemme<\/li>\n<\/ul>\n","protected":false},"excerpt":{"rendered":"<p><b>Zubeh\u00f6r- und Ersatzteile erhalten Sie gerne auf Anfrage!<\/b><\/p>\n","protected":false},"featured_media":13309,"template":"","meta":[],"product_brand":[],"product_cat":[109],"product_tag":[],"class_list":{"0":"post-13311","1":"product","2":"type-product","3":"status-publish","4":"has-post-thumbnail","6":"product_cat-mischerruehrer-und-schuettler","7":"product_shipping_class-standard","9":"first","10":"instock","11":"taxable","12":"shipping-taxable","13":"purchasable","14":"product-type-simple"},"tiered_pricing_type":"fixed","tiered_pricing_fixed_rules":[],"tiered_pricing_product_settings":{"layout":"default","base_unit_name":{"singular":null,"plural":null},"default_variation":null},"tiered_pricing_minimum_quantity":null,"tiered_pricing_roles_data":[],"tiered_pricing_percentage_rules":[],"_links":{"self":[{"href":"https:\/\/lt-laborhandel.de\/en\/wp-json\/wp\/v2\/product\/13311","targetHints":{"allow":["GET"]}}],"collection":[{"href":"https:\/\/lt-laborhandel.de\/en\/wp-json\/wp\/v2\/product"}],"about":[{"href":"https:\/\/lt-laborhandel.de\/en\/wp-json\/wp\/v2\/types\/product"}],"wp:featuredmedia":[{"embeddable":true,"href":"https:\/\/lt-laborhandel.de\/en\/wp-json\/wp\/v2\/media\/13309"}],"wp:attachment":[{"href":"https:\/\/lt-laborhandel.de\/en\/wp-json\/wp\/v2\/media?parent=13311"}],"wp:term":[{"taxonomy":"product_brand","embeddable":true,"href":"https:\/\/lt-laborhandel.de\/en\/wp-json\/wp\/v2\/product_brand?post=13311"},{"taxonomy":"product_cat","embeddable":true,"href":"https:\/\/lt-laborhandel.de\/en\/wp-json\/wp\/v2\/product_cat?post=13311"},{"taxonomy":"product_tag","embeddable":true,"href":"https:\/\/lt-laborhandel.de\/en\/wp-json\/wp\/v2\/product_tag?post=13311"}],"curies":[{"name":"wp","href":"https:\/\/api.w.org\/{rel}","templated":true}]}}