{"id":13308,"date":"2023-05-31T18:43:02","date_gmt":"2023-05-31T16:43:02","guid":{"rendered":"https:\/\/lt-laborhandel.de\/produkt\/heidolph-instruments-hei-torque-ultimate-400-eu-kabel-501-64020-00\/"},"modified":"2026-01-09T21:23:04","modified_gmt":"2026-01-09T20:23:04","slug":"heidolph-instruments-hei-torque-ultimate-400-eu-kabel-501-64020-00","status":"publish","type":"product","link":"https:\/\/lt-laborhandel.de\/en\/produkt\/heidolph-instruments-hei-torque-ultimate-400-eu-kabel-501-64020-00\/","title":{"rendered":"Heidolph Instruments, Hei-TORQUE Ultimate 400 &#8212; EU-Kabel #501-64020-00"},"content":{"rendered":"<p>Hei-TORQUE Ultimate 400 &#8212; EU-Kabel<\/p>\n<p>Die Ger\u00e4te der Hei-TORQUE Ultimate Linie sind Heidolph Hochleistungsr\u00fchrer.<\/p>\n<p>Mit dem Hei-TORQUE Ultimate 400 Laborr\u00fchrer lassen sich Viskosit\u00e4ten bis 250.000 mPas oder Volumina bis 100 Liter (H<sub>2<\/sub>O) kraftvoll r\u00fchren. Dank seines zweistufigen Getriebes r\u00fchrt er im Drehzahlbereich bis 400 U\/Min besonders leistungsstark und ist damit vor allem f\u00fcr Anwendungen mit viskosen Medien geeignet, die eine Durchmischung im niedrigeren Drehzahlbereich erfordern. Aber auch der Betrieb mit Geschwindigkeiten bis 2.000 U\/Min ist in der zweiten Stufe m\u00f6glich.<\/p>\n<p>Zus\u00e4tzlich bietet der Hei-TORQUE Ultimate 400 vor allem die M\u00f6glichkeit der Rampenprogrammierung, die \u00dcberwachung des Prozesses (u.a. Timer-Funktion, Drehmoment-Trendanzeige als Wert), sowie die n\u00f6tige Aussattung zur Dokumentation Ihrer Anwendungsparameter. Daf\u00fcr ist er mit zwei Schnittstellen best\u00fcckt &#8211; USB und RS232 -, die Ihnen die gr\u00f6\u00dfte Flexibilit\u00e4t geben, um das Ger\u00e4t an einen PC, eine speicherprogrammierbare Steuerung (SPS) oder ein Automatisierungssystem wie z.B. LabManager anzuschlie\u00dfen. Im Lieferumfang enthalten finden Sie die kostenfreie Hei-Control Software f\u00fcr die Fernsteuerung von bis zu 4 Ger\u00e4ten via PC.<\/p>\n<p>Der Laborr\u00fchrer Hei-TORQUE Ultimate 400 erledigt jede R\u00fchraufgabe bei einer minimalen Ger\u00e4uschentwicklung dank neuester Motorentechnologie. Die sicherheitsbedachte Start\/Stopp Touch-Funktion dient der Risiko-Minimierung eines ungewollten Einschaltens.<\/p>\n<p>Geeignet f\u00fcr Anwendungen im Abzug oder als Antrieb von Reaktor-Aufbauten verf\u00fcgt der Hei-TORQUE Ultimate 400 \u00fcber einen Schnellspannfutter (Quick Chuck mit Sicherheitsring) mit einem Durchmesser von 10,5 mm, das sich f\u00fcr die besten R\u00fchrergebnisse mit einer Vielzahl von R\u00fchrorganen kombinieren l\u00e4sst.<\/p>\n<p>&nbsp;<\/p>\n","protected":false},"excerpt":{"rendered":"<p><b>Zubeh\u00f6r- und Ersatzteile erhalten Sie gerne auf Anfrage!<\/b><\/p>\n","protected":false},"featured_media":13306,"template":"","meta":[],"product_brand":[],"product_cat":[109],"product_tag":[],"class_list":{"0":"post-13308","1":"product","2":"type-product","3":"status-publish","4":"has-post-thumbnail","6":"product_cat-mischerruehrer-und-schuettler","7":"product_shipping_class-standard","9":"first","10":"instock","11":"taxable","12":"shipping-taxable","13":"purchasable","14":"product-type-simple"},"tiered_pricing_type":"fixed","tiered_pricing_fixed_rules":[],"tiered_pricing_product_settings":{"layout":"default","base_unit_name":{"singular":null,"plural":null},"default_variation":null},"tiered_pricing_minimum_quantity":null,"tiered_pricing_roles_data":[],"tiered_pricing_percentage_rules":[],"_links":{"self":[{"href":"https:\/\/lt-laborhandel.de\/en\/wp-json\/wp\/v2\/product\/13308","targetHints":{"allow":["GET"]}}],"collection":[{"href":"https:\/\/lt-laborhandel.de\/en\/wp-json\/wp\/v2\/product"}],"about":[{"href":"https:\/\/lt-laborhandel.de\/en\/wp-json\/wp\/v2\/types\/product"}],"wp:featuredmedia":[{"embeddable":true,"href":"https:\/\/lt-laborhandel.de\/en\/wp-json\/wp\/v2\/media\/13306"}],"wp:attachment":[{"href":"https:\/\/lt-laborhandel.de\/en\/wp-json\/wp\/v2\/media?parent=13308"}],"wp:term":[{"taxonomy":"product_brand","embeddable":true,"href":"https:\/\/lt-laborhandel.de\/en\/wp-json\/wp\/v2\/product_brand?post=13308"},{"taxonomy":"product_cat","embeddable":true,"href":"https:\/\/lt-laborhandel.de\/en\/wp-json\/wp\/v2\/product_cat?post=13308"},{"taxonomy":"product_tag","embeddable":true,"href":"https:\/\/lt-laborhandel.de\/en\/wp-json\/wp\/v2\/product_tag?post=13308"}],"curies":[{"name":"wp","href":"https:\/\/api.w.org\/{rel}","templated":true}]}}