{"id":13305,"date":"2023-05-31T18:43:00","date_gmt":"2023-05-31T16:43:00","guid":{"rendered":"https:\/\/lt-laborhandel.de\/produkt\/heidolph-instruments-hei-torque-expert-400-eu-kabel-501-64010-00\/"},"modified":"2026-01-09T21:23:04","modified_gmt":"2026-01-09T20:23:04","slug":"heidolph-instruments-hei-torque-expert-400-eu-kabel-501-64010-00","status":"publish","type":"product","link":"https:\/\/lt-laborhandel.de\/en\/produkt\/heidolph-instruments-hei-torque-expert-400-eu-kabel-501-64010-00\/","title":{"rendered":"Heidolph Instruments, Hei-TORQUE Expert 400 &#8212; EU-Kabel #501-64010-00"},"content":{"rendered":"<p>Hei-TORQUE Expert 400 &#8212; EU-Kabel<\/p>\n<p>Mit dem Hei-TORQUE Expert 400 lassen sich Viskosit\u00e4ten bis 250.000 mPas oder Volumina bis 100 Liter (H<sub>2<\/sub>O) optimal r\u00fchren. Dank seines zweistufigen Getriebes r\u00fchrt er im Drehzahlbereich bis 400 U\/Min besonders leistungsstark und ist damit vor allem f\u00fcr Anwendungen mit hochviskosen Medien geeignet, die eine Durchmischung im niedrigeren Drehzahlbereich erfordern. Aber auch der Betrieb mit Geschwindigkeiten bis 2.000 U\/Min ist in der zweiten Stufe m\u00f6glich.<\/p>\n<p>Der Laborr\u00fchrer Hei-TORQUE Expert 400 erledigt jede R\u00fchraufgabe bei einer minimalen Ger\u00e4uschentwicklung dank neuester Motorentechnologie. Dieser anwenderfreundliche \u00dcberkopfr\u00fchrer verf\u00fcgt \u00fcber ein Display von 2,4 Zoll, das das Einstellen der Anwendungsparameter und das Kontrollieren des Prozesses (z.B. mit Hilfe der Drehmoment-Trendanzeige) sehr leicht macht. Die sicherheitsbedachte Start\/Stopp Touch-Funktion dient der Risiko-Minimierung eines ungewollten Einschaltens.<\/p>\n<p>Geeignet f\u00fcr Anwendungen im Abzug oder als Antrieb von Reaktor-Aufbauten verf\u00fcgt der Hei-TORQUE Expert 400 \u00fcber ein Schnellspannfutter (Quick Chuck mit Sicherheitsring) mit einem Durchmesser von 10,5 mm, das sich f\u00fcr die besten R\u00fchrergebnisse mit einer Vielzahl von R\u00fchrorganen kombinieren l\u00e4sst.<\/p>\n<p>&nbsp;<\/p>\n","protected":false},"excerpt":{"rendered":"<p><b>Zubeh\u00f6r- und Ersatzteile erhalten Sie gerne auf Anfrage!<\/b><\/p>\n","protected":false},"featured_media":13303,"template":"","meta":[],"product_brand":[],"product_cat":[109],"product_tag":[],"class_list":{"0":"post-13305","1":"product","2":"type-product","3":"status-publish","4":"has-post-thumbnail","6":"product_cat-mischerruehrer-und-schuettler","7":"product_shipping_class-standard","9":"first","10":"instock","11":"taxable","12":"shipping-taxable","13":"purchasable","14":"product-type-simple"},"tiered_pricing_type":"fixed","tiered_pricing_fixed_rules":[],"tiered_pricing_product_settings":{"layout":"default","base_unit_name":{"singular":null,"plural":null},"default_variation":null},"tiered_pricing_minimum_quantity":null,"tiered_pricing_roles_data":[],"tiered_pricing_percentage_rules":[],"_links":{"self":[{"href":"https:\/\/lt-laborhandel.de\/en\/wp-json\/wp\/v2\/product\/13305","targetHints":{"allow":["GET"]}}],"collection":[{"href":"https:\/\/lt-laborhandel.de\/en\/wp-json\/wp\/v2\/product"}],"about":[{"href":"https:\/\/lt-laborhandel.de\/en\/wp-json\/wp\/v2\/types\/product"}],"wp:featuredmedia":[{"embeddable":true,"href":"https:\/\/lt-laborhandel.de\/en\/wp-json\/wp\/v2\/media\/13303"}],"wp:attachment":[{"href":"https:\/\/lt-laborhandel.de\/en\/wp-json\/wp\/v2\/media?parent=13305"}],"wp:term":[{"taxonomy":"product_brand","embeddable":true,"href":"https:\/\/lt-laborhandel.de\/en\/wp-json\/wp\/v2\/product_brand?post=13305"},{"taxonomy":"product_cat","embeddable":true,"href":"https:\/\/lt-laborhandel.de\/en\/wp-json\/wp\/v2\/product_cat?post=13305"},{"taxonomy":"product_tag","embeddable":true,"href":"https:\/\/lt-laborhandel.de\/en\/wp-json\/wp\/v2\/product_tag?post=13305"}],"curies":[{"name":"wp","href":"https:\/\/api.w.org\/{rel}","templated":true}]}}