{"id":13296,"date":"2023-05-31T18:42:57","date_gmt":"2023-05-31T16:42:57","guid":{"rendered":"https:\/\/lt-laborhandel.de\/produkt\/heidolph-instruments-hei-torque-expert-200-eu-kabel-501-62010-00\/"},"modified":"2026-01-09T21:23:02","modified_gmt":"2026-01-09T20:23:02","slug":"heidolph-instruments-hei-torque-expert-200-eu-kabel-501-62010-00","status":"publish","type":"product","link":"https:\/\/lt-laborhandel.de\/en\/produkt\/heidolph-instruments-hei-torque-expert-200-eu-kabel-501-62010-00\/","title":{"rendered":"Heidolph Instruments, Hei-TORQUE Expert 200 &#8212; EU-Kabel #501-62010-00"},"content":{"rendered":"<p>Hei-TORQUE Expert 200 &#8212; EU-Kabel<\/p>\n<p>Mit dem Hei-TORQUE Expert 200 lassen sich Viskosit\u00e4ten bis 100.000 mPas oder Volumina bis 50 Liter (H<sub>2<\/sub>O) optimal r\u00fchren. Dank eines breiten Drehzahlbereichs von 10 bis 2.000 U\/Min, sowie einem maximalen Drehmoment von 200 Ncm arbeitet er besonders kraftvoll.<\/p>\n<p>Der Laborr\u00fchrer Hei-TORQUE Expert 200 erledigt jede R\u00fchraufgabe bei einer minimalen Ger\u00e4uschentwicklung dank neuester Motorentechnologie. Auch in puncto Bedienung und Sicherheit ist dieser \u00dcberkopfr\u00fcher sehr anwenderfreundlich. Das Display von 2,4 Zoll macht das Einstellen der Anwendungsparameter und das Kontrollieren des Prozesses (z.B. mit Hilfe der Drehmoment-Trendanzeige) sehr leicht. Die sicherheitsbedachte Start\/Stopp Touch-Funktion dient der Risiko-Minimierung eines ungewollten Einschaltens.<\/p>\n<p>Geeignet f\u00fcr Anwendungen im Abzug oder als Antrieb von Reaktor-Aufbauten verf\u00fcgt der Hei-TORQUE Expert 200 \u00fcber ein Schnellspannfutter (Quick Chuck mit Sicherheitsring) mit einem Durchmesser von 10,5 mm, das sich f\u00fcr die besten R\u00fchrergebnisse mit einer Vielzahl von R\u00fchrorganen kombinieren l\u00e4sst.<\/p>\n<p>&nbsp;<\/p>\n","protected":false},"excerpt":{"rendered":"<p><b>Zubeh\u00f6r- und Ersatzteile erhalten Sie gerne auf Anfrage!<\/b><\/p>\n","protected":false},"featured_media":13294,"template":"","meta":[],"product_brand":[],"product_cat":[109],"product_tag":[],"class_list":{"0":"post-13296","1":"product","2":"type-product","3":"status-publish","4":"has-post-thumbnail","6":"product_cat-mischerruehrer-und-schuettler","7":"product_shipping_class-standard","9":"first","10":"instock","11":"taxable","12":"shipping-taxable","13":"purchasable","14":"product-type-simple"},"tiered_pricing_type":"fixed","tiered_pricing_fixed_rules":[],"tiered_pricing_product_settings":{"layout":"default","base_unit_name":{"singular":null,"plural":null},"default_variation":null},"tiered_pricing_minimum_quantity":null,"tiered_pricing_roles_data":[],"tiered_pricing_percentage_rules":[],"_links":{"self":[{"href":"https:\/\/lt-laborhandel.de\/en\/wp-json\/wp\/v2\/product\/13296","targetHints":{"allow":["GET"]}}],"collection":[{"href":"https:\/\/lt-laborhandel.de\/en\/wp-json\/wp\/v2\/product"}],"about":[{"href":"https:\/\/lt-laborhandel.de\/en\/wp-json\/wp\/v2\/types\/product"}],"wp:featuredmedia":[{"embeddable":true,"href":"https:\/\/lt-laborhandel.de\/en\/wp-json\/wp\/v2\/media\/13294"}],"wp:attachment":[{"href":"https:\/\/lt-laborhandel.de\/en\/wp-json\/wp\/v2\/media?parent=13296"}],"wp:term":[{"taxonomy":"product_brand","embeddable":true,"href":"https:\/\/lt-laborhandel.de\/en\/wp-json\/wp\/v2\/product_brand?post=13296"},{"taxonomy":"product_cat","embeddable":true,"href":"https:\/\/lt-laborhandel.de\/en\/wp-json\/wp\/v2\/product_cat?post=13296"},{"taxonomy":"product_tag","embeddable":true,"href":"https:\/\/lt-laborhandel.de\/en\/wp-json\/wp\/v2\/product_tag?post=13296"}],"curies":[{"name":"wp","href":"https:\/\/api.w.org\/{rel}","templated":true}]}}