{"id":13290,"date":"2023-05-31T18:42:55","date_gmt":"2023-05-31T16:42:55","guid":{"rendered":"https:\/\/lt-laborhandel.de\/produkt\/heidolph-instruments-hei-torque-ultimate-100-eu-kabel-501-61020-00\/"},"modified":"2026-01-09T21:23:01","modified_gmt":"2026-01-09T20:23:01","slug":"heidolph-instruments-hei-torque-ultimate-100-eu-kabel-501-61020-00","status":"publish","type":"product","link":"https:\/\/lt-laborhandel.de\/en\/produkt\/heidolph-instruments-hei-torque-ultimate-100-eu-kabel-501-61020-00\/","title":{"rendered":"Heidolph Instruments, Hei-TORQUE Ultimate 100 &#8212; EU-Kabel #501-61020-00"},"content":{"rendered":"<p>Hei-TORQUE Ultimate 100 &#8212; EU-Kabel<\/p>\n<p>Die Ger\u00e4te der Hei-TORQUE Ultimate Linie sind Heidolph Hochleistungsr\u00fchrer.<\/p>\n<p>Der Hei-TORQUE Ultimate 100 Laborr\u00fchrer verf\u00fcgt \u00fcber einen breiten Drehzahlbereich (10 &#8211; 2.000 U\/Min) und ein maximales Drehmoment von 100 Ncm. Er kann Viskosit\u00e4ten bis 60.000 mPas oder Volumina bis 50 Liter (H<sub>2<\/sub>O) kraftvoll r\u00fchren.<\/p>\n<p>Zus\u00e4tzlich bietet der Hei-TORQUE Ultimate 100 vor allem die M\u00f6glichkeit der Rampenprogrammierung, die \u00dcberwachung des Prozesses (u.a. Timer-Funktion, Drehmoment-Trendanzeige als Wert), sowie die n\u00f6tige Aussattung zur Dokumentation Ihrer Anwendungsparameter. Daf\u00fcr ist er mit zwei Schnittstellen best\u00fcckt &#8211; USB und RS232 -, die Ihnen die gr\u00f6\u00dfte Flexibilit\u00e4t geben, um das Ger\u00e4t an einen PC, eine speicherprogrammierbare Steuerung (SPS) oder ein Automatisierungssystem wie z.B. LabManager anzuschlie\u00dfen. Im Lieferumfang enthalten finden Sie die kostenfreie Hei-Control Software f\u00fcr die Fernsteuerung von bis zu 4 Ger\u00e4ten via PC.<\/p>\n<p>Der \u00dcberkopfr\u00fchrer Hei-TORQUE Ultimate 100 erledigt jede R\u00fchraufgabe bei einer minimalen Ger\u00e4uschentwicklung dank neuester Motorentechnologie. Die sicherheitsbedachte Start\/Stopp Touch-Funktion dient der Risiko-Minimierung eines ungewollten Einschaltens.<\/p>\n<p>Geeignet f\u00fcr Anwendungen im Abzug oder als Antrieb von Reaktor-Aufbauten verf\u00fcgt der Hei-TORQUE Ultimate 100 \u00fcber ein Schnellspannfutter (Quick Chuck mit Sicherheitsring) mit einem Durchmesser von 10,5 mm, das sich mit einer Vielzahl von R\u00fchrorganen kombinieren l\u00e4sst.<\/p>\n<p>&nbsp;<\/p>\n","protected":false},"excerpt":{"rendered":"<p><b>Zubeh\u00f6r- und Ersatzteile erhalten Sie gerne auf Anfrage!<\/b><\/p>\n","protected":false},"featured_media":13288,"template":"","meta":[],"product_brand":[],"product_cat":[109],"product_tag":[],"class_list":{"0":"post-13290","1":"product","2":"type-product","3":"status-publish","4":"has-post-thumbnail","6":"product_cat-mischerruehrer-und-schuettler","7":"product_shipping_class-standard","9":"first","10":"instock","11":"taxable","12":"shipping-taxable","13":"purchasable","14":"product-type-simple"},"tiered_pricing_type":"fixed","tiered_pricing_fixed_rules":[],"tiered_pricing_product_settings":{"layout":"default","base_unit_name":{"singular":null,"plural":null},"default_variation":null},"tiered_pricing_minimum_quantity":null,"tiered_pricing_roles_data":[],"tiered_pricing_percentage_rules":[],"_links":{"self":[{"href":"https:\/\/lt-laborhandel.de\/en\/wp-json\/wp\/v2\/product\/13290","targetHints":{"allow":["GET"]}}],"collection":[{"href":"https:\/\/lt-laborhandel.de\/en\/wp-json\/wp\/v2\/product"}],"about":[{"href":"https:\/\/lt-laborhandel.de\/en\/wp-json\/wp\/v2\/types\/product"}],"wp:featuredmedia":[{"embeddable":true,"href":"https:\/\/lt-laborhandel.de\/en\/wp-json\/wp\/v2\/media\/13288"}],"wp:attachment":[{"href":"https:\/\/lt-laborhandel.de\/en\/wp-json\/wp\/v2\/media?parent=13290"}],"wp:term":[{"taxonomy":"product_brand","embeddable":true,"href":"https:\/\/lt-laborhandel.de\/en\/wp-json\/wp\/v2\/product_brand?post=13290"},{"taxonomy":"product_cat","embeddable":true,"href":"https:\/\/lt-laborhandel.de\/en\/wp-json\/wp\/v2\/product_cat?post=13290"},{"taxonomy":"product_tag","embeddable":true,"href":"https:\/\/lt-laborhandel.de\/en\/wp-json\/wp\/v2\/product_tag?post=13290"}],"curies":[{"name":"wp","href":"https:\/\/api.w.org\/{rel}","templated":true}]}}