{"id":12959,"date":"2023-03-01T18:13:23","date_gmt":"2023-03-01T17:13:23","guid":{"rendered":"https:\/\/lt-laborhandel.de\/produkt\/memmert-kompressor-kuehlbrutschrank-icp110-108l-12-60c\/"},"modified":"2026-03-13T09:47:13","modified_gmt":"2026-03-13T08:47:13","slug":"memmert-kompressor-kuehlbrutschrank-icp110-108l-12-60c","status":"publish","type":"product","link":"https:\/\/lt-laborhandel.de\/en\/produkt\/memmert-kompressor-kuehlbrutschrank-icp110-108l-12-60c\/","title":{"rendered":"Memmert, Kompressor-K\u00fchlbrutschrank ICP110, 108l, -12-60\u00b0C"},"content":{"rendered":"<p>Kompressor-K\u00fchlbrutschrank ICP110, TwinDISPLAY, 108 l, Arbeitstemperaturbereich\/Einstelltemperaturbereich -12 \u00b0C bis +60 \u00b0C (nicht zum dauerhaften Lagern bei Minustemperaturen geeignet. Bei Dauerbetrieb kann eine Vereisung der Glast\u00fcr auftreten); mit 2 Gitterrosten, \u00e4u\u00dfere Edelstahlt\u00fcr, innere Glast\u00fcr, elektronisch einstellbare L\u00fcfterdrehzahl von 10 % &#8211; 100 % in 10 % Schritten, Ethernet-Schnittstelle zum Auslesen der Protokolldaten; zus\u00e4tzlich \u00dcbertragung von Programmen sowie Online-Protokollierung; USB-Port am ControlCOCKPIT f\u00fcr USB-Stick; Mehrfach-\u00dcbertemperaturschutz, integrierter Datenlogger mit Speicherkapazit\u00e4t f\u00fcr min. 10 Jahre, Einstellung von je 3 Kalibrierwerten am ControlCOCKPIT; Werkskalibrierzertifikat f\u00fcr +10 \u00b0C und +37 \u00b0C; Strukturedelstahlgeh\u00e4use: 745 x 1233 x 584 mm; Edelstahlinnenraum: 560 x 480 x 400 mm; Spannung: 230 V, 50\/60 Hz; max. Leistungsaufnahme: ca. 1200 W<\/p>\n","protected":false},"excerpt":{"rendered":"<p><b>Zubeh\u00f6r- und Ersatzteile erhalten Sie gerne auf Anfrage!<\/b><\/p>\n","protected":false},"featured_media":13028,"template":"","meta":[],"product_brand":[358],"product_cat":[276,322],"product_tag":[],"class_list":{"0":"post-12959","1":"product","2":"type-product","3":"status-publish","4":"has-post-thumbnail","6":"product_brand-memmert","7":"product_cat-kompressor-kuehlbrutschraenke","8":"product_cat-memmert","9":"product_shipping_class-standard","11":"first","12":"instock","13":"taxable","14":"shipping-taxable","15":"purchasable","16":"product-type-simple"},"tiered_pricing_type":"fixed","tiered_pricing_fixed_rules":[],"tiered_pricing_product_settings":{"layout":"default","base_unit_name":{"singular":null,"plural":null},"default_variation":null},"tiered_pricing_minimum_quantity":null,"tiered_pricing_roles_data":[],"tiered_pricing_percentage_rules":[],"_links":{"self":[{"href":"https:\/\/lt-laborhandel.de\/en\/wp-json\/wp\/v2\/product\/12959","targetHints":{"allow":["GET"]}}],"collection":[{"href":"https:\/\/lt-laborhandel.de\/en\/wp-json\/wp\/v2\/product"}],"about":[{"href":"https:\/\/lt-laborhandel.de\/en\/wp-json\/wp\/v2\/types\/product"}],"wp:featuredmedia":[{"embeddable":true,"href":"https:\/\/lt-laborhandel.de\/en\/wp-json\/wp\/v2\/media\/13028"}],"wp:attachment":[{"href":"https:\/\/lt-laborhandel.de\/en\/wp-json\/wp\/v2\/media?parent=12959"}],"wp:term":[{"taxonomy":"product_brand","embeddable":true,"href":"https:\/\/lt-laborhandel.de\/en\/wp-json\/wp\/v2\/product_brand?post=12959"},{"taxonomy":"product_cat","embeddable":true,"href":"https:\/\/lt-laborhandel.de\/en\/wp-json\/wp\/v2\/product_cat?post=12959"},{"taxonomy":"product_tag","embeddable":true,"href":"https:\/\/lt-laborhandel.de\/en\/wp-json\/wp\/v2\/product_tag?post=12959"}],"curies":[{"name":"wp","href":"https:\/\/api.w.org\/{rel}","templated":true}]}}