{"id":12954,"date":"2023-03-01T18:13:21","date_gmt":"2023-03-01T17:13:21","guid":{"rendered":"https:\/\/lt-laborhandel.de\/produkt\/memmert-klimaschrank-ich750-749l-10-60c-mit-feuchte-10-80rh\/"},"modified":"2026-03-13T09:47:13","modified_gmt":"2026-03-13T08:47:13","slug":"memmert-klimaschrank-ich750-749l-10-60c-mit-feuchte-10-80rh","status":"publish","type":"product","link":"https:\/\/lt-laborhandel.de\/en\/produkt\/memmert-klimaschrank-ich750-749l-10-60c-mit-feuchte-10-80rh\/","title":{"rendered":"Memmert, Klimaschrank ICH750, 749l, 10-60\u00b0C mit Feuchte 10-80%rh"},"content":{"rendered":"<p>Klimaschrank ICH750, TwinDISPLAY, 749 l, Arbeitstemperaturbereich mit Feuchte +10 \u00b0C bis +60 \u00b0C, Arbeitstemperaturbereich ohne Feuchte -10 \u00b0C bis +60 \u00b0C (nicht zum dauerhaften Lagern bei Minustemperaturen geeignet. Bei Dauerbetrieb kann eine Vereisung der Glast\u00fcr auftreten); Einstellbereich -10 \u00b0C bis +60 \u00b0C, Feuchtebereich 10 % &#8211; 80 % rh, mit 2 Gitterrosten, \u00e4u\u00dfere Edelstahlt\u00fcr, innere Glast\u00fcr, Ethernet-Schnittstelle zum Auslesen der Protokolldaten; zus\u00e4tzlich \u00dcbertragung von Programmen sowie Online-Protokollierung; USB-Port am ControlCOCKPIT f\u00fcr USB-Stick; Mehrfach-\u00dcber-\/Untertemperaturschutz, integrierter Datenlogger mit Speicherkapazit\u00e4t f\u00fcr min. 10 Jahre, Einstellung von je 3 Kalibrierwerten am ControlCOCKPIT; Werkskalibrierzertifikat f\u00fcr +10 \u00b0C, +37 \u00b0C sowie +30 \u00b0C bei 60 % rh; Strukturedelstahlgeh\u00e4use: 1224 x 1950 x 785 mm; Edelstahlinnenraum: 1040 x 1200 x 600 mm; Spannung: 230 V, 50\/60 Hz; max. Leistungsaufnahme: ca. 1350 W<\/p>\n","protected":false},"excerpt":{"rendered":"<p><b>Zubeh\u00f6r- und Ersatzteile erhalten Sie gerne auf Anfrage!<\/b><\/p>\n","protected":false},"featured_media":13016,"template":"","meta":[],"product_brand":[358],"product_cat":[275,322],"product_tag":[],"class_list":{"0":"post-12954","1":"product","2":"type-product","3":"status-publish","4":"has-post-thumbnail","6":"product_brand-memmert","7":"product_cat-klimaschraenke","8":"product_cat-memmert","9":"product_shipping_class-standard","11":"first","12":"instock","13":"taxable","14":"shipping-taxable","15":"purchasable","16":"product-type-simple"},"tiered_pricing_type":"fixed","tiered_pricing_fixed_rules":[],"tiered_pricing_product_settings":{"layout":"default","base_unit_name":{"singular":null,"plural":null},"default_variation":null},"tiered_pricing_minimum_quantity":null,"tiered_pricing_roles_data":[],"tiered_pricing_percentage_rules":[],"_links":{"self":[{"href":"https:\/\/lt-laborhandel.de\/en\/wp-json\/wp\/v2\/product\/12954","targetHints":{"allow":["GET"]}}],"collection":[{"href":"https:\/\/lt-laborhandel.de\/en\/wp-json\/wp\/v2\/product"}],"about":[{"href":"https:\/\/lt-laborhandel.de\/en\/wp-json\/wp\/v2\/types\/product"}],"wp:featuredmedia":[{"embeddable":true,"href":"https:\/\/lt-laborhandel.de\/en\/wp-json\/wp\/v2\/media\/13016"}],"wp:attachment":[{"href":"https:\/\/lt-laborhandel.de\/en\/wp-json\/wp\/v2\/media?parent=12954"}],"wp:term":[{"taxonomy":"product_brand","embeddable":true,"href":"https:\/\/lt-laborhandel.de\/en\/wp-json\/wp\/v2\/product_brand?post=12954"},{"taxonomy":"product_cat","embeddable":true,"href":"https:\/\/lt-laborhandel.de\/en\/wp-json\/wp\/v2\/product_cat?post=12954"},{"taxonomy":"product_tag","embeddable":true,"href":"https:\/\/lt-laborhandel.de\/en\/wp-json\/wp\/v2\/product_tag?post=12954"}],"curies":[{"name":"wp","href":"https:\/\/api.w.org\/{rel}","templated":true}]}}