{"id":12619,"date":"2023-01-02T15:17:46","date_gmt":"2023-01-02T14:17:46","guid":{"rendered":"https:\/\/lt-laborhandel.de\/produkt\/wtw-ids-praezisions-ph-elektrode-mit-schliffdiaphragma-fuer-ionenarme-medien-laenge-165-mm-mit-eingebautem-temperaturfuehler-qsc-faehig-speicher-fuer-10-kalibrierungen-gespeicherte-seriennummer\/"},"modified":"2026-01-09T21:22:53","modified_gmt":"2026-01-09T20:22:53","slug":"wtw-ids-praezisions-ph-elektrode-mit-schliffdiaphragma-fuer-ionenarme-medien-laenge-165-mm-mit-eingebautem-temperaturfuehler-qsc-faehig-speicher-fuer-10-kalibrierungen-gespeicherte-seriennummer","status":"publish","type":"product","link":"https:\/\/lt-laborhandel.de\/en\/produkt\/wtw-ids-praezisions-ph-elektrode-mit-schliffdiaphragma-fuer-ionenarme-medien-laenge-165-mm-mit-eingebautem-temperaturfuehler-qsc-faehig-speicher-fuer-10-kalibrierungen-gespeicherte-seriennummer\/","title":{"rendered":"WTW IDS Pr\u00e4zisions-pH-Elektrode mit Schliffdiaphragma f\u00fcr ionenarme Medien, L\u00e4nge 165 mm, mit eingebautem Temperaturf\u00fchler, QSC-f\u00e4hig, Speicher f\u00fcr 10 Kalibrierungen, gespeicherte Seriennummer, Steckkopf f\u00fcr AS IDS\/1.5 Kabel oder Funkmodul. #103767"},"content":{"rendered":"<p>WTW IDS Pr\u00e4zisions-pH-Elektrode mit Schliffdiaphragma f\u00fcr ionenarme Medien, L\u00e4nge 165 mm, mit eingebautem Temperaturf\u00fchler, QSC-f\u00e4hig, Speicher f\u00fcr 10 Kalibrierungen, gespeicherte Seriennummer, Steckkopf f\u00fcr AS IDS\/1.5 Kabel oder Funkmodul. #103767<\/p>\n","protected":false},"excerpt":{"rendered":"<p><b>Zubeh\u00f6r- und Ersatzteile erhalten Sie gerne auf Anfrage!<\/b><\/p>\n","protected":false},"featured_media":12736,"template":"","meta":[],"product_brand":[],"product_cat":[270],"product_tag":[],"class_list":{"0":"post-12619","1":"product","2":"type-product","3":"status-publish","4":"has-post-thumbnail","6":"product_cat-elektroden","7":"product_shipping_class-standard","9":"first","10":"instock","11":"taxable","12":"shipping-taxable","13":"purchasable","14":"product-type-simple"},"tiered_pricing_type":"fixed","tiered_pricing_fixed_rules":[],"tiered_pricing_product_settings":{"layout":"default","base_unit_name":{"singular":null,"plural":null},"default_variation":null},"tiered_pricing_minimum_quantity":null,"tiered_pricing_roles_data":[],"tiered_pricing_percentage_rules":[],"_links":{"self":[{"href":"https:\/\/lt-laborhandel.de\/en\/wp-json\/wp\/v2\/product\/12619","targetHints":{"allow":["GET"]}}],"collection":[{"href":"https:\/\/lt-laborhandel.de\/en\/wp-json\/wp\/v2\/product"}],"about":[{"href":"https:\/\/lt-laborhandel.de\/en\/wp-json\/wp\/v2\/types\/product"}],"wp:featuredmedia":[{"embeddable":true,"href":"https:\/\/lt-laborhandel.de\/en\/wp-json\/wp\/v2\/media\/12736"}],"wp:attachment":[{"href":"https:\/\/lt-laborhandel.de\/en\/wp-json\/wp\/v2\/media?parent=12619"}],"wp:term":[{"taxonomy":"product_brand","embeddable":true,"href":"https:\/\/lt-laborhandel.de\/en\/wp-json\/wp\/v2\/product_brand?post=12619"},{"taxonomy":"product_cat","embeddable":true,"href":"https:\/\/lt-laborhandel.de\/en\/wp-json\/wp\/v2\/product_cat?post=12619"},{"taxonomy":"product_tag","embeddable":true,"href":"https:\/\/lt-laborhandel.de\/en\/wp-json\/wp\/v2\/product_tag?post=12619"}],"curies":[{"name":"wp","href":"https:\/\/api.w.org\/{rel}","templated":true}]}}