{"id":12616,"date":"2023-01-02T15:17:44","date_gmt":"2023-01-02T14:17:44","guid":{"rendered":"https:\/\/lt-laborhandel.de\/produkt\/wtw-wartungsarme-ids-gelelektrolyt-ph-elektrode-mit-eingebautem-temperaturfuehler-3-diaphragmen-qsc-faehig-speicher-fuer-10-kalibrierungen-gespeicherte-seriennummer-steckkopf-fuer-as-ids-1-5-kabe\/"},"modified":"2026-01-09T21:22:53","modified_gmt":"2026-01-09T20:22:53","slug":"wtw-wartungsarme-ids-gelelektrolyt-ph-elektrode-mit-eingebautem-temperaturfuehler-3-diaphragmen-qsc-faehig-speicher-fuer-10-kalibrierungen-gespeicherte-seriennummer-steckkopf-fuer-as-ids-1-5-kabe","status":"publish","type":"product","link":"https:\/\/lt-laborhandel.de\/en\/produkt\/wtw-wartungsarme-ids-gelelektrolyt-ph-elektrode-mit-eingebautem-temperaturfuehler-3-diaphragmen-qsc-faehig-speicher-fuer-10-kalibrierungen-gespeicherte-seriennummer-steckkopf-fuer-as-ids-1-5-kabe\/","title":{"rendered":"WTW Wartungsarme IDS Gelelektrolyt-pH-Elektrode mit eingebautem Temperaturf\u00fchler, 3 Diaphragmen, QSC-f\u00e4hig, Speicher f\u00fcr 10 Kalibrierungen, gespeicherte Seriennummer, Steckkopf f\u00fcr AS IDS\/1.5 Kabel oder Funkmodul. #103764"},"content":{"rendered":"<p>WTW Wartungsarme IDS Gelelektrolyt-pH-Elektrode mit eingebautem Temperaturf\u00fchler, 3 Diaphragmen, QSC-f\u00e4hig, Speicher f\u00fcr 10 Kalibrierungen, gespeicherte Seriennummer, Steckkopf f\u00fcr AS IDS\/1.5 Kabel oder Funkmodul. #103764<\/p>\n","protected":false},"excerpt":{"rendered":"<p><b>Zubeh\u00f6r- und Ersatzteile erhalten Sie gerne auf Anfrage!<\/b><\/p>\n","protected":false},"featured_media":12730,"template":"","meta":[],"product_brand":[],"product_cat":[270],"product_tag":[],"class_list":{"0":"post-12616","1":"product","2":"type-product","3":"status-publish","4":"has-post-thumbnail","6":"product_cat-elektroden","7":"product_shipping_class-standard","9":"first","10":"instock","11":"taxable","12":"shipping-taxable","13":"purchasable","14":"product-type-simple"},"tiered_pricing_type":"fixed","tiered_pricing_fixed_rules":[],"tiered_pricing_product_settings":{"layout":"default","base_unit_name":{"singular":null,"plural":null},"default_variation":null},"tiered_pricing_minimum_quantity":null,"tiered_pricing_roles_data":[],"tiered_pricing_percentage_rules":[],"_links":{"self":[{"href":"https:\/\/lt-laborhandel.de\/en\/wp-json\/wp\/v2\/product\/12616","targetHints":{"allow":["GET"]}}],"collection":[{"href":"https:\/\/lt-laborhandel.de\/en\/wp-json\/wp\/v2\/product"}],"about":[{"href":"https:\/\/lt-laborhandel.de\/en\/wp-json\/wp\/v2\/types\/product"}],"wp:featuredmedia":[{"embeddable":true,"href":"https:\/\/lt-laborhandel.de\/en\/wp-json\/wp\/v2\/media\/12730"}],"wp:attachment":[{"href":"https:\/\/lt-laborhandel.de\/en\/wp-json\/wp\/v2\/media?parent=12616"}],"wp:term":[{"taxonomy":"product_brand","embeddable":true,"href":"https:\/\/lt-laborhandel.de\/en\/wp-json\/wp\/v2\/product_brand?post=12616"},{"taxonomy":"product_cat","embeddable":true,"href":"https:\/\/lt-laborhandel.de\/en\/wp-json\/wp\/v2\/product_cat?post=12616"},{"taxonomy":"product_tag","embeddable":true,"href":"https:\/\/lt-laborhandel.de\/en\/wp-json\/wp\/v2\/product_tag?post=12616"}],"curies":[{"name":"wp","href":"https:\/\/api.w.org\/{rel}","templated":true}]}}