{"id":12611,"date":"2023-01-02T15:17:42","date_gmt":"2023-01-02T14:17:42","guid":{"rendered":"https:\/\/lt-laborhandel.de\/produkt\/wtw-ids-ph-mikro-elektrode-zur-messung-in-geringen-volumina-und-kleinen-gefaessen-durchmesser-5-mm-mit-temperaturfuehler-qsc-faehig-speicher-fuer-10-kalibrierungen-15-m-kabel-mit-digitalstecker\/"},"modified":"2026-03-26T21:36:02","modified_gmt":"2026-03-26T20:36:02","slug":"wtw-ids-ph-mikro-elektrode-zur-messung-in-geringen-volumina-und-kleinen-gefaessen-durchmesser-5-mm-mit-temperaturfuehler-qsc-faehig-speicher-fuer-10-kalibrierungen-15-m-kabel-mit-digitalstecker","status":"publish","type":"product","link":"https:\/\/lt-laborhandel.de\/en\/produkt\/wtw-ids-ph-mikro-elektrode-zur-messung-in-geringen-volumina-und-kleinen-gefaessen-durchmesser-5-mm-mit-temperaturfuehler-qsc-faehig-speicher-fuer-10-kalibrierungen-15-m-kabel-mit-digitalstecker\/","title":{"rendered":"WTW IDS pH-Mikro-Elektrode, zur Messung in geringen Volumina und kleinen Gef\u00e4\u00dfen, Durchmesser 5 mm, mit Temperaturf\u00fchler, QSC f\u00e4hig, Speicher f\u00fcr 10 Kalibrierungen, 1,5 m Kabel mit Digitalstecker f\u00fcr MultiLine\u00ae, MonoLine oder inoLab\u00ae IDS. #103751"},"content":{"rendered":"<p>WTW IDS pH-Mikro-Elektrode, zur Messung in geringen Volumina und kleinen Gef\u00e4\u00dfen, Durchmesser 5 mm, mit Temperaturf\u00fchler, QSC f\u00e4hig, Speicher f\u00fcr 10 Kalibrierungen, 1,5 m Kabel mit Digitalstecker f\u00fcr MultiLine\u00ae, MonoLine oder inoLab\u00ae IDS. #103751<\/p>\n","protected":false},"excerpt":{"rendered":"<p><b>Zubeh\u00f6r- und Ersatzteile erhalten Sie gerne auf Anfrage!<\/b><\/p>\n","protected":false},"featured_media":12720,"template":"","meta":[],"product_brand":[],"product_cat":[270],"product_tag":[],"class_list":{"0":"post-12611","1":"product","2":"type-product","3":"status-publish","4":"has-post-thumbnail","6":"product_cat-elektroden","7":"product_shipping_class-standard","9":"first","10":"instock","11":"taxable","12":"shipping-taxable","13":"purchasable","14":"product-type-simple"},"tiered_pricing_type":"fixed","tiered_pricing_fixed_rules":[],"tiered_pricing_product_settings":{"layout":"default","base_unit_name":{"singular":null,"plural":null},"default_variation":null},"tiered_pricing_minimum_quantity":null,"tiered_pricing_roles_data":[],"tiered_pricing_percentage_rules":[],"_links":{"self":[{"href":"https:\/\/lt-laborhandel.de\/en\/wp-json\/wp\/v2\/product\/12611","targetHints":{"allow":["GET"]}}],"collection":[{"href":"https:\/\/lt-laborhandel.de\/en\/wp-json\/wp\/v2\/product"}],"about":[{"href":"https:\/\/lt-laborhandel.de\/en\/wp-json\/wp\/v2\/types\/product"}],"wp:featuredmedia":[{"embeddable":true,"href":"https:\/\/lt-laborhandel.de\/en\/wp-json\/wp\/v2\/media\/12720"}],"wp:attachment":[{"href":"https:\/\/lt-laborhandel.de\/en\/wp-json\/wp\/v2\/media?parent=12611"}],"wp:term":[{"taxonomy":"product_brand","embeddable":true,"href":"https:\/\/lt-laborhandel.de\/en\/wp-json\/wp\/v2\/product_brand?post=12611"},{"taxonomy":"product_cat","embeddable":true,"href":"https:\/\/lt-laborhandel.de\/en\/wp-json\/wp\/v2\/product_cat?post=12611"},{"taxonomy":"product_tag","embeddable":true,"href":"https:\/\/lt-laborhandel.de\/en\/wp-json\/wp\/v2\/product_tag?post=12611"}],"curies":[{"name":"wp","href":"https:\/\/api.w.org\/{rel}","templated":true}]}}