{"id":12603,"date":"2023-01-02T15:17:36","date_gmt":"2023-01-02T14:17:36","guid":{"rendered":"https:\/\/lt-laborhandel.de\/produkt\/wtw-praezisions-ph-elektrode-fluessigelektrolyt-integrierter-temperaturfuehler-kugelmembran-din-stecker-und-bananen-stecker-laenge-170-mm-1-m-din-kabel\/"},"modified":"2026-01-09T21:22:50","modified_gmt":"2026-01-09T20:22:50","slug":"wtw-praezisions-ph-elektrode-fluessigelektrolyt-integrierter-temperaturfuehler-kugelmembran-din-stecker-und-bananen-stecker-laenge-170-mm-1-m-din-kabel","status":"publish","type":"product","link":"https:\/\/lt-laborhandel.de\/en\/produkt\/wtw-praezisions-ph-elektrode-fluessigelektrolyt-integrierter-temperaturfuehler-kugelmembran-din-stecker-und-bananen-stecker-laenge-170-mm-1-m-din-kabel\/","title":{"rendered":"WTW Pr\u00e4zisions-pH-Elektrode, Fl\u00fcssigelektrolyt, integrierter Temperaturf\u00fchler, Kugelmembran, DIN-Stecker und Bananen-Stecker, L\u00e4nge 170 mm, 1 m DIN-Kabel #103695"},"content":{"rendered":"<p>WTW Pr\u00e4zisions-pH-Elektrode, Fl\u00fcssigelektrolyt, integrierter Temperaturf\u00fchler, Kugelmembran, DIN-Stecker und Bananen-Stecker, L\u00e4nge 170 mm, 1 m DIN-Kabel #103695<\/p>\n","protected":false},"excerpt":{"rendered":"<p><b>Zubeh\u00f6r- und Ersatzteile erhalten Sie gerne auf Anfrage!<\/b><\/p>\n","protected":false},"featured_media":12710,"template":"","meta":[],"product_brand":[],"product_cat":[270],"product_tag":[],"class_list":{"0":"post-12603","1":"product","2":"type-product","3":"status-publish","4":"has-post-thumbnail","6":"product_cat-elektroden","7":"product_shipping_class-standard","9":"first","10":"instock","11":"taxable","12":"shipping-taxable","13":"purchasable","14":"product-type-simple"},"tiered_pricing_type":"fixed","tiered_pricing_fixed_rules":[],"tiered_pricing_product_settings":{"layout":"default","base_unit_name":{"singular":null,"plural":null},"default_variation":null},"tiered_pricing_minimum_quantity":null,"tiered_pricing_roles_data":[],"tiered_pricing_percentage_rules":[],"_links":{"self":[{"href":"https:\/\/lt-laborhandel.de\/en\/wp-json\/wp\/v2\/product\/12603","targetHints":{"allow":["GET"]}}],"collection":[{"href":"https:\/\/lt-laborhandel.de\/en\/wp-json\/wp\/v2\/product"}],"about":[{"href":"https:\/\/lt-laborhandel.de\/en\/wp-json\/wp\/v2\/types\/product"}],"wp:featuredmedia":[{"embeddable":true,"href":"https:\/\/lt-laborhandel.de\/en\/wp-json\/wp\/v2\/media\/12710"}],"wp:attachment":[{"href":"https:\/\/lt-laborhandel.de\/en\/wp-json\/wp\/v2\/media?parent=12603"}],"wp:term":[{"taxonomy":"product_brand","embeddable":true,"href":"https:\/\/lt-laborhandel.de\/en\/wp-json\/wp\/v2\/product_brand?post=12603"},{"taxonomy":"product_cat","embeddable":true,"href":"https:\/\/lt-laborhandel.de\/en\/wp-json\/wp\/v2\/product_cat?post=12603"},{"taxonomy":"product_tag","embeddable":true,"href":"https:\/\/lt-laborhandel.de\/en\/wp-json\/wp\/v2\/product_tag?post=12603"}],"curies":[{"name":"wp","href":"https:\/\/api.w.org\/{rel}","templated":true}]}}