{"id":12595,"date":"2023-01-02T15:17:32","date_gmt":"2023-01-02T14:17:32","guid":{"rendered":"https:\/\/lt-laborhandel.de\/produkt\/wtw-praezisions-ph-elektrode-mit-schliffdiaphragma-fuer-ionenarme-medien-und-s7-steckkopf-laenge-165-mm-ohne-anschlusskabel\/"},"modified":"2026-01-09T21:22:49","modified_gmt":"2026-01-09T20:22:49","slug":"wtw-praezisions-ph-elektrode-mit-schliffdiaphragma-fuer-ionenarme-medien-und-s7-steckkopf-laenge-165-mm-ohne-anschlusskabel","status":"publish","type":"product","link":"https:\/\/lt-laborhandel.de\/en\/produkt\/wtw-praezisions-ph-elektrode-mit-schliffdiaphragma-fuer-ionenarme-medien-und-s7-steckkopf-laenge-165-mm-ohne-anschlusskabel\/","title":{"rendered":"WTW Pr\u00e4zisions-pH-Elektrode mit Schliffdiaphragma f\u00fcr ionenarme Medien und S7-Steckkopf, L\u00e4nge 165 mm. Ohne Anschlusskabel. #103650"},"content":{"rendered":"<p>WTW Pr\u00e4zisions-pH-Elektrode mit Schliffdiaphragma f\u00fcr ionenarme Medien und S7-Steckkopf, L\u00e4nge 165 mm. Ohne Anschlusskabel. #103650<\/p>\n","protected":false},"excerpt":{"rendered":"<p><b>Zubeh\u00f6r- und Ersatzteile erhalten Sie gerne auf Anfrage!<\/b><\/p>\n","protected":false},"featured_media":12698,"template":"","meta":[],"product_brand":[],"product_cat":[270],"product_tag":[],"class_list":{"0":"post-12595","1":"product","2":"type-product","3":"status-publish","4":"has-post-thumbnail","6":"product_cat-elektroden","7":"product_shipping_class-standard","9":"first","10":"instock","11":"taxable","12":"shipping-taxable","13":"purchasable","14":"product-type-simple"},"tiered_pricing_type":"fixed","tiered_pricing_fixed_rules":[],"tiered_pricing_product_settings":{"layout":"default","base_unit_name":{"singular":null,"plural":null},"default_variation":null},"tiered_pricing_minimum_quantity":null,"tiered_pricing_roles_data":[],"tiered_pricing_percentage_rules":[],"_links":{"self":[{"href":"https:\/\/lt-laborhandel.de\/en\/wp-json\/wp\/v2\/product\/12595","targetHints":{"allow":["GET"]}}],"collection":[{"href":"https:\/\/lt-laborhandel.de\/en\/wp-json\/wp\/v2\/product"}],"about":[{"href":"https:\/\/lt-laborhandel.de\/en\/wp-json\/wp\/v2\/types\/product"}],"wp:featuredmedia":[{"embeddable":true,"href":"https:\/\/lt-laborhandel.de\/en\/wp-json\/wp\/v2\/media\/12698"}],"wp:attachment":[{"href":"https:\/\/lt-laborhandel.de\/en\/wp-json\/wp\/v2\/media?parent=12595"}],"wp:term":[{"taxonomy":"product_brand","embeddable":true,"href":"https:\/\/lt-laborhandel.de\/en\/wp-json\/wp\/v2\/product_brand?post=12595"},{"taxonomy":"product_cat","embeddable":true,"href":"https:\/\/lt-laborhandel.de\/en\/wp-json\/wp\/v2\/product_cat?post=12595"},{"taxonomy":"product_tag","embeddable":true,"href":"https:\/\/lt-laborhandel.de\/en\/wp-json\/wp\/v2\/product_tag?post=12595"}],"curies":[{"name":"wp","href":"https:\/\/api.w.org\/{rel}","templated":true}]}}