{"id":12591,"date":"2023-01-02T15:17:30","date_gmt":"2023-01-02T14:17:30","guid":{"rendered":"https:\/\/lt-laborhandel.de\/produkt\/wtw-ph-elektrode-fuer-einstichmessungen-zur-messung-in-fleisch-obst-und-kaese-mit-s7-steckkopf-ohne-anschlusskabel\/"},"modified":"2026-03-26T21:35:20","modified_gmt":"2026-03-26T20:35:20","slug":"wtw-ph-elektrode-fuer-einstichmessungen-zur-messung-in-fleisch-obst-und-kaese-mit-s7-steckkopf-ohne-anschlusskabel","status":"publish","type":"product","link":"https:\/\/lt-laborhandel.de\/en\/produkt\/wtw-ph-elektrode-fuer-einstichmessungen-zur-messung-in-fleisch-obst-und-kaese-mit-s7-steckkopf-ohne-anschlusskabel\/","title":{"rendered":"WTW pH-Elektrode f\u00fcr Einstichmessungen, zur Messung in Fleisch, Obst und K\u00e4se, mit S7-Steckkopf. Ohne Anschlusskabel. #103645"},"content":{"rendered":"<p>WTW pH-Elektrode f\u00fcr Einstichmessungen, zur Messung in Fleisch, Obst und K\u00e4se, mit S7-Steckkopf. Ohne Anschlusskabel. #103645<\/p>\n","protected":false},"excerpt":{"rendered":"<p><b>Zubeh\u00f6r- und Ersatzteile erhalten Sie gerne auf Anfrage!<\/b><\/p>\n","protected":false},"featured_media":12690,"template":"","meta":[],"product_brand":[395],"product_cat":[270],"product_tag":[],"class_list":{"0":"post-12591","1":"product","2":"type-product","3":"status-publish","4":"has-post-thumbnail","6":"product_brand-wtw","7":"product_cat-elektroden","8":"product_shipping_class-standard","10":"first","11":"instock","12":"taxable","13":"shipping-taxable","14":"purchasable","15":"product-type-simple"},"tiered_pricing_type":"fixed","tiered_pricing_fixed_rules":[],"tiered_pricing_product_settings":{"layout":"default","base_unit_name":{"singular":null,"plural":null},"default_variation":null},"tiered_pricing_minimum_quantity":null,"tiered_pricing_roles_data":[],"tiered_pricing_percentage_rules":[],"_links":{"self":[{"href":"https:\/\/lt-laborhandel.de\/en\/wp-json\/wp\/v2\/product\/12591","targetHints":{"allow":["GET"]}}],"collection":[{"href":"https:\/\/lt-laborhandel.de\/en\/wp-json\/wp\/v2\/product"}],"about":[{"href":"https:\/\/lt-laborhandel.de\/en\/wp-json\/wp\/v2\/types\/product"}],"wp:featuredmedia":[{"embeddable":true,"href":"https:\/\/lt-laborhandel.de\/en\/wp-json\/wp\/v2\/media\/12690"}],"wp:attachment":[{"href":"https:\/\/lt-laborhandel.de\/en\/wp-json\/wp\/v2\/media?parent=12591"}],"wp:term":[{"taxonomy":"product_brand","embeddable":true,"href":"https:\/\/lt-laborhandel.de\/en\/wp-json\/wp\/v2\/product_brand?post=12591"},{"taxonomy":"product_cat","embeddable":true,"href":"https:\/\/lt-laborhandel.de\/en\/wp-json\/wp\/v2\/product_cat?post=12591"},{"taxonomy":"product_tag","embeddable":true,"href":"https:\/\/lt-laborhandel.de\/en\/wp-json\/wp\/v2\/product_tag?post=12591"}],"curies":[{"name":"wp","href":"https:\/\/api.w.org\/{rel}","templated":true}]}}