{"id":12587,"date":"2023-01-02T15:17:28","date_gmt":"2023-01-02T14:17:28","guid":{"rendered":"https:\/\/lt-laborhandel.de\/produkt\/wtw-glas-ph-elektrode-mit-fluessigelektrolyt-s7-steckkopf-laenge-120-mm-ohne-anschlusskabel\/"},"modified":"2026-01-09T21:22:44","modified_gmt":"2026-01-09T20:22:44","slug":"wtw-glas-ph-elektrode-mit-fluessigelektrolyt-s7-steckkopf-laenge-120-mm-ohne-anschlusskabel","status":"publish","type":"product","link":"https:\/\/lt-laborhandel.de\/en\/produkt\/wtw-glas-ph-elektrode-mit-fluessigelektrolyt-s7-steckkopf-laenge-120-mm-ohne-anschlusskabel\/","title":{"rendered":"WTW Glas-pH-Elektrode mit Fl\u00fcssigelektrolyt, S7 Steckkopf, L\u00e4nge 120 mm. Ohne Anschlusskabel. #103639"},"content":{"rendered":"<p>WTW Glas-pH-Elektrode mit Fl\u00fcssigelektrolyt, S7 Steckkopf, L\u00e4nge 120 mm. Ohne Anschlusskabel. #103639<\/p>\n","protected":false},"excerpt":{"rendered":"<p><b>Zubeh\u00f6r- und Ersatzteile erhalten Sie gerne auf Anfrage!<\/b><\/p>\n","protected":false},"featured_media":12688,"template":"","meta":[],"product_brand":[],"product_cat":[270],"product_tag":[],"class_list":{"0":"post-12587","1":"product","2":"type-product","3":"status-publish","4":"has-post-thumbnail","6":"product_cat-elektroden","7":"product_shipping_class-standard","9":"first","10":"instock","11":"taxable","12":"shipping-taxable","13":"purchasable","14":"product-type-simple"},"tiered_pricing_type":"fixed","tiered_pricing_fixed_rules":[],"tiered_pricing_product_settings":{"layout":"default","base_unit_name":{"singular":null,"plural":null},"default_variation":null},"tiered_pricing_minimum_quantity":null,"tiered_pricing_roles_data":[],"tiered_pricing_percentage_rules":[],"_links":{"self":[{"href":"https:\/\/lt-laborhandel.de\/en\/wp-json\/wp\/v2\/product\/12587","targetHints":{"allow":["GET"]}}],"collection":[{"href":"https:\/\/lt-laborhandel.de\/en\/wp-json\/wp\/v2\/product"}],"about":[{"href":"https:\/\/lt-laborhandel.de\/en\/wp-json\/wp\/v2\/types\/product"}],"wp:featuredmedia":[{"embeddable":true,"href":"https:\/\/lt-laborhandel.de\/en\/wp-json\/wp\/v2\/media\/12688"}],"wp:attachment":[{"href":"https:\/\/lt-laborhandel.de\/en\/wp-json\/wp\/v2\/media?parent=12587"}],"wp:term":[{"taxonomy":"product_brand","embeddable":true,"href":"https:\/\/lt-laborhandel.de\/en\/wp-json\/wp\/v2\/product_brand?post=12587"},{"taxonomy":"product_cat","embeddable":true,"href":"https:\/\/lt-laborhandel.de\/en\/wp-json\/wp\/v2\/product_cat?post=12587"},{"taxonomy":"product_tag","embeddable":true,"href":"https:\/\/lt-laborhandel.de\/en\/wp-json\/wp\/v2\/product_tag?post=12587"}],"curies":[{"name":"wp","href":"https:\/\/api.w.org\/{rel}","templated":true}]}}