{"id":12327,"date":"2022-11-11T13:55:09","date_gmt":"2022-11-11T12:55:09","guid":{"rendered":"https:\/\/lt-laborhandel.de\/produkt\/wtw-glas-ph-elektrode-sentix-81-fluessigelektrolyt-integriertem-temperaturfuehler-wasserdichtem-din-stecker-u-bananen-stecker-laenge-120-mm-1-m-kabel-103642\/"},"modified":"2026-03-28T18:07:13","modified_gmt":"2026-03-28T17:07:13","slug":"wtw-glas-ph-elektrode-sentix-81-fluessigelektrolyt-integriertem-temperaturfuehler-wasserdichtem-din-stecker-u-bananen-stecker-laenge-120-mm-1-m-kabel-103642","status":"publish","type":"product","link":"https:\/\/lt-laborhandel.de\/en\/produkt\/wtw-glas-ph-elektrode-sentix-81-fluessigelektrolyt-integriertem-temperaturfuehler-wasserdichtem-din-stecker-u-bananen-stecker-laenge-120-mm-1-m-kabel-103642\/","title":{"rendered":"WTW Glas-pH-Elektrode SenTix\u00ae 81, Fl\u00fcssigelektrolyt, integriertem Temperaturf\u00fchler, wasserdichtem DIN- Stecker u. Bananen-Stecker, L\u00e4nge 120 mm, 1 m Kabel, #103642"},"content":{"rendered":"<p>WTW Glas-pH-Elektrode SenTix\u00ae 81, Fl\u00fcssigelektrolyt, integriertem Temperaturf\u00fchler, wasserdichtem DIN- Stecker u. Bananen-Stecker, L\u00e4nge 120 mm, 1 m Kabel, #103642<\/p>\n","protected":false},"excerpt":{"rendered":"<p><b>Zubeh\u00f6r- und Ersatzteile erhalten Sie gerne auf Anfrage!<\/b><\/p>\n","protected":false},"featured_media":12766,"template":"","meta":[],"product_brand":[],"product_cat":[270],"product_tag":[],"class_list":{"0":"post-12327","1":"product","2":"type-product","3":"status-publish","4":"has-post-thumbnail","6":"product_cat-elektroden","7":"product_shipping_class-standard","9":"first","10":"instock","11":"taxable","12":"shipping-taxable","13":"purchasable","14":"product-type-simple"},"tiered_pricing_type":"fixed","tiered_pricing_fixed_rules":[],"tiered_pricing_product_settings":{"layout":"default","base_unit_name":{"singular":null,"plural":null},"default_variation":null},"tiered_pricing_minimum_quantity":null,"tiered_pricing_roles_data":[],"tiered_pricing_percentage_rules":[],"_links":{"self":[{"href":"https:\/\/lt-laborhandel.de\/en\/wp-json\/wp\/v2\/product\/12327","targetHints":{"allow":["GET"]}}],"collection":[{"href":"https:\/\/lt-laborhandel.de\/en\/wp-json\/wp\/v2\/product"}],"about":[{"href":"https:\/\/lt-laborhandel.de\/en\/wp-json\/wp\/v2\/types\/product"}],"wp:featuredmedia":[{"embeddable":true,"href":"https:\/\/lt-laborhandel.de\/en\/wp-json\/wp\/v2\/media\/12766"}],"wp:attachment":[{"href":"https:\/\/lt-laborhandel.de\/en\/wp-json\/wp\/v2\/media?parent=12327"}],"wp:term":[{"taxonomy":"product_brand","embeddable":true,"href":"https:\/\/lt-laborhandel.de\/en\/wp-json\/wp\/v2\/product_brand?post=12327"},{"taxonomy":"product_cat","embeddable":true,"href":"https:\/\/lt-laborhandel.de\/en\/wp-json\/wp\/v2\/product_cat?post=12327"},{"taxonomy":"product_tag","embeddable":true,"href":"https:\/\/lt-laborhandel.de\/en\/wp-json\/wp\/v2\/product_tag?post=12327"}],"curies":[{"name":"wp","href":"https:\/\/api.w.org\/{rel}","templated":true}]}}