{"id":11703,"date":"2022-07-13T22:09:17","date_gmt":"2022-07-13T20:09:17","guid":{"rendered":"https:\/\/lt-laborhandel.de\/?post_type=product&#038;p=11703"},"modified":"2026-01-09T21:22:27","modified_gmt":"2026-01-09T20:22:27","slug":"bandlein-sonorex-digitec-dt-510-ultraschallbad-97-liter-3245","status":"publish","type":"product","link":"https:\/\/lt-laborhandel.de\/en\/produkt\/bandlein-sonorex-digitec-dt-510-ultraschallbad-97-liter-3245\/","title":{"rendered":"Bandelin, SONOREX DIGITEC DT 510 Ultraschallbad 9,7 Liter, #3245"},"content":{"rendered":"<p>Hochleistungs-Ultraschallreiniger f\u00fcr den Einsatz in Praxis, Labor und Werkstatt.<\/p>\n<p>Die bew\u00e4hrten und besonders robusten SONOREX Ultraschallb\u00e4der reinigen gr\u00fcndlich und schonend durch intensive Kavitationsblasen auch an den schwer zug\u00e4nglichen Stellen der Reinigungsobjekte.<\/p>\n<p>Eine nutzerfreundliche und leicht abwischbare Tastenbedienung dient zur einfachen Einstellung der Reinigungsdauer.<\/p>\n<p>Auf dem Anzeigedisplay l\u00e4sst sich die verbleibende Reinigungsdauer \u00fcbersichtlich ablesen.<br \/>\nDurch die vollautomatische SweepTec-Funktion werden stehende Wellen im Ultraschallfeld verhindert und eine besonders gleichm\u00e4\u00dfige Reinigung erzielt.<br \/>\nDie zu Beginn des Reinigungsprozesses aktivierbare Entgasungsfunktion (Degas) verst\u00e4rkt die Reinigungswirkung des Ultraschalls zus\u00e4tzlich.<\/p>\n<p>F\u00fcr eine optimal abgestimmte Ultraschallreinigung sind passende K\u00f6rbe, Deckel und Reinigungs- und Desinfektionskonzentrate als Zubeh\u00f6r erh\u00e4ltlich.<br \/>\nHochleistungs-Ultraschallreiniger f\u00fcr den Einsatz in Praxis, Labor und Werkstatt.<br \/>\nDie bew\u00e4hrten und besonders robusten SONOREX Ultraschallb\u00e4der reinigen gr\u00fcndlich und schonend durch intensive Kavitationsblasen auch an den schwer zug\u00e4nglichen Stellen der Reinigungsobjekte.<br \/>\nEine nutzerfreundliche und leicht abwischbare Tastenbedienung dient zur einfachen Einstellung der Reinigungsdauer.<\/p>\n<p>Auf dem Anzeigedisplay l\u00e4sst sich die verbleibende Reinigungsdauer \u00fcbersichtlich ablesen.<br \/>\nDurch die vollautomatische SweepTec-Funktion werden stehende Wellen im Ultraschallfeld verhindert und eine besonders gleichm\u00e4\u00dfige Reinigung erzielt. Die zu Beginn des Reinigungsprozesses aktivierbare Entgasungsfunktion (Degas) verst\u00e4rkt die Reinigungswirkung des Ultraschalls zus\u00e4tzlich.<\/p>\n<p>F\u00fcr eine optimal abgestimmte Ultraschallreinigung sind passende K\u00f6rbe, Deckel und Reinigungs- und Desinfektionskonzentrate als Zubeh\u00f6r erh\u00e4ltlich.<\/p>\n","protected":false},"excerpt":{"rendered":"<p><b>Zubeh\u00f6r- und Ersatzteile erhalten Sie gerne auf Anfrage!<\/b><\/p>\n","protected":false},"featured_media":11580,"template":"","meta":[],"product_brand":[],"product_cat":[268],"product_tag":[],"class_list":{"0":"post-11703","1":"product","2":"type-product","3":"status-publish","4":"has-post-thumbnail","6":"product_cat-ultraschallbaeder","7":"product_shipping_class-standard","9":"first","10":"instock","11":"taxable","12":"shipping-taxable","13":"purchasable","14":"product-type-simple"},"tiered_pricing_type":"fixed","tiered_pricing_fixed_rules":[],"tiered_pricing_product_settings":{"layout":"default","base_unit_name":{"singular":null,"plural":null},"default_variation":null},"tiered_pricing_minimum_quantity":null,"tiered_pricing_roles_data":[],"tiered_pricing_percentage_rules":[],"_links":{"self":[{"href":"https:\/\/lt-laborhandel.de\/en\/wp-json\/wp\/v2\/product\/11703","targetHints":{"allow":["GET"]}}],"collection":[{"href":"https:\/\/lt-laborhandel.de\/en\/wp-json\/wp\/v2\/product"}],"about":[{"href":"https:\/\/lt-laborhandel.de\/en\/wp-json\/wp\/v2\/types\/product"}],"wp:featuredmedia":[{"embeddable":true,"href":"https:\/\/lt-laborhandel.de\/en\/wp-json\/wp\/v2\/media\/11580"}],"wp:attachment":[{"href":"https:\/\/lt-laborhandel.de\/en\/wp-json\/wp\/v2\/media?parent=11703"}],"wp:term":[{"taxonomy":"product_brand","embeddable":true,"href":"https:\/\/lt-laborhandel.de\/en\/wp-json\/wp\/v2\/product_brand?post=11703"},{"taxonomy":"product_cat","embeddable":true,"href":"https:\/\/lt-laborhandel.de\/en\/wp-json\/wp\/v2\/product_cat?post=11703"},{"taxonomy":"product_tag","embeddable":true,"href":"https:\/\/lt-laborhandel.de\/en\/wp-json\/wp\/v2\/product_tag?post=11703"}],"curies":[{"name":"wp","href":"https:\/\/api.w.org\/{rel}","templated":true}]}}