{"id":11640,"date":"2022-07-13T22:08:21","date_gmt":"2022-07-13T20:08:21","guid":{"rendered":"https:\/\/lt-laborhandel.de\/?post_type=product&#038;p=11640"},"modified":"2026-01-09T21:22:20","modified_gmt":"2026-01-09T20:22:20","slug":"bandelin-sonorex-super-rk-100-ultraschallbad-3-liter-301","status":"publish","type":"product","link":"https:\/\/lt-laborhandel.de\/en\/produkt\/bandelin-sonorex-super-rk-100-ultraschallbad-3-liter-301\/","title":{"rendered":"Bandelin, SONOREX SUPER RK 100 Ultraschallbad 3 Liter, #301"},"content":{"rendered":"<p>Hochleistungs-Ultraschallreiniger f\u00fcr den Einsatz in Praxis, Labor und Werkstatt.<br \/>\nDie bew\u00e4hrten und besonders robusten SONOREX Ultraschallb\u00e4der reinigen gr\u00fcndlich und schonend durch intensive Kavitationsblasen auch an den schwer zug\u00e4nglichen Stellen der Reinigungsobjekte.<br \/>\nEine nutzerfreundliche Drehgriffbedienung dient zur einfachen Einstellung der Reinigungsdauer.<br \/>\nDurch die vollautomatische SweepTec-Funktion werden stehende Wellen im Ultraschallfeld verhindert und eine besonders gleichm\u00e4\u00dfige Reinigung erzielt.<\/p>\n<p>F\u00fcr eine optimal abgestimmte Ultraschallreinigung sind passende K\u00f6rbe, Deckel und Reinigungs- und Desinfektionskonzentrate als Zubeh\u00f6r erh\u00e4ltlich.<\/p>\n","protected":false},"excerpt":{"rendered":"<p><b>Zubeh\u00f6r- und Ersatzteile erhalten Sie gerne auf Anfrage!<\/b><\/p>\n","protected":false},"featured_media":11480,"template":"","meta":[],"product_brand":[],"product_cat":[268],"product_tag":[],"class_list":{"0":"post-11640","1":"product","2":"type-product","3":"status-publish","4":"has-post-thumbnail","6":"product_cat-ultraschallbaeder","7":"product_shipping_class-standard","9":"first","10":"instock","11":"taxable","12":"shipping-taxable","13":"purchasable","14":"product-type-simple"},"tiered_pricing_type":"fixed","tiered_pricing_fixed_rules":[],"tiered_pricing_product_settings":{"layout":"default","base_unit_name":{"singular":null,"plural":null},"default_variation":null},"tiered_pricing_minimum_quantity":null,"tiered_pricing_roles_data":[],"tiered_pricing_percentage_rules":[],"_links":{"self":[{"href":"https:\/\/lt-laborhandel.de\/en\/wp-json\/wp\/v2\/product\/11640","targetHints":{"allow":["GET"]}}],"collection":[{"href":"https:\/\/lt-laborhandel.de\/en\/wp-json\/wp\/v2\/product"}],"about":[{"href":"https:\/\/lt-laborhandel.de\/en\/wp-json\/wp\/v2\/types\/product"}],"wp:featuredmedia":[{"embeddable":true,"href":"https:\/\/lt-laborhandel.de\/en\/wp-json\/wp\/v2\/media\/11480"}],"wp:attachment":[{"href":"https:\/\/lt-laborhandel.de\/en\/wp-json\/wp\/v2\/media?parent=11640"}],"wp:term":[{"taxonomy":"product_brand","embeddable":true,"href":"https:\/\/lt-laborhandel.de\/en\/wp-json\/wp\/v2\/product_brand?post=11640"},{"taxonomy":"product_cat","embeddable":true,"href":"https:\/\/lt-laborhandel.de\/en\/wp-json\/wp\/v2\/product_cat?post=11640"},{"taxonomy":"product_tag","embeddable":true,"href":"https:\/\/lt-laborhandel.de\/en\/wp-json\/wp\/v2\/product_tag?post=11640"}],"curies":[{"name":"wp","href":"https:\/\/api.w.org\/{rel}","templated":true}]}}