{"id":11624,"date":"2022-07-13T22:08:17","date_gmt":"2022-07-13T20:08:17","guid":{"rendered":"https:\/\/lt-laborhandel.de\/?post_type=product&#038;p=11624"},"modified":"2026-01-09T21:22:16","modified_gmt":"2026-01-09T20:22:16","slug":"bandelin-sonorex-digitec-dt-510-f-ultraschallbad-43-liter-3242","status":"publish","type":"product","link":"https:\/\/lt-laborhandel.de\/en\/produkt\/bandelin-sonorex-digitec-dt-510-f-ultraschallbad-43-liter-3242\/","title":{"rendered":"Bandelin, SONOREX DIGITEC DT 510 F Ultraschallbad 4,3 Liter, #3242"},"content":{"rendered":"<p>Flaches-Ultraschallbad zur Schnellentgasung und Probenvorbereitung im Labor.<br \/>\nGleichm\u00e4\u00dfige Beschallung aller Proben unabh\u00e4ngig von deren Gr\u00f6\u00dfe und Anordnung. Homogenisierung oder Schnellentgasung der Proben.<br \/>\nEine nutzerfreundliche und leicht abwischbare Tastenbedienung dient zur einfachen Einstellung der Beschallungsdauer.<br \/>\nAufnahmeklammer verhindern das Kippen oder Aufschwimmen der Laborkolben.<\/p>\n<p>Auf dem Anzeigedisplay l\u00e4sst sich die verbleibende Beschallungsdauer \u00fcbersichtlich ablesen.<br \/>\nDurch die vollautomatische SweepTec-Funktion werden stehende Wellen im Ultraschallfeld verhindert und eine besonders gleichm\u00e4\u00dfige Beschallung erzielt.<\/p>\n","protected":false},"excerpt":{"rendered":"<p><b>Zubeh\u00f6r- und Ersatzteile erhalten Sie gerne auf Anfrage!<\/b><\/p>\n","protected":false},"featured_media":11460,"template":"","meta":[],"product_brand":[],"product_cat":[268],"product_tag":[],"class_list":{"0":"post-11624","1":"product","2":"type-product","3":"status-publish","4":"has-post-thumbnail","6":"product_cat-ultraschallbaeder","7":"product_shipping_class-standard","9":"first","10":"instock","11":"taxable","12":"shipping-taxable","13":"purchasable","14":"product-type-simple"},"tiered_pricing_type":"fixed","tiered_pricing_fixed_rules":[],"tiered_pricing_product_settings":{"layout":"default","base_unit_name":{"singular":null,"plural":null},"default_variation":null},"tiered_pricing_minimum_quantity":null,"tiered_pricing_roles_data":[],"tiered_pricing_percentage_rules":[],"_links":{"self":[{"href":"https:\/\/lt-laborhandel.de\/en\/wp-json\/wp\/v2\/product\/11624","targetHints":{"allow":["GET"]}}],"collection":[{"href":"https:\/\/lt-laborhandel.de\/en\/wp-json\/wp\/v2\/product"}],"about":[{"href":"https:\/\/lt-laborhandel.de\/en\/wp-json\/wp\/v2\/types\/product"}],"wp:featuredmedia":[{"embeddable":true,"href":"https:\/\/lt-laborhandel.de\/en\/wp-json\/wp\/v2\/media\/11460"}],"wp:attachment":[{"href":"https:\/\/lt-laborhandel.de\/en\/wp-json\/wp\/v2\/media?parent=11624"}],"wp:term":[{"taxonomy":"product_brand","embeddable":true,"href":"https:\/\/lt-laborhandel.de\/en\/wp-json\/wp\/v2\/product_brand?post=11624"},{"taxonomy":"product_cat","embeddable":true,"href":"https:\/\/lt-laborhandel.de\/en\/wp-json\/wp\/v2\/product_cat?post=11624"},{"taxonomy":"product_tag","embeddable":true,"href":"https:\/\/lt-laborhandel.de\/en\/wp-json\/wp\/v2\/product_tag?post=11624"}],"curies":[{"name":"wp","href":"https:\/\/api.w.org\/{rel}","templated":true}]}}