{"id":11593,"date":"2022-07-13T22:07:47","date_gmt":"2022-07-13T20:07:47","guid":{"rendered":"https:\/\/lt-laborhandel.de\/?post_type=product&#038;p=11593"},"modified":"2026-01-09T21:22:09","modified_gmt":"2026-01-09T20:22:09","slug":"bandelin-sonopuls-hd-4400-homogenisator-4400","status":"publish","type":"product","link":"https:\/\/lt-laborhandel.de\/en\/produkt\/bandelin-sonopuls-hd-4400-homogenisator-4400\/","title":{"rendered":"Bandelin, SONOPULS HD 4400 Homogenisator, #4400"},"content":{"rendered":"<p>Ultraschall-Homogenisator f\u00fcr Volumina von 100 &#8211; 3000 ml<\/p>\n<p>Betriebsfertige Grundausstattung f\u00fcr Volumina von 500 ml bis 2000 ml bestehend aus:<br \/>\n&#8211; Ultraschallgenerator GM 4400<br \/>\n&#8211; Ultraschallwandler UW 400<br \/>\n&#8211; Stufenhorn SH 400 G<br \/>\n&#8211; Titansonotrode TS 425, \u00d8 25 mm<\/p>\n<p>SONOPULS Homogenisatoren mit Amplitudenregelung 10 bis 100 % und Ist-Wert-Anzeige, Pulsierung, AMPLICHRON\u00ae-Schaltung (garantiert eine konstante Amplitude in Unabh\u00e4ngigkeit von wechselnden Bedingungen), integriertem Timer, fernbedienbar. Alle Ger\u00e4te haben eine CE-Kennzeichnung und sind Medizinprodukte nach der Richtlinie f\u00fcr In-vitro-Diagnostika 98\/79\/EG.<\/p>\n<p>Einsatzgebiete<br \/>\n&#8211; Aufschluss von Zellen, Bakterien, Viren, Gewebe (Zellaufschluss)<br \/>\n&#8211; Herstellung feinster Emulsionen<br \/>\n&#8211; Homogenisieren von Substanzen<br \/>\n&#8211; Entgasen von Fl\u00fcssigkeiten<br \/>\n&#8211; Probenvorbereitung f\u00fcr die Korngr\u00f6\u00dfenanalyse<br \/>\n&#8211; Beschleunigung chemischer Reaktionen<\/p>\n","protected":false},"excerpt":{"rendered":"<p><b>Zubeh\u00f6r- und Ersatzteile erhalten Sie gerne auf Anfrage!<\/b><\/p>\n","protected":false},"featured_media":11406,"template":"","meta":[],"product_brand":[],"product_cat":[268],"product_tag":[],"class_list":{"0":"post-11593","1":"product","2":"type-product","3":"status-publish","4":"has-post-thumbnail","6":"product_cat-ultraschallbaeder","7":"product_shipping_class-standard","9":"first","10":"instock","11":"taxable","12":"shipping-taxable","13":"purchasable","14":"product-type-simple"},"tiered_pricing_type":"fixed","tiered_pricing_fixed_rules":[],"tiered_pricing_product_settings":{"layout":"default","base_unit_name":{"singular":null,"plural":null},"default_variation":null},"tiered_pricing_minimum_quantity":null,"tiered_pricing_roles_data":[],"tiered_pricing_percentage_rules":[],"_links":{"self":[{"href":"https:\/\/lt-laborhandel.de\/en\/wp-json\/wp\/v2\/product\/11593","targetHints":{"allow":["GET"]}}],"collection":[{"href":"https:\/\/lt-laborhandel.de\/en\/wp-json\/wp\/v2\/product"}],"about":[{"href":"https:\/\/lt-laborhandel.de\/en\/wp-json\/wp\/v2\/types\/product"}],"wp:featuredmedia":[{"embeddable":true,"href":"https:\/\/lt-laborhandel.de\/en\/wp-json\/wp\/v2\/media\/11406"}],"wp:attachment":[{"href":"https:\/\/lt-laborhandel.de\/en\/wp-json\/wp\/v2\/media?parent=11593"}],"wp:term":[{"taxonomy":"product_brand","embeddable":true,"href":"https:\/\/lt-laborhandel.de\/en\/wp-json\/wp\/v2\/product_brand?post=11593"},{"taxonomy":"product_cat","embeddable":true,"href":"https:\/\/lt-laborhandel.de\/en\/wp-json\/wp\/v2\/product_cat?post=11593"},{"taxonomy":"product_tag","embeddable":true,"href":"https:\/\/lt-laborhandel.de\/en\/wp-json\/wp\/v2\/product_tag?post=11593"}],"curies":[{"name":"wp","href":"https:\/\/api.w.org\/{rel}","templated":true}]}}