{"id":11590,"date":"2022-07-13T22:07:46","date_gmt":"2022-07-13T20:07:46","guid":{"rendered":"https:\/\/lt-laborhandel.de\/?post_type=product&#038;p=11590"},"modified":"2026-01-09T21:22:08","modified_gmt":"2026-01-09T20:22:08","slug":"bandelin-sonopuls-hd-4050-homogenisator-4050","status":"publish","type":"product","link":"https:\/\/lt-laborhandel.de\/en\/produkt\/bandelin-sonopuls-hd-4050-homogenisator-4050\/","title":{"rendered":"Bandelin, SONOPULS HD 4050 Homogenisator, #4050"},"content":{"rendered":"<p>F\u00fcr Volumina von 0,5 &#8211; 100 ml<br \/>\nBetriebsfertige Grundausstattung f\u00fcr Volumina von 0,5 ml bis 20 ml bestehend aus:<br \/>\n&#8211; Ultraschallgenerator GM 4100<br \/>\n&#8211; Ultraschallwandler UW 50<br \/>\n&#8211; Titan-Sonotrode TS 102, \u00d8 2 mm SONOPULS<\/p>\n<p>Homogenisatoren mit Amplitudenregelung 10 bis 100 % und Ist-Wert-Anzeige, Pulsierung, AMPLICHRON\u00ae-Schaltung (garantiert eine konstante Amplitude in Unabh\u00e4ngigkeit von wechselnden Bedingungen), integriertem Timer, fernbedienbar. Alle Ger\u00e4te haben eine CE-Kennzeichnung und sind Medizinprodukte nach der Richtlinie f\u00fcr In-vitro-Diagnostika 98\/79\/EG.<\/p>\n<p>Einsatzgebiete<br \/>\n&#8211; Aufschluss von Zellen, Bakterien, Viren, Gewebe (Zellaufschluss)<br \/>\n&#8211; Herstellung feinster Emulsionen<br \/>\n&#8211; Homogenisieren von Substanzen<br \/>\n&#8211; Entgasen von Fl\u00fcssigkeiten<br \/>\n&#8211; Probenvorbereitung f\u00fcr die Korngr\u00f6\u00dfenanalyse<br \/>\n&#8211; Beschleunigung chemischer Reaktionen<\/p>\n","protected":false},"excerpt":{"rendered":"<p><b>Zubeh\u00f6r- und Ersatzteile erhalten Sie gerne auf Anfrage!<\/b><\/p>\n","protected":false},"featured_media":11400,"template":"","meta":[],"product_brand":[],"product_cat":[268],"product_tag":[],"class_list":{"0":"post-11590","1":"product","2":"type-product","3":"status-publish","4":"has-post-thumbnail","6":"product_cat-ultraschallbaeder","7":"product_shipping_class-standard","9":"first","10":"instock","11":"taxable","12":"shipping-taxable","13":"purchasable","14":"product-type-simple"},"tiered_pricing_type":"fixed","tiered_pricing_fixed_rules":[],"tiered_pricing_product_settings":{"layout":"default","base_unit_name":{"singular":null,"plural":null},"default_variation":null},"tiered_pricing_minimum_quantity":null,"tiered_pricing_roles_data":[],"tiered_pricing_percentage_rules":[],"_links":{"self":[{"href":"https:\/\/lt-laborhandel.de\/en\/wp-json\/wp\/v2\/product\/11590","targetHints":{"allow":["GET"]}}],"collection":[{"href":"https:\/\/lt-laborhandel.de\/en\/wp-json\/wp\/v2\/product"}],"about":[{"href":"https:\/\/lt-laborhandel.de\/en\/wp-json\/wp\/v2\/types\/product"}],"wp:featuredmedia":[{"embeddable":true,"href":"https:\/\/lt-laborhandel.de\/en\/wp-json\/wp\/v2\/media\/11400"}],"wp:attachment":[{"href":"https:\/\/lt-laborhandel.de\/en\/wp-json\/wp\/v2\/media?parent=11590"}],"wp:term":[{"taxonomy":"product_brand","embeddable":true,"href":"https:\/\/lt-laborhandel.de\/en\/wp-json\/wp\/v2\/product_brand?post=11590"},{"taxonomy":"product_cat","embeddable":true,"href":"https:\/\/lt-laborhandel.de\/en\/wp-json\/wp\/v2\/product_cat?post=11590"},{"taxonomy":"product_tag","embeddable":true,"href":"https:\/\/lt-laborhandel.de\/en\/wp-json\/wp\/v2\/product_tag?post=11590"}],"curies":[{"name":"wp","href":"https:\/\/api.w.org\/{rel}","templated":true}]}}