{"id":11586,"date":"2022-07-13T22:07:45","date_gmt":"2022-07-13T20:07:45","guid":{"rendered":"https:\/\/lt-laborhandel.de\/?post_type=product&#038;p=11586"},"modified":"2026-01-09T21:22:08","modified_gmt":"2026-01-09T20:22:08","slug":"bandelin-bactosonic-bs-14-2-set-ultraschallbad-135-liter-3291","status":"publish","type":"product","link":"https:\/\/lt-laborhandel.de\/en\/produkt\/bandelin-bactosonic-bs-14-2-set-ultraschallbad-135-liter-3291\/","title":{"rendered":"Bandelin, BactoSonic BS 14.2 Set Ultraschallbad 13,5 Liter, #3291"},"content":{"rendered":"<p>Ultraschall-Spezialbad zur schonenden Abl\u00f6sung von Biofilmen<\/p>\n<p>Der Therapieerfolg bei Implantat-Infektionen ist abh\u00e4ngig von einer pr\u00e4zisen mikrobiologischen Diagnose. Weil Mikroorganismen auf k\u00f6rperfremden Teilen Biofilme bilden, sind sie oft schwierig in umgebendem Gewebe nachzuweisen. Eine Therapie ist dadurch nur eingeschr\u00e4nkt m\u00f6glich.<br \/>\nMit Hilfe des BactoSonic Ultraschall-Spezialbades k\u00f6nnen Biofilme schonend von der Oberfl\u00e4che eines infizierten Implantats entfernt werden. Das Ger\u00e4t arbeitet im Vergleich zu anderen Ultraschallb\u00e4dern mit niederfrequentem Ultraschall bei geringer Intensit\u00e4t. Dadurch werden die abgel\u00f6sten Mikroorganismen nicht zerst\u00f6rt, sondern bleiben f\u00fcr die nachfolgende, mirkobiologische Analyse erhalten.<br \/>\nEntsprechend dem wissenschaftlich fundierten Verfahren wird das Implantat in eine im Lieferumfang enthaltene Box gelegt, mit Fl\u00fcssigkeit bedeckt und im BactoSonic Ultraschall-Spezialbad sonifiziert. Die erhaltene Fl\u00fcssigkeit wird mikrobiologisch verarbeitet und die Bakterienmenge quantitativ angegeben. Es k\u00f6nnen bis zu 10.000-mal mehr Bakterien nachgewiesen werden als mit \u00fcblichen Methoden, wie zum Beispiel aus Biopsien von periprothetischem Gewebe. Mischinfektionen und unterschiedliche Bakterien-Morphotype werden besser nachweisbar. Die Sensitivit\u00e4t ist insbesondere bei Patienten mit vorangegangener Antibiotikatherapie verbessert.<\/p>\n<p>Betriebsfertiges Set<br \/>\n&#8220;BactoSonic BS 14.2&#8221;:<br \/>\n&#8211; Ultraschallbad BS 14.2<br \/>\n&#8211; Rahmen f\u00fcr Folientest<br \/>\n&#8211; Verfahrensanweisung<br \/>\n&#8211; Konzentrat zum Ansatz der Kontaktfl\u00fcssigkeit<br \/>\nTICKOPUR R 33 \u2013 250 ml<br \/>\n&#8211; Implantatboxen aus Polypropylen<br \/>\n2 Stk. IB 5 0,52 l<br \/>\n2 Stk. IB 6 0,6 l<br \/>\n1 Stk. IB 10 1,0 l<br \/>\n1 Stk. IB 18 1,8 l<br \/>\n1 Stk. IB 20 2,0 l<br \/>\n&#8211; Boxentr\u00e4ger BT 5, BT 6, BT 10,<br \/>\nBT 18 aus Polycarbonat,<br \/>\n&#8211; Ger\u00e4tehalter<br \/>\nGH 14 aus Edelstahl<\/p>\n","protected":false},"excerpt":{"rendered":"<p><b>Zubeh\u00f6r- und Ersatzteile erhalten Sie gerne auf Anfrage!<\/b><\/p>\n","protected":false},"featured_media":11396,"template":"","meta":[],"product_brand":[],"product_cat":[268],"product_tag":[],"class_list":{"0":"post-11586","1":"product","2":"type-product","3":"status-publish","4":"has-post-thumbnail","6":"product_cat-ultraschallbaeder","7":"product_shipping_class-standard","9":"first","10":"instock","11":"taxable","12":"shipping-taxable","13":"purchasable","14":"product-type-simple"},"tiered_pricing_type":"fixed","tiered_pricing_fixed_rules":[],"tiered_pricing_product_settings":{"layout":"default","base_unit_name":{"singular":null,"plural":null},"default_variation":null},"tiered_pricing_minimum_quantity":null,"tiered_pricing_roles_data":[],"tiered_pricing_percentage_rules":[],"_links":{"self":[{"href":"https:\/\/lt-laborhandel.de\/en\/wp-json\/wp\/v2\/product\/11586","targetHints":{"allow":["GET"]}}],"collection":[{"href":"https:\/\/lt-laborhandel.de\/en\/wp-json\/wp\/v2\/product"}],"about":[{"href":"https:\/\/lt-laborhandel.de\/en\/wp-json\/wp\/v2\/types\/product"}],"wp:featuredmedia":[{"embeddable":true,"href":"https:\/\/lt-laborhandel.de\/en\/wp-json\/wp\/v2\/media\/11396"}],"wp:attachment":[{"href":"https:\/\/lt-laborhandel.de\/en\/wp-json\/wp\/v2\/media?parent=11586"}],"wp:term":[{"taxonomy":"product_brand","embeddable":true,"href":"https:\/\/lt-laborhandel.de\/en\/wp-json\/wp\/v2\/product_brand?post=11586"},{"taxonomy":"product_cat","embeddable":true,"href":"https:\/\/lt-laborhandel.de\/en\/wp-json\/wp\/v2\/product_cat?post=11586"},{"taxonomy":"product_tag","embeddable":true,"href":"https:\/\/lt-laborhandel.de\/en\/wp-json\/wp\/v2\/product_tag?post=11586"}],"curies":[{"name":"wp","href":"https:\/\/api.w.org\/{rel}","templated":true}]}}