{"id":11209,"date":"2022-06-26T11:02:50","date_gmt":"2022-06-26T09:02:50","guid":{"rendered":"https:\/\/lt-laborhandel.de\/produkt\/brand-pipetten-dichtheitspruefgeraet-plt-pipette-leak-testing-unit-mit-netzteil-100-240v-50-60hz-703970\/"},"modified":"2026-01-09T21:22:04","modified_gmt":"2026-01-09T20:22:04","slug":"brand-pipetten-dichtheitspruefgeraet-plt-pipette-leak-testing-unit-mit-netzteil-100-240v-50-60hz-703970","status":"publish","type":"product","link":"https:\/\/lt-laborhandel.de\/en\/produkt\/brand-pipetten-dichtheitspruefgeraet-plt-pipette-leak-testing-unit-mit-netzteil-100-240v-50-60hz-703970\/","title":{"rendered":"Brand Pipetten-Dichtheitspr\u00fcfger\u00e4t PLT (Pipette Leak Testing Unit), mit Netzteil 100-240V\/50-60Hz, #703970"},"content":{"rendered":"<p>&#8220;Die h\u00e4ufigsten Ursachen f\u00fcr die Ungenauigkeit von Kolbenhubpipetten sind Undichtigkeiten. Diese entstehen durch Besch\u00e4digungen an den Dichtungen, Kolben oder Spitzenaufnahmekonen. Oft mit blo\u00dfem Auge nicht erkennbar, f\u00fchren sie zu deutlichen Volumenfehlern. Die PLT unit von BRAND, das Dichtheitspr\u00fcfger\u00e4t f\u00fcr Luftpolsterpipetten, stellt kleinste Lecks innerhalb von Sekunden fest. <br \/> Grenzwerte f\u00fcr handels\u00fcbliche Einkanal- und Mehrkanal-Pipetten im Volumenbereich 1 \u03bcl bis 10 ml bereits hinterlegt <br \/> Pr\u00fcfung mit und ohne Spitze <br \/> Pr\u00fcfergebnis nach wenigen Sekunden <br \/> Patentiert <br \/> Die PLT unit kann die regelm\u00e4\u00dfige gravimetrische Pr\u00fcfung nicht ersetzen, sichert aber die Phasen zwischen den Kalibrierungen durch die t\u00e4gliche Kontrolle der Pipette ab. Kleinste undichtigkeiten werden erfasst! Die Prozesssicherheit der Pipetten wird dadurch entscheidend verbessert. <br \/> https:\/\/youtu.be\/6axZPDsjgeY<\/p>\n","protected":false},"excerpt":{"rendered":"<p><b>Zubeh\u00f6r- und Ersatzteile erhalten Sie gerne auf Anfrage!<\/b><\/p>\n","protected":false},"featured_media":11203,"template":"","meta":[],"product_brand":[369],"product_cat":[368,151],"product_tag":[],"class_list":{"0":"post-11209","1":"product","2":"type-product","3":"status-publish","4":"has-post-thumbnail","6":"product_brand-brand","7":"product_cat-brand","8":"product_cat-pipetten","9":"product_shipping_class-standard","11":"first","12":"instock","13":"taxable","14":"shipping-taxable","15":"purchasable","16":"product-type-simple"},"tiered_pricing_type":"fixed","tiered_pricing_fixed_rules":[],"tiered_pricing_product_settings":{"layout":"default","base_unit_name":{"singular":null,"plural":null},"default_variation":null},"tiered_pricing_minimum_quantity":null,"tiered_pricing_roles_data":[],"tiered_pricing_percentage_rules":[],"_links":{"self":[{"href":"https:\/\/lt-laborhandel.de\/en\/wp-json\/wp\/v2\/product\/11209","targetHints":{"allow":["GET"]}}],"collection":[{"href":"https:\/\/lt-laborhandel.de\/en\/wp-json\/wp\/v2\/product"}],"about":[{"href":"https:\/\/lt-laborhandel.de\/en\/wp-json\/wp\/v2\/types\/product"}],"wp:featuredmedia":[{"embeddable":true,"href":"https:\/\/lt-laborhandel.de\/en\/wp-json\/wp\/v2\/media\/11203"}],"wp:attachment":[{"href":"https:\/\/lt-laborhandel.de\/en\/wp-json\/wp\/v2\/media?parent=11209"}],"wp:term":[{"taxonomy":"product_brand","embeddable":true,"href":"https:\/\/lt-laborhandel.de\/en\/wp-json\/wp\/v2\/product_brand?post=11209"},{"taxonomy":"product_cat","embeddable":true,"href":"https:\/\/lt-laborhandel.de\/en\/wp-json\/wp\/v2\/product_cat?post=11209"},{"taxonomy":"product_tag","embeddable":true,"href":"https:\/\/lt-laborhandel.de\/en\/wp-json\/wp\/v2\/product_tag?post=11209"}],"curies":[{"name":"wp","href":"https:\/\/api.w.org\/{rel}","templated":true}]}}