{"id":11165,"date":"2022-06-17T08:15:12","date_gmt":"2022-06-17T06:15:12","guid":{"rendered":"https:\/\/lt-laborhandel.de\/produkt\/buerkle-accuone-akkubetr-fasspumpe-m-auslaufbogen-100cm-5900-1100\/"},"modified":"2026-01-09T21:22:03","modified_gmt":"2026-01-09T20:22:03","slug":"buerkle-accuone-akkubetr-fasspumpe-m-auslaufbogen-100cm-5900-1100","status":"publish","type":"product","link":"https:\/\/lt-laborhandel.de\/en\/produkt\/buerkle-accuone-akkubetr-fasspumpe-m-auslaufbogen-100cm-5900-1100\/","title":{"rendered":"B\u00fcrkle, AccuOne akkubetr. Fasspumpe m. Auslaufbogen, 100cm, #5900-1100"},"content":{"rendered":"<p>Die akkubetriebene Fasspumpe AccuOne, mit neuem und einzigartigem Hybrid-System, bietet volle Flexibilit\u00e4t und Unabh\u00e4ngigkeit vom Stromnetz.<\/p>\n<p>Leichter, leistungsstarker Akku mit modernster Lithium-Ionen-Technologie der neusten Generation, ohne Memory-Effekt, mit Auto-Stop-Funktion zum Schutz vor Tiefentladung. Eine Pumpe, maximale M\u00f6glichkeiten.<\/p>\n<p>Die B\u00fcrkle-Fasspumpen AccuOne und EnergyOne mit einzigartigem Hybrid-System erm\u00f6glichen schnelles, flexibles und komfortables Abf\u00fcllen, wann und wo immer Sie w\u00fcnschen. Die Pumpen sind mit zwei unterschiedlichen Stromversorgungssystemen ausgestattet:<\/p>\n<p>AccuOne, betrieben mit einem Hochleistungs-Akku oder EnergyOne, mit Netzkabel f\u00fcr den direkten Stromanschluss.<\/p>\n<p>Das Einzigartige daran: Die Versorgungseinheiten sind untereinander austauschbar!<\/p>\n<p>Der Akku oder das Netzteil sind \u00fcber einen Clip-Verschluss abnehmbar und k\u00f6nnen schnell und einfach gewechselt werden. AccuOne kann somit auch mit der Netzkabeleinheit betrieben werden, sowie EnergyOne mit dem Akku. Mit einem Wechselakku als Zubeh\u00f6r reduzieren Sie zudem die Ladepausen.<\/p>\n<p>Auch der Antrieb kann mittels Clip-Verschluss einfach vom Pumpwerk abgekoppelt werden. Dadurch kann mit einem Antrieb an mehreren station\u00e4ren Pumpwerken abgef\u00fcllt werden.<\/p>\n<p>AccuOne und EnergyOne sind f\u00fcr Anwendungen konzipiert, in denen auch geringere Mengen Fl\u00fcssigkeit in kleine Beh\u00e4lter mit engen \u00d6ffnungen abgef\u00fcllt werden k\u00f6nnen.<\/p>\n<p>\u00dcber das Touch Panel mit schmutz-, wasser- und staubdichter Folientastatur kann die Durchflussmenge von 0,4 l\/min bis 12 l\/min stufenlos und pr\u00e4zise geregelt werden.<\/p>\n<p>Neben dem Auslaufbogen ist optional ein flexibler Auslaufschlauch mit Zapfpistole erh\u00e4ltlich.<\/p>\n<p>Die leichten und leistungsstarken Pumpen sind aus den hochwertigen Materialien PP, PTFE und Hastelloy C gefertigt, f\u00fcr hervorragende chemische Best\u00e4ndigkeit. Dadurch sind sie auch f\u00fcr das Abf\u00fcllen von S\u00e4uren und Laugen geeignet. Bitte detaillierte Angaben zur chemischen Best\u00e4ndigkeit beachten!<\/p>\n<p>Li-Ion Akku<\/p>\n<p>Bis zu 1500 Liter F\u00f6rdermenge pro Akkuladung, Wechselakku erh\u00e4ltlich<\/p>\n<p>Wahlweise mit Akku oder mit als Zubeh\u00f6r erh\u00e4ltlichem Netzteil einsetzbar<\/p>\n<p>Bestehend aus Pumpwerk, Antrieb, Akku, Ladeger\u00e4t und festem Auslaufbogen<\/p>\n<p>Einzigartiges Hybrid-System \u2013 Akku und Netzteil austauschbar<\/p>\n<p>Antriebseinheit leicht abkoppelbar<\/p>\n<p>TouchPanel f\u00fcr pr\u00e4zise Durchflussregulierung<\/p>\n<p>Sehr gute Restentleerung und F\u00f6rderleistung<\/p>\n<p>Ein Antrieb f\u00fcr mehrere Pumpwerke<\/p>\n<p>Hervorragende chemische Best\u00e4ndigkeit<\/p>\n<p>Nicht im EX-Bereich verwenden!<\/p>\n<p>Sterilit\u00e4t:\tNein<\/p>\n","protected":false},"excerpt":{"rendered":"<p><b>Zubeh\u00f6r- und Ersatzteile erhalten Sie gerne auf Anfrage!<\/b><\/p>\n","protected":false},"featured_media":10548,"template":"","meta":[],"product_brand":[],"product_cat":[218],"product_tag":[],"class_list":{"0":"post-11165","1":"product","2":"type-product","3":"status-publish","4":"has-post-thumbnail","6":"product_cat-fasspumpen","7":"product_shipping_class-standard","9":"first","10":"instock","11":"taxable","12":"shipping-taxable","13":"purchasable","14":"product-type-simple"},"tiered_pricing_type":"fixed","tiered_pricing_fixed_rules":{"5":546},"tiered_pricing_product_settings":{"layout":"default","base_unit_name":{"singular":null,"plural":null},"default_variation":null},"tiered_pricing_minimum_quantity":null,"tiered_pricing_roles_data":[],"tiered_pricing_percentage_rules":[],"_links":{"self":[{"href":"https:\/\/lt-laborhandel.de\/en\/wp-json\/wp\/v2\/product\/11165","targetHints":{"allow":["GET"]}}],"collection":[{"href":"https:\/\/lt-laborhandel.de\/en\/wp-json\/wp\/v2\/product"}],"about":[{"href":"https:\/\/lt-laborhandel.de\/en\/wp-json\/wp\/v2\/types\/product"}],"wp:featuredmedia":[{"embeddable":true,"href":"https:\/\/lt-laborhandel.de\/en\/wp-json\/wp\/v2\/media\/10548"}],"wp:attachment":[{"href":"https:\/\/lt-laborhandel.de\/en\/wp-json\/wp\/v2\/media?parent=11165"}],"wp:term":[{"taxonomy":"product_brand","embeddable":true,"href":"https:\/\/lt-laborhandel.de\/en\/wp-json\/wp\/v2\/product_brand?post=11165"},{"taxonomy":"product_cat","embeddable":true,"href":"https:\/\/lt-laborhandel.de\/en\/wp-json\/wp\/v2\/product_cat?post=11165"},{"taxonomy":"product_tag","embeddable":true,"href":"https:\/\/lt-laborhandel.de\/en\/wp-json\/wp\/v2\/product_tag?post=11165"}],"curies":[{"name":"wp","href":"https:\/\/api.w.org\/{rel}","templated":true}]}}