{"id":11161,"date":"2022-06-17T08:15:11","date_gmt":"2022-06-17T06:15:11","guid":{"rendered":"https:\/\/lt-laborhandel.de\/produkt\/buerkle-elektr-fasspumpe-petro-mit-standard-zapfpistole-5780-0040\/"},"modified":"2026-01-09T21:22:02","modified_gmt":"2026-01-09T20:22:02","slug":"buerkle-elektr-fasspumpe-petro-mit-standard-zapfpistole-5780-0040","status":"publish","type":"product","link":"https:\/\/lt-laborhandel.de\/en\/produkt\/buerkle-elektr-fasspumpe-petro-mit-standard-zapfpistole-5780-0040\/","title":{"rendered":"B\u00fcrkle, Elektr. Fasspumpe Petro, mit Standard-Zapfpistole, #5780-0040"},"content":{"rendered":"<p>Elektrische Fasspumpe zum F\u00f6rdern von Diesel, Heiz\u00f6l EL, unverd\u00fcnnte K\u00fchlerfrostschutzmittel und weiteren Fl\u00fcssigkeiten der Gefahrenklasse AIII (VbF).<\/p>\n<p>Der integrierte Heberschutz verhindert Leckage bei defektem Schlauch. Lieferbar f\u00fcr 230 V. Wahlweise mit Standard- oder selbstabstellender Automatik-Zapfpistole. Elektronischer Durchlaufz\u00e4hler mit Summenspeicher und Kalibrierungsm\u00f6glichkeit (ungeeicht) als Zubeh\u00f6r erh\u00e4ltlich.<\/p>\n<p>Mit manueller Ansaugpumpe<\/p>\n<p>VDE-gepr\u00fcft, Motor mit Thermoschaltsicherung<\/p>\n<p>Fassgewinde M 64&#215;4 und 2&#8243;<\/p>\n<p>Saugschlauch mit Filter 1,60 m lang<\/p>\n<p>Zapfschlauch aus Perbunan, 4 m lang, mit Knickschutzfeder und Zapfpistole<\/p>\n<p>Nicht f\u00fcr wasserhaltige\/verd\u00fcnnte Fl\u00fcssigkeiten geeignet!<\/p>\n<p>Sterilit\u00e4t:\tNein<\/p>\n","protected":false},"excerpt":{"rendered":"<p><b>Zubeh\u00f6r- und Ersatzteile erhalten Sie gerne auf Anfrage!<\/b><\/p>\n","protected":false},"featured_media":10764,"template":"","meta":[],"product_brand":[],"product_cat":[218],"product_tag":[],"class_list":{"0":"post-11161","1":"product","2":"type-product","3":"status-publish","4":"has-post-thumbnail","6":"product_cat-fasspumpen","7":"product_shipping_class-standard","9":"first","10":"instock","11":"taxable","12":"shipping-taxable","13":"purchasable","14":"product-type-simple"},"tiered_pricing_type":"fixed","tiered_pricing_fixed_rules":[],"tiered_pricing_product_settings":{"layout":"default","base_unit_name":{"singular":null,"plural":null},"default_variation":null},"tiered_pricing_minimum_quantity":null,"tiered_pricing_roles_data":[],"tiered_pricing_percentage_rules":[],"_links":{"self":[{"href":"https:\/\/lt-laborhandel.de\/en\/wp-json\/wp\/v2\/product\/11161","targetHints":{"allow":["GET"]}}],"collection":[{"href":"https:\/\/lt-laborhandel.de\/en\/wp-json\/wp\/v2\/product"}],"about":[{"href":"https:\/\/lt-laborhandel.de\/en\/wp-json\/wp\/v2\/types\/product"}],"wp:featuredmedia":[{"embeddable":true,"href":"https:\/\/lt-laborhandel.de\/en\/wp-json\/wp\/v2\/media\/10764"}],"wp:attachment":[{"href":"https:\/\/lt-laborhandel.de\/en\/wp-json\/wp\/v2\/media?parent=11161"}],"wp:term":[{"taxonomy":"product_brand","embeddable":true,"href":"https:\/\/lt-laborhandel.de\/en\/wp-json\/wp\/v2\/product_brand?post=11161"},{"taxonomy":"product_cat","embeddable":true,"href":"https:\/\/lt-laborhandel.de\/en\/wp-json\/wp\/v2\/product_cat?post=11161"},{"taxonomy":"product_tag","embeddable":true,"href":"https:\/\/lt-laborhandel.de\/en\/wp-json\/wp\/v2\/product_tag?post=11161"}],"curies":[{"name":"wp","href":"https:\/\/api.w.org\/{rel}","templated":true}]}}