{"id":11153,"date":"2022-06-17T08:15:08","date_gmt":"2022-06-17T06:15:08","guid":{"rendered":"https:\/\/lt-laborhandel.de\/produkt\/buerkle-fasspumpe-fuer-mineraloele-100-cm-85-l-min-5763-0100\/"},"modified":"2026-01-09T21:22:02","modified_gmt":"2026-01-09T20:22:02","slug":"buerkle-fasspumpe-fuer-mineraloele-100-cm-85-l-min-5763-0100","status":"publish","type":"product","link":"https:\/\/lt-laborhandel.de\/en\/produkt\/buerkle-fasspumpe-fuer-mineraloele-100-cm-85-l-min-5763-0100\/","title":{"rendered":"B\u00fcrkle, Fasspumpe f\u00fcr Mineral\u00f6le, 100 cm, 85 l\/min, #5763-0100"},"content":{"rendered":"<p>Fasspumpe f\u00fcr leichtviskose Mineral\u00f6lprodukte wie Diesel, Heiz\u00f6l, Hydraulik-, Maschinen- und Motoren\u00f6l etc.<\/p>\n<p>Motor 230 V<\/p>\n<p>Pumpwerk aus Aluminium<\/p>\n<p>Schlauchanschluss Alu 1&#8243;<\/p>\n<p>2 m PVC-Gewebeschlauch 1&#8243;<\/p>\n<p>Schlauchschellen 1&#8243;<\/p>\n<p>Zapfpistole Alu, Fassverschraubung PP<\/p>\n<p>Mediumsber\u00fchrte Teile aus Aluminium und V4A (1.4571)<\/p>\n<p>F\u00f6rderh\u00f6he 19 mWS, F\u00f6rdermenge 85 l\/min<\/p>\n<p>Achtung! &#8220;Liste der chemischen Best\u00e4ndigkeiten&#8221; beachten!<\/p>\n<p>Sterilit\u00e4t:\tNein<\/p>\n","protected":false},"excerpt":{"rendered":"<p><b>Zubeh\u00f6r- und Ersatzteile erhalten Sie gerne auf Anfrage!<\/b><\/p>\n","protected":false},"featured_media":10858,"template":"","meta":[],"product_brand":[],"product_cat":[218],"product_tag":[],"class_list":{"0":"post-11153","1":"product","2":"type-product","3":"status-publish","4":"has-post-thumbnail","6":"product_cat-fasspumpen","7":"product_shipping_class-standard","9":"first","10":"instock","11":"taxable","12":"shipping-taxable","13":"purchasable","14":"product-type-simple"},"tiered_pricing_type":"fixed","tiered_pricing_fixed_rules":[],"tiered_pricing_product_settings":{"layout":"default","base_unit_name":{"singular":null,"plural":null},"default_variation":null},"tiered_pricing_minimum_quantity":null,"tiered_pricing_roles_data":[],"tiered_pricing_percentage_rules":[],"_links":{"self":[{"href":"https:\/\/lt-laborhandel.de\/en\/wp-json\/wp\/v2\/product\/11153","targetHints":{"allow":["GET"]}}],"collection":[{"href":"https:\/\/lt-laborhandel.de\/en\/wp-json\/wp\/v2\/product"}],"about":[{"href":"https:\/\/lt-laborhandel.de\/en\/wp-json\/wp\/v2\/types\/product"}],"wp:featuredmedia":[{"embeddable":true,"href":"https:\/\/lt-laborhandel.de\/en\/wp-json\/wp\/v2\/media\/10858"}],"wp:attachment":[{"href":"https:\/\/lt-laborhandel.de\/en\/wp-json\/wp\/v2\/media?parent=11153"}],"wp:term":[{"taxonomy":"product_brand","embeddable":true,"href":"https:\/\/lt-laborhandel.de\/en\/wp-json\/wp\/v2\/product_brand?post=11153"},{"taxonomy":"product_cat","embeddable":true,"href":"https:\/\/lt-laborhandel.de\/en\/wp-json\/wp\/v2\/product_cat?post=11153"},{"taxonomy":"product_tag","embeddable":true,"href":"https:\/\/lt-laborhandel.de\/en\/wp-json\/wp\/v2\/product_tag?post=11153"}],"curies":[{"name":"wp","href":"https:\/\/api.w.org\/{rel}","templated":true}]}}