{"id":11151,"date":"2022-06-17T08:15:08","date_gmt":"2022-06-17T06:15:08","guid":{"rendered":"https:\/\/lt-laborhandel.de\/produkt\/buerkle-fasspumpe-konz-saeuren-laugen-100-cm-80-min-5762-0200\/"},"modified":"2026-01-09T21:22:02","modified_gmt":"2026-01-09T20:22:02","slug":"buerkle-fasspumpe-konz-saeuren-laugen-100-cm-80-min-5762-0200","status":"publish","type":"product","link":"https:\/\/lt-laborhandel.de\/en\/produkt\/buerkle-fasspumpe-konz-saeuren-laugen-100-cm-80-min-5762-0200\/","title":{"rendered":"B\u00fcrkle, Fasspumpe konz. S\u00e4uren\/Laugen, 100 cm, 80\/min, #5762-0200"},"content":{"rendered":"<p>Fasspumpe f\u00fcr hochaggressive S\u00e4uren und Laugen, wie Schwefels\u00e4ure, Salpeters\u00e4ure, Flusss\u00e4ure, Natriumhypochlorit etc.<\/p>\n<p>Motor 230 V<\/p>\n<p>Pumpwerk PVDF<\/p>\n<p>Gewindeanschluss 1 1\/4&#8243; mit Schlaucht\u00fclle 3\/4&#8243;<\/p>\n<p>2 m Spezialchemieschlauch 3\/4&#8243;<\/p>\n<p>Zapfpistole PVDF<\/p>\n<p>Fassverschraubung PP<\/p>\n<p>F\u00f6rderh\u00f6he 17 mWS, F\u00f6rdermenge 80 l\/min<\/p>\n<p>Achtung! &#8220;Liste der chemischen Best\u00e4ndigkeiten&#8221; beachten!<\/p>\n<p>Sterilit\u00e4t:\tNein<\/p>\n","protected":false},"excerpt":{"rendered":"<p><b>Zubeh\u00f6r- und Ersatzteile erhalten Sie gerne auf Anfrage!<\/b><\/p>\n","protected":false},"featured_media":10856,"template":"","meta":[],"product_brand":[],"product_cat":[218],"product_tag":[],"class_list":{"0":"post-11151","1":"product","2":"type-product","3":"status-publish","4":"has-post-thumbnail","6":"product_cat-fasspumpen","7":"product_shipping_class-standard","9":"first","10":"instock","11":"taxable","12":"shipping-taxable","13":"purchasable","14":"product-type-simple"},"tiered_pricing_type":"fixed","tiered_pricing_fixed_rules":[],"tiered_pricing_product_settings":{"layout":"default","base_unit_name":{"singular":null,"plural":null},"default_variation":null},"tiered_pricing_minimum_quantity":null,"tiered_pricing_roles_data":[],"tiered_pricing_percentage_rules":[],"_links":{"self":[{"href":"https:\/\/lt-laborhandel.de\/en\/wp-json\/wp\/v2\/product\/11151","targetHints":{"allow":["GET"]}}],"collection":[{"href":"https:\/\/lt-laborhandel.de\/en\/wp-json\/wp\/v2\/product"}],"about":[{"href":"https:\/\/lt-laborhandel.de\/en\/wp-json\/wp\/v2\/types\/product"}],"wp:featuredmedia":[{"embeddable":true,"href":"https:\/\/lt-laborhandel.de\/en\/wp-json\/wp\/v2\/media\/10856"}],"wp:attachment":[{"href":"https:\/\/lt-laborhandel.de\/en\/wp-json\/wp\/v2\/media?parent=11151"}],"wp:term":[{"taxonomy":"product_brand","embeddable":true,"href":"https:\/\/lt-laborhandel.de\/en\/wp-json\/wp\/v2\/product_brand?post=11151"},{"taxonomy":"product_cat","embeddable":true,"href":"https:\/\/lt-laborhandel.de\/en\/wp-json\/wp\/v2\/product_cat?post=11151"},{"taxonomy":"product_tag","embeddable":true,"href":"https:\/\/lt-laborhandel.de\/en\/wp-json\/wp\/v2\/product_tag?post=11151"}],"curies":[{"name":"wp","href":"https:\/\/api.w.org\/{rel}","templated":true}]}}