{"id":11147,"date":"2022-06-17T08:15:07","date_gmt":"2022-06-17T06:15:07","guid":{"rendered":"https:\/\/lt-laborhandel.de\/produkt\/buerkle-laborpumpe-mit-netzbetrieb-pp-pvc-70-cm-75l-min-5700-2200\/"},"modified":"2026-01-09T21:22:01","modified_gmt":"2026-01-09T20:22:01","slug":"buerkle-laborpumpe-mit-netzbetrieb-pp-pvc-70-cm-75l-min-5700-2200","status":"publish","type":"product","link":"https:\/\/lt-laborhandel.de\/en\/produkt\/buerkle-laborpumpe-mit-netzbetrieb-pp-pvc-70-cm-75l-min-5700-2200\/","title":{"rendered":"B\u00fcrkle, Laborpumpe mit Netzbetrieb, PP\/PVC, 70 cm, 75l\/min, #5700-2200"},"content":{"rendered":"<p>Leichte und leistungsstarke Pumpe zum Abf\u00fcllen w\u00e4ssriger Medien bis 300 mPas aus Kanistern, F\u00e4ssern und enghalsigen Beh\u00e4ltern ab 32 mm \u00d6ffnungsdurchmesser.<\/p>\n<p>PP<\/p>\n<p>Spritzwassergesch\u00fctzter Motor 230 V\/200 W (IP44)<\/p>\n<p>Integrierter Sicherheitstaster als Ein-\/Ausschalter<\/p>\n<p>Dichtungsloses Pumpwerk f\u00fcr S\u00e4uren und Laugen<\/p>\n<p>Gewindeanschluss 1&#8243; mit Schlaucht\u00fclle 3\/4&#8243;<\/p>\n<p>Inkl. 1,5 m PVC Schlauch 3\/4&#8243;, PP-F\u00fcller und Aufh\u00e4ngevorrichtung<\/p>\n<p>Achtung! &#8220;Liste der chemischen Best\u00e4ndigkeiten&#8221; beachten!<\/p>\n<p>Sterilit\u00e4t:\tNein<\/p>\n","protected":false},"excerpt":{"rendered":"<p><b>Zubeh\u00f6r- und Ersatzteile erhalten Sie gerne auf Anfrage!<\/b><\/p>\n","protected":false},"featured_media":10852,"template":"","meta":[],"product_brand":[],"product_cat":[218],"product_tag":[],"class_list":{"0":"post-11147","1":"product","2":"type-product","3":"status-publish","4":"has-post-thumbnail","6":"product_cat-fasspumpen","7":"product_shipping_class-standard","9":"first","10":"instock","11":"taxable","12":"shipping-taxable","13":"purchasable","14":"product-type-simple"},"tiered_pricing_type":"fixed","tiered_pricing_fixed_rules":[],"tiered_pricing_product_settings":{"layout":"default","base_unit_name":{"singular":null,"plural":null},"default_variation":null},"tiered_pricing_minimum_quantity":null,"tiered_pricing_roles_data":[],"tiered_pricing_percentage_rules":[],"_links":{"self":[{"href":"https:\/\/lt-laborhandel.de\/en\/wp-json\/wp\/v2\/product\/11147","targetHints":{"allow":["GET"]}}],"collection":[{"href":"https:\/\/lt-laborhandel.de\/en\/wp-json\/wp\/v2\/product"}],"about":[{"href":"https:\/\/lt-laborhandel.de\/en\/wp-json\/wp\/v2\/types\/product"}],"wp:featuredmedia":[{"embeddable":true,"href":"https:\/\/lt-laborhandel.de\/en\/wp-json\/wp\/v2\/media\/10852"}],"wp:attachment":[{"href":"https:\/\/lt-laborhandel.de\/en\/wp-json\/wp\/v2\/media?parent=11147"}],"wp:term":[{"taxonomy":"product_brand","embeddable":true,"href":"https:\/\/lt-laborhandel.de\/en\/wp-json\/wp\/v2\/product_brand?post=11147"},{"taxonomy":"product_cat","embeddable":true,"href":"https:\/\/lt-laborhandel.de\/en\/wp-json\/wp\/v2\/product_cat?post=11147"},{"taxonomy":"product_tag","embeddable":true,"href":"https:\/\/lt-laborhandel.de\/en\/wp-json\/wp\/v2\/product_tag?post=11147"}],"curies":[{"name":"wp","href":"https:\/\/api.w.org\/{rel}","templated":true}]}}