{"id":11144,"date":"2022-06-17T08:15:06","date_gmt":"2022-06-17T06:15:06","guid":{"rendered":"https:\/\/lt-laborhandel.de\/produkt\/buerkle-fasspumpe-gasdicht-v2a-mit-schlauch-tiefe-57-cm-5611-1090\/"},"modified":"2026-01-09T21:22:00","modified_gmt":"2026-01-09T20:22:00","slug":"buerkle-fasspumpe-gasdicht-v2a-mit-schlauch-tiefe-57-cm-5611-1090","status":"publish","type":"product","link":"https:\/\/lt-laborhandel.de\/en\/produkt\/buerkle-fasspumpe-gasdicht-v2a-mit-schlauch-tiefe-57-cm-5611-1090\/","title":{"rendered":"B\u00fcrkle, Fasspumpe Gasdicht V2A mit Schlauch, Tiefe 57cm, #5611-1090"},"content":{"rendered":"<p>Fasspumpe Gasdicht mit flexiblem Auslaufschlauch f\u00fcr das Abf\u00fcllen in gro\u00dfe Kanister und Beh\u00e4lter. Bequemes Abf\u00fcllen, da der Kanister am Boden stehen bleiben kann. Der Kegelstutzen wird auf den Beh\u00e4lter gehalten.<\/p>\n<p>Die Fasspumpe Gasdicht erm\u00f6glicht geruchfreies Abf\u00fcllen.<\/p>\n<p>Beim Abf\u00fcllen mit normalen Pumpen ist es unvermeidlich, dass D\u00e4mpfe in die Umgebung gelangen. Dies wird mit dem Gaspendelverfahren vermieden. Dabei werden die entstehenden D\u00e4mpfe vom Zuf\u00fcllgebinde ins Abf\u00fcllgebinde \u00fcber die Gaspendelleitung zur\u00fcckgef\u00fchrt. Die Gasleitung und die Fl\u00fcssigkeitsleitung sind zus\u00e4tzlich mit Absperrh\u00e4hnen versehen.<\/p>\n<p>Gasdichte Pumpen werden f\u00fcr stark riechende Stoffe wie Ammoniak eingesetzt.<\/p>\n<p>Mediumsber\u00fchrte Teile: Edelstahl (1.4301), PTFE, Messing vernickelt, PA elektrisch leitf\u00e4hig<\/p>\n<p>Inkl. gasdichter Fassverschraubung mit 2&#8243;-Feingewinde<\/p>\n<p>F\u00fcr Flaschen\u00f6ffnungen von 16\u201349 mm<\/p>\n<p>Tauchrohr \u00d8 32 mm<\/p>\n<p>Mit zwei Kugelh\u00e4hnen kann die Pumpe hermetisch verschlossen werden<\/p>\n<p>Gemeinsam mit der Ludwig-Maximilians-Universit\u00e4t M\u00fcnchen entwickelt.<\/p>\n<p>Nicht f\u00fcr Aceton geeignet!<\/p>\n<p>Achtung! Beim Abf\u00fcllen von brennbaren Fl\u00fcssigkeiten m\u00fcssen Fass und Pumpe geerdet sein! Antistatik-Set verwenden!<\/p>\n<p>Sterilit\u00e4t:\tNein<\/p>\n","protected":false},"excerpt":{"rendered":"<p><b>Zubeh\u00f6r- und Ersatzteile erhalten Sie gerne auf Anfrage!<\/b><\/p>\n","protected":false},"featured_media":10848,"template":"","meta":[],"product_brand":[],"product_cat":[218],"product_tag":[],"class_list":{"0":"post-11144","1":"product","2":"type-product","3":"status-publish","4":"has-post-thumbnail","6":"product_cat-fasspumpen","7":"product_shipping_class-standard","9":"first","10":"instock","11":"taxable","12":"shipping-taxable","13":"purchasable","14":"product-type-simple"},"tiered_pricing_type":"fixed","tiered_pricing_fixed_rules":{"5":721},"tiered_pricing_product_settings":{"layout":"default","base_unit_name":{"singular":null,"plural":null},"default_variation":null},"tiered_pricing_minimum_quantity":null,"tiered_pricing_roles_data":[],"tiered_pricing_percentage_rules":[],"_links":{"self":[{"href":"https:\/\/lt-laborhandel.de\/en\/wp-json\/wp\/v2\/product\/11144","targetHints":{"allow":["GET"]}}],"collection":[{"href":"https:\/\/lt-laborhandel.de\/en\/wp-json\/wp\/v2\/product"}],"about":[{"href":"https:\/\/lt-laborhandel.de\/en\/wp-json\/wp\/v2\/types\/product"}],"wp:featuredmedia":[{"embeddable":true,"href":"https:\/\/lt-laborhandel.de\/en\/wp-json\/wp\/v2\/media\/10848"}],"wp:attachment":[{"href":"https:\/\/lt-laborhandel.de\/en\/wp-json\/wp\/v2\/media?parent=11144"}],"wp:term":[{"taxonomy":"product_brand","embeddable":true,"href":"https:\/\/lt-laborhandel.de\/en\/wp-json\/wp\/v2\/product_brand?post=11144"},{"taxonomy":"product_cat","embeddable":true,"href":"https:\/\/lt-laborhandel.de\/en\/wp-json\/wp\/v2\/product_cat?post=11144"},{"taxonomy":"product_tag","embeddable":true,"href":"https:\/\/lt-laborhandel.de\/en\/wp-json\/wp\/v2\/product_tag?post=11144"}],"curies":[{"name":"wp","href":"https:\/\/api.w.org\/{rel}","templated":true}]}}