{"id":11141,"date":"2022-06-17T08:14:55","date_gmt":"2022-06-17T06:14:55","guid":{"rendered":"https:\/\/lt-laborhandel.de\/produkt\/buerkle-fasspumpe-gasdicht-pp-anschluss-o-34-70-mm-5610-1030\/"},"modified":"2026-01-09T21:21:59","modified_gmt":"2026-01-09T20:21:59","slug":"buerkle-fasspumpe-gasdicht-pp-anschluss-o-34-70-mm-5610-1030","status":"publish","type":"product","link":"https:\/\/lt-laborhandel.de\/en\/produkt\/buerkle-fasspumpe-gasdicht-pp-anschluss-o-34-70-mm-5610-1030\/","title":{"rendered":"B\u00fcrkle, Fasspumpe Gasdicht PP, Anschluss \u00d8 34-70mm, #5610-1030"},"content":{"rendered":"<p>Der Universal-Adapter der Fasspumpe passt dichtschlie\u00dfend auf Beh\u00e4lter\u00f6ffnungen von 30 \u2013 70 mm Durchmesser. Die Beh\u00e4lterverschraubungen k\u00f6nnen mit dem 3\/4&#8243;-Gewinde und der Kontermutter im Beh\u00e4lter eingeschraubt werden.<\/p>\n<p>Die Fasspumpe Gasdicht erm\u00f6glicht geruchfreies Abf\u00fcllen.<\/p>\n<p>Beim Abf\u00fcllen mit normalen Pumpen ist es unvermeidlich, dass D\u00e4mpfe in die Umgebung gelangen. Dies wird mit dem Gaspendelverfahren vermieden. Dabei werden die entstehenden D\u00e4mpfe vom Zuf\u00fcllgebinde ins Abf\u00fcllgebinde \u00fcber die Gaspendelleitung zur\u00fcckgef\u00fchrt. Die Gasleitung und die Fl\u00fcssigkeitsleitung sind zus\u00e4tzlich mit Absperrh\u00e4hnen versehen.<\/p>\n<p>Gasdichte Pumpen werden f\u00fcr stark riechende Stoffe wie Ammoniak eingesetzt.<\/p>\n<p>Mediumsber\u00fchrte Teile PP, PE und PVC<\/p>\n<p>Stufenlos ausziehbares Teleskoprohr<\/p>\n<p>F\u00fcr Fasstiefen von 40\u201367 cm<\/p>\n<p>Zwei Adapter f\u00fcr Zuf\u00fcllgebinde<\/p>\n<p>Sterilit\u00e4t:\tNein<\/p>\n","protected":false},"excerpt":{"rendered":"<p><b>Zubeh\u00f6r- und Ersatzteile erhalten Sie gerne auf Anfrage!<\/b><\/p>\n","protected":false},"featured_media":10844,"template":"","meta":[],"product_brand":[],"product_cat":[218],"product_tag":[],"class_list":{"0":"post-11141","1":"product","2":"type-product","3":"status-publish","4":"has-post-thumbnail","6":"product_cat-fasspumpen","7":"product_shipping_class-standard","9":"first","10":"instock","11":"taxable","12":"shipping-taxable","13":"purchasable","14":"product-type-simple"},"tiered_pricing_type":"fixed","tiered_pricing_fixed_rules":[],"tiered_pricing_product_settings":{"layout":"default","base_unit_name":{"singular":null,"plural":null},"default_variation":null},"tiered_pricing_minimum_quantity":null,"tiered_pricing_roles_data":[],"tiered_pricing_percentage_rules":[],"_links":{"self":[{"href":"https:\/\/lt-laborhandel.de\/en\/wp-json\/wp\/v2\/product\/11141","targetHints":{"allow":["GET"]}}],"collection":[{"href":"https:\/\/lt-laborhandel.de\/en\/wp-json\/wp\/v2\/product"}],"about":[{"href":"https:\/\/lt-laborhandel.de\/en\/wp-json\/wp\/v2\/types\/product"}],"wp:featuredmedia":[{"embeddable":true,"href":"https:\/\/lt-laborhandel.de\/en\/wp-json\/wp\/v2\/media\/10844"}],"wp:attachment":[{"href":"https:\/\/lt-laborhandel.de\/en\/wp-json\/wp\/v2\/media?parent=11141"}],"wp:term":[{"taxonomy":"product_brand","embeddable":true,"href":"https:\/\/lt-laborhandel.de\/en\/wp-json\/wp\/v2\/product_brand?post=11141"},{"taxonomy":"product_cat","embeddable":true,"href":"https:\/\/lt-laborhandel.de\/en\/wp-json\/wp\/v2\/product_cat?post=11141"},{"taxonomy":"product_tag","embeddable":true,"href":"https:\/\/lt-laborhandel.de\/en\/wp-json\/wp\/v2\/product_tag?post=11141"}],"curies":[{"name":"wp","href":"https:\/\/api.w.org\/{rel}","templated":true}]}}