{"id":11138,"date":"2022-06-17T08:14:54","date_gmt":"2022-06-17T06:14:54","guid":{"rendered":"https:\/\/lt-laborhandel.de\/produkt\/buerkle-fasspumpe-ultrarein-ptfe-mit-schlauch-hahn-60cm-5606-0601\/"},"modified":"2026-01-09T21:21:57","modified_gmt":"2026-01-09T20:21:57","slug":"buerkle-fasspumpe-ultrarein-ptfe-mit-schlauch-hahn-60cm-5606-0601","status":"publish","type":"product","link":"https:\/\/lt-laborhandel.de\/en\/produkt\/buerkle-fasspumpe-ultrarein-ptfe-mit-schlauch-hahn-60cm-5606-0601\/","title":{"rendered":"B\u00fcrkle, Fasspumpe Ultrarein PTFE mit Schlauch &#038; Hahn, 60cm, #5606-0601"},"content":{"rendered":"<p>Fasspumpe mit flexiblem Auslaufschlauch aus PTFE, L\u00e4nge 1,2 m und Absperrhahn aus PVDF.<\/p>\n<p>Durch die hohe chemische Best\u00e4ndigkeit der mediumsber\u00fchrten Werkstoffe PTFE und FEP k\u00f6nnen mit dieser Fasspumpe auch Fl\u00fcssigkeiten abgef\u00fcllt werden, die herk\u00f6mmliche Werkstoffe wie PP oder PVC angreifen (au\u00dfer elementarem Fluor).<\/p>\n<p>Die Fasspumpe ist auch f\u00fcr das Abf\u00fcllen von hochreinen Fl\u00fcssigkeiten geeignet.<\/p>\n<p>Der Absperrhahn verhindert den Austritt gesundheitsgef\u00e4hrdender D\u00e4mpfe und das Nachtropfen von Fl\u00fcssigkeit nach dem Abf\u00fcllen.<\/p>\n<p>Tauchrohr \u00d8 32 mm<\/p>\n<p>Alle Ventile sind aus massivem PTFE\/PVDF gefertigt<\/p>\n<p>Spitzenqualit\u00e4t \u2013 3 Jahre Gew\u00e4hrleistung<\/p>\n<p>Fassverschraubungen f\u00fcr handels\u00fcbliche Beh\u00e4lter als Zubeh\u00f6r erh\u00e4ltlich<\/p>\n<p>Sterilit\u00e4t:\tNein<\/p>\n","protected":false},"excerpt":{"rendered":"<p><b>Zubeh\u00f6r- und Ersatzteile erhalten Sie gerne auf Anfrage!<\/b><\/p>\n","protected":false},"featured_media":10839,"template":"","meta":[],"product_brand":[],"product_cat":[218],"product_tag":[],"class_list":{"0":"post-11138","1":"product","2":"type-product","3":"status-publish","4":"has-post-thumbnail","6":"product_cat-fasspumpen","7":"product_shipping_class-standard","9":"first","10":"instock","11":"taxable","12":"shipping-taxable","13":"purchasable","14":"product-type-simple"},"tiered_pricing_type":"fixed","tiered_pricing_fixed_rules":{"10":470},"tiered_pricing_product_settings":{"layout":"default","base_unit_name":{"singular":null,"plural":null},"default_variation":null},"tiered_pricing_minimum_quantity":null,"tiered_pricing_roles_data":[],"tiered_pricing_percentage_rules":[],"_links":{"self":[{"href":"https:\/\/lt-laborhandel.de\/en\/wp-json\/wp\/v2\/product\/11138","targetHints":{"allow":["GET"]}}],"collection":[{"href":"https:\/\/lt-laborhandel.de\/en\/wp-json\/wp\/v2\/product"}],"about":[{"href":"https:\/\/lt-laborhandel.de\/en\/wp-json\/wp\/v2\/types\/product"}],"wp:featuredmedia":[{"embeddable":true,"href":"https:\/\/lt-laborhandel.de\/en\/wp-json\/wp\/v2\/media\/10839"}],"wp:attachment":[{"href":"https:\/\/lt-laborhandel.de\/en\/wp-json\/wp\/v2\/media?parent=11138"}],"wp:term":[{"taxonomy":"product_brand","embeddable":true,"href":"https:\/\/lt-laborhandel.de\/en\/wp-json\/wp\/v2\/product_brand?post=11138"},{"taxonomy":"product_cat","embeddable":true,"href":"https:\/\/lt-laborhandel.de\/en\/wp-json\/wp\/v2\/product_cat?post=11138"},{"taxonomy":"product_tag","embeddable":true,"href":"https:\/\/lt-laborhandel.de\/en\/wp-json\/wp\/v2\/product_tag?post=11138"}],"curies":[{"name":"wp","href":"https:\/\/api.w.org\/{rel}","templated":true}]}}