{"id":11133,"date":"2022-06-17T08:14:53","date_gmt":"2022-06-17T06:14:53","guid":{"rendered":"https:\/\/lt-laborhandel.de\/produkt\/buerkle-entnahmesystem-fuer-loesemittel-auslaufbogen-95-cm-5603-5003\/"},"modified":"2026-01-09T21:21:56","modified_gmt":"2026-01-09T20:21:56","slug":"buerkle-entnahmesystem-fuer-loesemittel-auslaufbogen-95-cm-5603-5003","status":"publish","type":"product","link":"https:\/\/lt-laborhandel.de\/en\/produkt\/buerkle-entnahmesystem-fuer-loesemittel-auslaufbogen-95-cm-5603-5003\/","title":{"rendered":"B\u00fcrkle, Entnahmesystem f\u00fcr L\u00f6semittel-Auslaufbogen, 95cm, #5603-5003"},"content":{"rendered":"<p>Das Entnahmesystem f\u00fcr L\u00f6semittel mit Auslaufbogen hat eine Fasspumpe mit festem Auslaufbogen. Das stufenlos einstellbare Tauchrohr der Fasspumpe l\u00e4sst sich an den jeweiligen Beh\u00e4lter anpassen. Mit Fassverschraubung f\u00fcr Stahlf\u00e4sser mit R 2&#8243; Gewinde. Mit Gewindeadaptern f\u00fcr handels\u00fcbliche Beh\u00e4lter anpassbar. Mit dem Entnahmesystem f\u00fcr L\u00f6semittel lassen sich hochreine Fl\u00fcssigkeiten schnell und unkompliziert abf\u00fcllen. Mittels Druckgas (Druckluft oder Stickstoff) wird ein \u00dcberdruck im Gebinde hergestellt, der die Fl\u00fcssigkeit aus dem Beh\u00e4lter f\u00f6rdert. Die Bedienung \u00fcber Druckgas bietet den Vorteil, dass der Anwender ohne M\u00fche auch gro\u00dfe Mengen entnehmen kann und dabei beide H\u00e4nde frei hat, um das L\u00f6semittel abzuf\u00fcllen.<\/p>\n<p>So lassen sich auch gef\u00e4hrliche Medien, z.B. Aceton, Ethanol, Methanol etc., sicher abf\u00fcllen und \u00fcber den Ablasshahn genau dosieren. Beim Einsatz mit sauerstoffempfindlichen oder h\u00f6chst reinen Medien ist ein Betrieb mit Inertgas (z.B. Stickstoff) m\u00f6glich.<\/p>\n<p>Die Fassverschraubung und die Absperrh\u00e4hne verschlie\u00dfen Fass und Pumpe hermetisch. Dadurch k\u00f6nnen nach dem Abf\u00fcllen keine l\u00f6semittelhaltigen D\u00e4mpfe entweichen &#8211; das sch\u00fctzt die Gesundheit der Anwender und die Umwelt.<\/p>\n<p>Das transportable Entnahmesystem erm\u00f6glicht ein flexibles Arbeiten. Es besteht aus einer Fasspumpe und einer aufh\u00e4ngbaren Druckregeleinheit, die den Eingangsdruck anpasst und zus\u00e4tzliche Sicherheit vor einer Fehlanwendung bietet. Ein Manometer erlaubt die visuelle Kontrolle des Eingangsdrucks.<\/p>\n<p>Die Pumpe l\u00e4sst sich mittels Fassverschraubung einfach im Gebinde befestigen. Der Druckluft- bzw. Stickstoffanschluss (3-10 bar) kann \u00fcber eine mobile oder station\u00e4re Druckluftversorgung erfolgen. Das Entnahmesystem f\u00fcr L\u00f6semittel bietet ein sicheres und genaues Abf\u00fcllen verschiedener L\u00f6semittel im Labor- und Industriebereich.<\/p>\n<p>Flexible Anschlussm\u00f6glichkeiten, Betrieb mit Druckluft oder Inertgas (z.B. Stickstoff)<\/p>\n<p>Mediumsber\u00fchrte Teile aus Edelstahl (1.4301) und PTFE<\/p>\n<p>Inklusive Transportst\u00e4nder, Erdungskabel f\u00fcr Druckregeleinheit, Verbindungsschlauch, Schl\u00fcssel und Adapter f\u00fcr Druckversorgung<\/p>\n<p>Adapter Druckversorgung (G 1\/4&#8243;): 1x Kupplungsstecker NW 7,2 mm, 1x Schlaucht\u00fclle f\u00fcr Innen-\u00d8 6 mm, 1 x Schlaucht\u00fclle f\u00fcr Innen-\u00d8 8 mm<\/p>\n<p>F\u00fcr UN Beh\u00e4lter und F\u00e4sser (Pr\u00fcfdruck mind. 150 kpa)<\/p>\n<p>Ger\u00e4t entspricht den Anforderungen der Druckger\u00e4terichtlinie 2014\/68\/EU<\/p>\n<p>Achtung! Bei der Arbeit mit brennbaren Fl\u00fcssigkeiten m\u00fcssen Beh\u00e4lter, Pumpe und Druckregeleinheit geerdet sein! F\u00fcr Pumpe zus\u00e4tzlich Antistatik-Set verwenden!<\/p>\n<p>Sterilit\u00e4t:\tNein<\/p>\n","protected":false},"excerpt":{"rendered":"<p><b>Zubeh\u00f6r- und Ersatzteile erhalten Sie gerne auf Anfrage!<\/b><\/p>\n","protected":false},"featured_media":10786,"template":"","meta":[],"product_brand":[],"product_cat":[218],"product_tag":[],"class_list":{"0":"post-11133","1":"product","2":"type-product","3":"status-publish","4":"has-post-thumbnail","6":"product_cat-fasspumpen","7":"product_shipping_class-standard","9":"first","10":"instock","11":"taxable","12":"shipping-taxable","13":"purchasable","14":"product-type-simple"},"tiered_pricing_type":"fixed","tiered_pricing_fixed_rules":[],"tiered_pricing_product_settings":{"layout":"default","base_unit_name":{"singular":null,"plural":null},"default_variation":null},"tiered_pricing_minimum_quantity":null,"tiered_pricing_roles_data":[],"tiered_pricing_percentage_rules":[],"_links":{"self":[{"href":"https:\/\/lt-laborhandel.de\/en\/wp-json\/wp\/v2\/product\/11133","targetHints":{"allow":["GET"]}}],"collection":[{"href":"https:\/\/lt-laborhandel.de\/en\/wp-json\/wp\/v2\/product"}],"about":[{"href":"https:\/\/lt-laborhandel.de\/en\/wp-json\/wp\/v2\/types\/product"}],"wp:featuredmedia":[{"embeddable":true,"href":"https:\/\/lt-laborhandel.de\/en\/wp-json\/wp\/v2\/media\/10786"}],"wp:attachment":[{"href":"https:\/\/lt-laborhandel.de\/en\/wp-json\/wp\/v2\/media?parent=11133"}],"wp:term":[{"taxonomy":"product_brand","embeddable":true,"href":"https:\/\/lt-laborhandel.de\/en\/wp-json\/wp\/v2\/product_brand?post=11133"},{"taxonomy":"product_cat","embeddable":true,"href":"https:\/\/lt-laborhandel.de\/en\/wp-json\/wp\/v2\/product_cat?post=11133"},{"taxonomy":"product_tag","embeddable":true,"href":"https:\/\/lt-laborhandel.de\/en\/wp-json\/wp\/v2\/product_tag?post=11133"}],"curies":[{"name":"wp","href":"https:\/\/api.w.org\/{rel}","templated":true}]}}