{"id":11131,"date":"2022-06-17T08:14:52","date_gmt":"2022-06-17T06:14:52","guid":{"rendered":"https:\/\/lt-laborhandel.de\/produkt\/buerkle-loesemittelpumpe-mini-18-l-min-anschluss-gl45-5603-4000\/"},"modified":"2026-01-09T21:21:56","modified_gmt":"2026-01-09T20:21:56","slug":"buerkle-loesemittelpumpe-mini-18-l-min-anschluss-gl45-5603-4000","status":"publish","type":"product","link":"https:\/\/lt-laborhandel.de\/en\/produkt\/buerkle-loesemittelpumpe-mini-18-l-min-anschluss-gl45-5603-4000\/","title":{"rendered":"B\u00fcrkle, L\u00f6semittelpumpe Mini, 1,8 l\/min, Anschluss GL45, #5603-4000"},"content":{"rendered":"<p>L\u00f6semittelpumpe Mini | sicheres Abf\u00fcllen von Kleinmengen<\/p>\n<p>Die L\u00f6semittelpumpe Mini ist eine \u00e4u\u00dferst hochwertige Handpumpe f\u00fcr Kleingebinde wie Flaschen, Kanister und Beh\u00e4lter bis ca. 10 Liter. F\u00fcr sicheres Abf\u00fcllen und Dosieren von L\u00f6semitteln und leichtentz\u00fcndlichen Fl\u00fcssigkeiten.<\/p>\n<p>Einfaches Prinzip &#8211; Gro\u00dfe Wirkung<\/p>\n<p>Die Handpumpe funktioniert nach dem \u00dcberdruck-Prinzip. Mit dem Pumpenball wird ein \u00dcberdruck im Beh\u00e4lter aufgebaut, der die Fl\u00fcssigkeit nach au\u00dfen f\u00f6rdert. So kommen nur Schlauch, F\u00f6rderrohr und Auslauf mit der abzuf\u00fcllenden Fl\u00fcssigkeit in Ber\u00fchrung.<\/p>\n<p>Ein \u00dcberdruckventil sch\u00fctzt die L\u00f6semittelpumpe zur Sicherheit vor \u00fcberm\u00e4\u00dfigem Druckaufbau z.B. durch Sonneneinstrahlung.<\/p>\n<p>Hochwertige Werkstoffe<\/p>\n<p>Alle mediumsber\u00fchrenden Teile dieser Handpumpe sind aus den hochwertigen und inerten Materialien PTFE und Edelstahl (1.4301, 1.4404) gefertigt, die sich durch ihre hervorragende chemische Best\u00e4ndigkeit auszeichnen. Die L\u00f6semittelpumpe Mini eignet sich deshalb besonders gut zum Einsatz mit hochreinen Fl\u00fcssigkeiten sowie leichtentz\u00fcndlichen Medien z. B. Aceton, Isopropanol, Ethanol, Methanol etc.<\/p>\n<p>Abf\u00fcllen in explosionsgef\u00e4hrdeten Zonen<\/p>\n<p>\u00dcber einen B\u00fcschelstecker kann das mitgelieferte Erdungskabel einfach an der L\u00f6semittelpumpe angeschlossen werden, elektrostatische Aufladungen werden abgef\u00fchrt und brennbare Medien k\u00f6nnen gefahrlos abgef\u00fcllt werden.<\/p>\n<p>Flexibel im Einsatz<\/p>\n<p>Mit der L\u00f6semittelpumpe kann aus verschiedensten Beh\u00e4ltergr\u00f6\u00dfen abgef\u00fcllt werden. Der flexible PTFE-Schlauch, der die Fl\u00fcssigkeit aus dem Gebinde f\u00f6rdert, kann auf eine beliebige L\u00e4nge gek\u00fcrzt werden. Dies erm\u00f6glicht eine ideale Restentleerung, auch aus Flaschen und Kanistern mit gew\u00f6lbtem Boden.<\/p>\n<p>Die Handpumpe hat ein GL 45 Standardanschlussgewinde. Mit entsprechenden Gewindeadaptern (Zubeh\u00f6r) kann sie jedoch m\u00fchelos auf Beh\u00e4ltern mit den Gewindegr\u00f6\u00dfen S 40, GL 38 oder GL 32 adaptiert werden.<\/p>\n<p>Pr\u00e4zise Entnahme der Fl\u00fcssigkeit<\/p>\n<p>Der selbstschlie\u00dfende Auslauf (mit Auto-Stopp Funktion) der L\u00f6semittelpumpe Mini erm\u00f6glicht ein absolut pr\u00e4zises Abf\u00fcllen, ganz ohne Nachtropfen. Durch die einfache Dosierung kann sogar in kleinste Beh\u00e4ltnisse z.B. Reagenzgl\u00e4ser problemlos abgef\u00fcllt werden. An der Auslauft\u00fclle kann optional ein Schlauch (innen \u00d8 6 mm) befestigt werden, sodass auch in weiter entfernt stehende Gebinde sicher abgef\u00fcllt werden kann.<\/p>\n<p>Perfekt ausbalanciert<\/p>\n<p>Die L\u00f6semittelpumpe Mini ist besonders kompakt und sehr gut ausbalanciert, ein kippsicheres Abf\u00fcllen auch aus kleinen Gebinden ist somit m\u00f6glich.<\/p>\n<p>Robust und langlebig<\/p>\n<p>Durch ihre robuste Bauart und die hochwertigen Werkstoffe erm\u00f6glicht die langlebige L\u00f6semittelpumpe Mini somit auf einfachste und komfortable Art und Weise ein dauerhaft sicheres und sauberes Abf\u00fcllen.<\/p>\n<p>Ideal f\u00fcr Gebinde 1\u20135 l<\/p>\n<p>Anschlussgewinde GL 45<\/p>\n<p>Mediumsber\u00fchrte Teile aus PTFE und Edelstahl (1.4301, 1.4404)<\/p>\n<p>PTFE-Schlauch (6&#215;8 mm) 0,4 m<\/p>\n<p>Inklusive Erdungskabel 2 m<\/p>\n<p>Adapter auf S 40, GL 38 und GL 32 als Zubeh\u00f6r erh\u00e4ltlich<\/p>\n<p>Sterilit\u00e4t:\tNein<\/p>\n","protected":false},"excerpt":{"rendered":"<p><b>Zubeh\u00f6r- und Ersatzteile erhalten Sie gerne auf Anfrage!<\/b><\/p>\n","protected":false},"featured_media":10782,"template":"","meta":[],"product_brand":[],"product_cat":[218],"product_tag":[],"class_list":{"0":"post-11131","1":"product","2":"type-product","3":"status-publish","4":"has-post-thumbnail","6":"product_cat-fasspumpen","7":"product_shipping_class-standard","9":"first","10":"instock","11":"taxable","12":"shipping-taxable","13":"purchasable","14":"product-type-simple"},"tiered_pricing_type":"fixed","tiered_pricing_fixed_rules":[],"tiered_pricing_product_settings":{"layout":"default","base_unit_name":{"singular":null,"plural":null},"default_variation":null},"tiered_pricing_minimum_quantity":null,"tiered_pricing_roles_data":[],"tiered_pricing_percentage_rules":[],"_links":{"self":[{"href":"https:\/\/lt-laborhandel.de\/en\/wp-json\/wp\/v2\/product\/11131","targetHints":{"allow":["GET"]}}],"collection":[{"href":"https:\/\/lt-laborhandel.de\/en\/wp-json\/wp\/v2\/product"}],"about":[{"href":"https:\/\/lt-laborhandel.de\/en\/wp-json\/wp\/v2\/types\/product"}],"wp:featuredmedia":[{"embeddable":true,"href":"https:\/\/lt-laborhandel.de\/en\/wp-json\/wp\/v2\/media\/10782"}],"wp:attachment":[{"href":"https:\/\/lt-laborhandel.de\/en\/wp-json\/wp\/v2\/media?parent=11131"}],"wp:term":[{"taxonomy":"product_brand","embeddable":true,"href":"https:\/\/lt-laborhandel.de\/en\/wp-json\/wp\/v2\/product_brand?post=11131"},{"taxonomy":"product_cat","embeddable":true,"href":"https:\/\/lt-laborhandel.de\/en\/wp-json\/wp\/v2\/product_cat?post=11131"},{"taxonomy":"product_tag","embeddable":true,"href":"https:\/\/lt-laborhandel.de\/en\/wp-json\/wp\/v2\/product_tag?post=11131"}],"curies":[{"name":"wp","href":"https:\/\/api.w.org\/{rel}","templated":true}]}}